{"id":2109,"date":"2020-11-20T16:39:38","date_gmt":"2020-11-20T14:39:38","guid":{"rendered":"https:\/\/gbwn.net\/?page_id=2109"},"modified":"2023-06-15T13:50:09","modified_gmt":"2023-06-15T11:50:09","slug":"regionalna-mreza","status":"publish","type":"page","link":"https:\/\/gbwn.net\/sr\/regionalna-mreza\/","title":{"rendered":"Regionalna mre\u017ea"},"content":{"rendered":"\t\t<div data-elementor-type=\"wp-page\" data-elementor-id=\"2109\" class=\"elementor elementor-2109\" data-elementor-post-type=\"page\">\n\t\t\t\t\t\t<section class=\"elementor-section elementor-top-section elementor-element elementor-element-7614dc5 elementor-section-boxed elementor-section-height-default elementor-section-height-default\" data-id=\"7614dc5\" data-element_type=\"section\" data-e-type=\"section\">\n\t\t\t\t\t\t<div class=\"elementor-container elementor-column-gap-default\">\n\t\t\t\t\t<div class=\"elementor-column elementor-col-100 elementor-top-column elementor-element elementor-element-494a55f\" data-id=\"494a55f\" data-element_type=\"column\" data-e-type=\"column\">\n\t\t\t<div class=\"elementor-widget-wrap elementor-element-populated\">\n\t\t\t\t\t\t<div class=\"elementor-element elementor-element-c7bd37f elementor-widget elementor-widget-text-editor\" data-id=\"c7bd37f\" data-element_type=\"widget\" data-e-type=\"widget\" data-widget_type=\"text-editor.default\">\n\t\t\t\t<div class=\"elementor-widget-container\">\n\t\t\t\t\t\t\t\t\t<p>Gender Budget Watchdog Network regionalna je mre\u017ea koja nastoji unaprijediti rodno odgovorno bud\u017eetiranje na Zapadnom Balkanu i u Republici Moldaviji, u smjeru efikasnijeg, transparentnijeg i pravednijeg kori\u0161tenja sredstava u korist \u017eena i mu\u0161karaca. Mre\u017ea svoje ciljeve posti\u017ee izgradnjom znanja i prihva\u0107anjem feministi\u010dke ekonomije, kao i istra\u017eivanjima koja uklju\u010duju rodnu analizu, razmjenu iskustava, suradnjom s drugim zainteresiranim stranama, ja\u010danjem kapaciteta za rodno odgovorno bud\u017eetiranje, zagovaranje i analizu politika.<\/p><p>Zami\u0161ljamo svijet u kojem se sredstva raspore\u0111uju na u\u010dinkovit, transparentan, pravedan i pravi\u010dan na\u010din koji koristi i zadovoljava potrebe razli\u010ditih mu\u0161karaca, dje\u010daka, \u017eena i djevoj\u010dica.<\/p><p>Postoje tri opcije za pro\u0161irenje GBWN mre\u017ee: kroz pojedina\u010dnu prijavu ROB projekata, organizacija ili stru\u010dnjaka\/stru\u010dnjakinja.<\/p><p>Pre nego \u0161to zavr\u0161ite registraciju, molimo Vas da pro\u010ditate <a href=\"https:\/\/gbwn.net\/wp-content\/uploads\/2022\/07\/GBWN-STATUTE-voted-by-Assembly.pdf\">Statut<\/a> i <a href=\"https:\/\/gbwn.net\/wp-content\/uploads\/2022\/07\/GBWN-Code-of-Conduct_26062022.docx\">Kodeks pona\u0161anja<\/a> GBWN-a kako biste se upoznali sa uslovima za \u010dlanstvo i principima mre\u017ee<\/p><p><strong>Tutorijal za registraciju<\/strong><\/p><p><em>Registracija organizacije<\/em><\/p><p>Postavite mi\u0161 na karticu glavnog menija Regionalne mre\u017ee, a zatim odaberite dr\u017eavu u kojoj se organizacija nalazi &#8211; na primjer Sjeverna Makedonija. Nakon toga, podkartica \u0107e prikazati tri opcije (kao na fotografiji). Odaberite Registracija organizacije. Morate popuniti sva obavezna polja s kratkim opisom Va\u0161e organizacije. Kada zavr\u0161ite registraciju, potvrdite svoj unos klikom na link za potvrdu u prijemnom sandu\u010detu e-po\u0161te koju ste koristili za registraciju. Nakon toga, administrator GBWN-a \u0107e odobriti Va\u0161 unos i profil Va\u0161e organizacije \u0107e se prikazati na e-platformi.<\/p><p><img fetchpriority=\"high\" decoding=\"async\" class=\"aligncenter wp-image-3942 size-large\" src=\"https:\/\/gbwn.net\/wp-content\/uploads\/2021\/09\/org-1024x346.png\" alt=\"\" width=\"1024\" height=\"346\" srcset=\"https:\/\/gbwn.net\/wp-content\/uploads\/2021\/09\/org-1024x346.png 1024w, https:\/\/gbwn.net\/wp-content\/uploads\/2021\/09\/org-300x101.png 300w, https:\/\/gbwn.net\/wp-content\/uploads\/2021\/09\/org-768x259.png 768w, https:\/\/gbwn.net\/wp-content\/uploads\/2021\/09\/org-825x278.png 825w, https:\/\/gbwn.net\/wp-content\/uploads\/2021\/09\/org-600x202.png 600w, https:\/\/gbwn.net\/wp-content\/uploads\/2021\/09\/org-400x135.png 400w, https:\/\/gbwn.net\/wp-content\/uploads\/2021\/09\/org.png 1301w\" sizes=\"(max-width: 1024px) 100vw, 1024px\" \/><\/p><p><img decoding=\"async\" class=\"aligncenter wp-image-3948 size-full\" src=\"https:\/\/gbwn.net\/wp-content\/uploads\/2021\/09\/step-4-768x392-1.png\" alt=\"\" width=\"768\" height=\"392\" srcset=\"https:\/\/gbwn.net\/wp-content\/uploads\/2021\/09\/step-4-768x392-1.png 768w, https:\/\/gbwn.net\/wp-content\/uploads\/2021\/09\/step-4-768x392-1-300x153.png 300w, https:\/\/gbwn.net\/wp-content\/uploads\/2021\/09\/step-4-768x392-1-600x306.png 600w, https:\/\/gbwn.net\/wp-content\/uploads\/2021\/09\/step-4-768x392-1-400x204.png 400w\" sizes=\"(max-width: 768px) 100vw, 768px\" \/><\/p><p><em>Registracija projekta<\/em><\/p><p>Postavite mi\u0161 na karticu glavnog izbornika u Regionalnoj mre\u017ei, a zatim odaberite dr\u017eavu u kojoj se projekt trenutno vodi &#8211; na primjer Republika Moldavija. Nakon toga, otvorit \u0107e se tri opcije (kao na fotografiji). Odaberite Registracija projekta. Morate popuniti sva obavezna polja s opisom Va\u0161eg projekta vezanog za ROB i\/ili rodnu ravnopravnost. Kada zavr\u0161ite registraciju, potvrdite svoj unos klikom na link za potvrdu u prijemnom sandu\u010detu e-po\u0161te koju ste koristili za registraciju. Nakon toga, administrator GBWN-a \u0107e odobriti Va\u0161 unos i podaci o projektu \u0107e se prikazati na e-platformi<\/p><p>.<img decoding=\"async\" class=\"aligncenter wp-image-3954 size-large\" src=\"https:\/\/gbwn.net\/wp-content\/uploads\/2021\/09\/reg_pro-1024x295.png\" alt=\"\" width=\"1024\" height=\"295\" srcset=\"https:\/\/gbwn.net\/wp-content\/uploads\/2021\/09\/reg_pro-1024x295.png 1024w, https:\/\/gbwn.net\/wp-content\/uploads\/2021\/09\/reg_pro-300x86.png 300w, https:\/\/gbwn.net\/wp-content\/uploads\/2021\/09\/reg_pro-768x221.png 768w, https:\/\/gbwn.net\/wp-content\/uploads\/2021\/09\/reg_pro-825x238.png 825w, https:\/\/gbwn.net\/wp-content\/uploads\/2021\/09\/reg_pro-600x173.png 600w, https:\/\/gbwn.net\/wp-content\/uploads\/2021\/09\/reg_pro-400x115.png 400w, https:\/\/gbwn.net\/wp-content\/uploads\/2021\/09\/reg_pro.png 1315w\" sizes=\"(max-width: 1024px) 100vw, 1024px\" \/><\/p><p><img loading=\"lazy\" decoding=\"async\" class=\"aligncenter wp-image-3959 size-full\" src=\"https:\/\/gbwn.net\/wp-content\/uploads\/2021\/09\/download-4.png\" alt=\"\" width=\"624\" height=\"340\" srcset=\"https:\/\/gbwn.net\/wp-content\/uploads\/2021\/09\/download-4.png 624w, https:\/\/gbwn.net\/wp-content\/uploads\/2021\/09\/download-4-300x163.png 300w, https:\/\/gbwn.net\/wp-content\/uploads\/2021\/09\/download-4-600x327.png 600w, https:\/\/gbwn.net\/wp-content\/uploads\/2021\/09\/download-4-400x218.png 400w\" sizes=\"(max-width: 624px) 100vw, 624px\" \/><\/p><p><em>Registracija stru\u010dnjaka\/stru\u010dnjakinja<\/em><\/p><p>Postavite mi\u0161 na karticu glavnog izbornika u Regionalnoj mre\u017ei, a zatim odaberite zemlju u kojoj radite kao stru\u010dnjak\/stru\u010dnjakinja. U slu\u010daju da radite u razli\u010ditim zemljama, odaberite svoju dr\u017eavu prema dr\u017eavljanstvu\/prebivali\u0161tu, ali u opisu navedite geografska podru\u010dja na kojima djelujete. Odaberite Registracija stru\u010dnjaka\/kinja. Morate popuniti sva potrebna polja kratkim odgovorima koji obja\u0161njavaju Va\u0161e iskustvo, obrazovanje i stru\u010dnost u polju rodno odgovornog bud\u017eetiranja i\/ili rodnoj ravnopravnosti. Kada zavr\u0161ite registraciju, potvrdite svoj unos klikom na link za potvrdu u prijemnom sandu\u010detu e-po\u0161te koju ste koristili za registraciju. Nakon toga, administrator GBWN-a odobrava Va\u0161 unos i Va\u0161 profil \u0107e biti prikazan na e-platformi.<\/p><p><img loading=\"lazy\" decoding=\"async\" class=\"aligncenter wp-image-3964 size-large\" src=\"https:\/\/gbwn.net\/wp-content\/uploads\/2021\/09\/struc-1024x402.png\" alt=\"\" width=\"1024\" height=\"402\" srcset=\"https:\/\/gbwn.net\/wp-content\/uploads\/2021\/09\/struc-1024x402.png 1024w, https:\/\/gbwn.net\/wp-content\/uploads\/2021\/09\/struc-300x118.png 300w, https:\/\/gbwn.net\/wp-content\/uploads\/2021\/09\/struc-768x301.png 768w, https:\/\/gbwn.net\/wp-content\/uploads\/2021\/09\/struc-825x324.png 825w, https:\/\/gbwn.net\/wp-content\/uploads\/2021\/09\/struc-600x235.png 600w, https:\/\/gbwn.net\/wp-content\/uploads\/2021\/09\/struc-400x157.png 400w, https:\/\/gbwn.net\/wp-content\/uploads\/2021\/09\/struc.png 1308w\" sizes=\"(max-width: 1024px) 100vw, 1024px\" \/><\/p><p><img loading=\"lazy\" decoding=\"async\" class=\"aligncenter wp-image-3969 size-full\" src=\"https:\/\/gbwn.net\/wp-content\/uploads\/2021\/09\/step-5-768x390-1.png\" alt=\"\" width=\"768\" height=\"390\" srcset=\"https:\/\/gbwn.net\/wp-content\/uploads\/2021\/09\/step-5-768x390-1.png 768w, https:\/\/gbwn.net\/wp-content\/uploads\/2021\/09\/step-5-768x390-1-300x152.png 300w, https:\/\/gbwn.net\/wp-content\/uploads\/2021\/09\/step-5-768x390-1-600x305.png 600w, https:\/\/gbwn.net\/wp-content\/uploads\/2021\/09\/step-5-768x390-1-400x203.png 400w\" sizes=\"(max-width: 768px) 100vw, 768px\" \/><\/p><p><strong>(!) NAPOMENA: U SLU\u010cAJU KADA SE JEDNA OSOBA \u017dELI PRIJAVITI NA VI\u0160E OPCIJA (ORGANIZACIJA, PROJEKAT, STRU\u010cNJAK\/INJA), PRIJAVLJUJE SE S RAZLI\u010cITIH ADRESA E-PO\u0160TE IZ SIGURNOSNIH RAZLOGA.<\/strong><\/p>\t\t\t\t\t\t\t\t<\/div>\n\t\t\t\t<\/div>\n\t\t\t\t\t<\/div>\n\t\t<\/div>\n\t\t\t\t\t<\/div>\n\t\t<\/section>\n\t\t\t\t<\/div>\n\t\t","protected":false},"excerpt":{"rendered":"<p>Gender Budget Watchdog Network regionalna je mre\u017ea koja nastoji unaprijediti rodno odgovorno bud\u017eetiranje na Zapadnom Balkanu i u Republici Moldaviji, u smjeru efikasnijeg, transparentnijeg i pravednijeg kori\u0161tenja sredstava u korist \u017eena i mu\u0161karaca. Mre\u017ea svoje ciljeve posti\u017ee izgradnjom znanja i prihva\u0107anjem feministi\u010dke ekonomije, kao i istra\u017eivanjima koja uklju\u010duju rodnu analizu, razmjenu iskustava, suradnjom s drugim [&hellip;]<\/p>\n","protected":false},"author":5,"featured_media":0,"parent":0,"menu_order":0,"comment_status":"closed","ping_status":"closed","template":"elementor_header_footer","meta":{"_monsterinsights_skip_tracking":false,"_monsterinsights_sitenote_active":false,"_monsterinsights_sitenote_note":"","_monsterinsights_sitenote_category":0,"footnotes":""},"class_list":["post-2109","page","type-page","status-publish","hentry"],"_links":{"self":[{"href":"https:\/\/gbwn.net\/sr\/wp-json\/wp\/v2\/pages\/2109","targetHints":{"allow":["GET"]}}],"collection":[{"href":"https:\/\/gbwn.net\/sr\/wp-json\/wp\/v2\/pages"}],"about":[{"href":"https:\/\/gbwn.net\/sr\/wp-json\/wp\/v2\/types\/page"}],"author":[{"embeddable":true,"href":"https:\/\/gbwn.net\/sr\/wp-json\/wp\/v2\/users\/5"}],"replies":[{"embeddable":true,"href":"https:\/\/gbwn.net\/sr\/wp-json\/wp\/v2\/comments?post=2109"}],"version-history":[{"count":9,"href":"https:\/\/gbwn.net\/sr\/wp-json\/wp\/v2\/pages\/2109\/revisions"}],"predecessor-version":[{"id":5502,"href":"https:\/\/gbwn.net\/sr\/wp-json\/wp\/v2\/pages\/2109\/revisions\/5502"}],"wp:attachment":[{"href":"https:\/\/gbwn.net\/sr\/wp-json\/wp\/v2\/media?parent=2109"}],"curies":[{"name":"wp","href":"https:\/\/api.w.org\/{rel}","templated":true}]}}