{"id":1922,"date":"2020-11-20T10:51:02","date_gmt":"2020-11-20T08:51:02","guid":{"rendered":"https:\/\/gbwn.net\/?page_id=1922"},"modified":"2024-10-03T17:26:43","modified_gmt":"2024-10-03T15:26:43","slug":"organizacije-clanice-mreze","status":"publish","type":"page","link":"https:\/\/gbwn.net\/sr\/organizacije-clanice-mreze\/","title":{"rendered":"Organizacije \u010dlanice mre\u017ee"},"content":{"rendered":"\t\t<div data-elementor-type=\"wp-post\" data-elementor-id=\"1922\" class=\"elementor elementor-1922\" data-elementor-post-type=\"page\">\n\t\t\t\t<div class=\"elementor-element elementor-element-1337db6 e-flex e-con-boxed e-con e-parent\" data-id=\"1337db6\" data-element_type=\"container\" data-e-type=\"container\" data-settings=\"{&quot;background_background&quot;:&quot;classic&quot;}\">\n\t\t\t\t\t<div class=\"e-con-inner\">\n\t\t<div class=\"elementor-element elementor-element-0bc2384 e-con-full e-flex e-con e-child\" data-id=\"0bc2384\" data-element_type=\"container\" data-e-type=\"container\">\n\t\t\t\t<div class=\"elementor-element elementor-element-7eb04cc elementor-headline--style-highlight elementor-widget elementor-widget-animated-headline\" data-id=\"7eb04cc\" data-element_type=\"widget\" data-e-type=\"widget\" data-settings=\"{&quot;marker&quot;:&quot;curly&quot;,&quot;highlighted_text&quot;:&quot;Organizacije &quot;,&quot;headline_style&quot;:&quot;highlight&quot;,&quot;highlight_animation_duration&quot;:1200}\" data-widget_type=\"animated-headline.default\">\n\t\t\t\t<div class=\"elementor-widget-container\">\n\t\t\t\t\t\t\t<h3 class=\"elementor-headline\">\n\t\t\t\t<span class=\"elementor-headline-dynamic-wrapper elementor-headline-text-wrapper\">\n\t\t\t\t\t<span class=\"elementor-headline-dynamic-text elementor-headline-text-active\">Organizacije <\/span>\n\t\t\t\t<\/span>\n\t\t\t\t\t<span class=\"elementor-headline-plain-text elementor-headline-text-wrapper\">\u010dlanice mre\u017ee<\/span>\n\t\t\t\t\t<\/h3>\n\t\t\t\t\t\t<\/div>\n\t\t\t\t<\/div>\n\t\t\t\t<\/div>\n\t\t<div class=\"elementor-element elementor-element-f103990 e-flex e-con-boxed e-con e-child\" data-id=\"f103990\" data-element_type=\"container\" data-e-type=\"container\">\n\t\t\t\t\t<div class=\"e-con-inner\">\n\t\t<div class=\"elementor-element elementor-element-6fccddc e-con-full e-flex e-con e-child\" data-id=\"6fccddc\" data-element_type=\"container\" data-e-type=\"container\">\n\t\t\t\t<div class=\"elementor-element elementor-element-77b825d elementor-widget elementor-widget-heading\" data-id=\"77b825d\" data-element_type=\"widget\" data-e-type=\"widget\" data-widget_type=\"heading.default\">\n\t\t\t\t<div class=\"elementor-widget-container\">\n\t\t\t\t\t<h2 class=\"elementor-heading-title elementor-size-default\">Sjeverna Makedonija<\/h2>\t\t\t\t<\/div>\n\t\t\t\t<\/div>\n\t\t\t\t<div class=\"elementor-element elementor-element-6f69294 elementor-widget elementor-widget-text-editor\" data-id=\"6f69294\" data-element_type=\"widget\" data-e-type=\"widget\" data-widget_type=\"text-editor.default\">\n\t\t\t\t<div class=\"elementor-widget-container\">\n\t\t\t\t\t\t\t\t\t<table class=\"mainTable\"><tbody><tr><th><p>#<\/p><\/th><th><p><strong>Naziv organizacije<\/strong><\/p><\/th><th><p><strong>Odgovorna osoba<\/strong><\/p><\/th><th><p><strong>Polje djelovanja<\/strong><\/p><\/th><\/tr><tr><td><p>1<\/p><\/td><td><p>Journalists for human rights<\/p><\/td><td><p>Natasha Dokovska<\/p><\/td><td><p>Novinari i novinarke; ljudska prava;;<\/p><\/td><\/tr><tr><td><p>2<\/p><\/td><td><p>Roma Women&#8217;s and Youth Association &#8222;Luludi&#8220;<\/p><\/td><td><p>Ines Amet<\/p><\/td><td><p>Romska prava;<\/p><\/td><\/tr><tr><td><p>3<\/p><\/td><td><p>Regional Environmental Center<\/p><\/td><td><p>Tamara Radovanovic<\/p><\/td><td><p>Za\u0161tita okoli\u0161a;<\/p><\/td><\/tr><tr><td><p>4<\/p><\/td><td><p>IMPETUS &#8211; Center for Internet, Development and Good Management \u201d<\/p><\/td><td><p>Liljana Pecova Ilieska<\/p><\/td><td><p>Cyber sigurnost; ispravno upravljanje;<\/p><\/td><\/tr><tr><td><p>5<\/p><\/td><td><p>MACEF<\/p><\/td><td><p>Makedonka Donna Dimitrova<\/p><\/td><td><p>Okoli\u0161; odr\u017eiva energija;<\/p><\/td><\/tr><tr><td><p>6<\/p><\/td><td><p>Radar<\/p><\/td><td><p>Gordana Nestorovska<\/p><\/td><td><p>Rodna ravnopravnost; odr\u017eivi razvoj;<\/p><\/td><\/tr><tr><td><p>7<\/p><\/td><td><p>Reactor<\/p><\/td><td><p>Neda Petkovska<\/p><\/td><td><p>Rodna ravnopravnost;<\/p><\/td><\/tr><tr><td><p>8<\/p><\/td><td><p>Rural coalition<\/p><\/td><td><p>Natasha Dimeska<\/p><\/td><td><p>Ruralni razvoj; odr\u017eiva poljoprivreda;<\/p><\/td><\/tr><tr><td><p>9<\/p><\/td><td><p>EHO-Stip<\/p><\/td><td><p>Beti Peeva<\/p><\/td><td><p>Rodna ravnopravnost; zaustavljanje nasilja nad \u017eenama i djevoj\u010dicama;<\/p><\/td><\/tr><tr><td><p>10<\/p><\/td><td><p>Procurare<\/p><\/td><td><p>Martina Grncharevska<\/p><\/td><td><p>Javne financije i nabavke; monitoring javnih sredstava;<\/p><\/td><\/tr><tr><td><p>11<\/p><\/td><td><p>Fokus<\/p><\/td><td><p>Ubavka Janevska<\/p><\/td><td><p>Upravljanje; filantropija; ja\u010danje institucija; regionalna suradnja;<\/p><\/td><\/tr><tr><td><p>12<\/p><\/td><td><p>Finance think<\/p><\/td><td><p>Natasa Pavicevic Stojmenovska<\/p><\/td><td><p>Javne financije i nabavke; monitoring javnih sredstava;<\/p><\/td><\/tr><tr><td><p>13<\/p><\/td><td><p>Youth Alliance<\/p><\/td><td><p>Nebojsa Zaharievski<\/p><\/td><td><p>Politike za mlade; anga\u017eman mladih; aktivizam mladih;<\/p><\/td><\/tr><\/tbody><\/table>\t\t\t\t\t\t\t\t<\/div>\n\t\t\t\t<\/div>\n\t\t\t\t<\/div>\n\t\t<div class=\"elementor-element elementor-element-692a842 e-con-full e-flex e-con e-child\" data-id=\"692a842\" data-element_type=\"container\" data-e-type=\"container\">\n\t\t\t\t<div class=\"elementor-element elementor-element-d750222 elementor-widget elementor-widget-heading\" data-id=\"d750222\" data-element_type=\"widget\" data-e-type=\"widget\" data-widget_type=\"heading.default\">\n\t\t\t\t<div class=\"elementor-widget-container\">\n\t\t\t\t\t<h2 class=\"elementor-heading-title elementor-size-default\">Albanija<\/h2>\t\t\t\t<\/div>\n\t\t\t\t<\/div>\n\t\t\t\t<div class=\"elementor-element elementor-element-2d311f2 elementor-widget elementor-widget-text-editor\" data-id=\"2d311f2\" data-element_type=\"widget\" data-e-type=\"widget\" data-widget_type=\"text-editor.default\">\n\t\t\t\t<div class=\"elementor-widget-container\">\n\t\t\t\t\t\t\t\t\t<table class=\"mainTable\"><tbody><tr><th>#<\/th><th><strong>Naziv organizacije\u00a0\u00a0\u00a0\u00a0\u00a0\u00a0\u00a0\u00a0\u00a0\u00a0\u00a0\u00a0\u00a0 <\/strong><\/th><th><strong>Odgovorna osoba<\/strong><\/th><th><strong>Polje djelovanja<\/strong><\/th><\/tr><tr><td>1<\/td><td>Woman\u2019s Forum Elbasan, Elbasan<\/td><td>\u00a0<\/td><td>Nasilje u porodici, lokalna samouprava, op\u0107ine;<\/td><\/tr><tr><td>2<\/td><td>Vlora Youth Center, Vlora<\/td><td>\u00a0<\/td><td>Razvoj mladih i prava, lokalna vlast, turizam;<\/td><\/tr><tr><td>3<\/td><td>Civil Society Development Center, Durres<\/td><td>\u00a0<\/td><td>Razvoj omladinskih i gra\u0111anskih organizacija, ljudska prava, dobra uprava, ruralni razvoj;<\/td><\/tr><tr><td>4<\/td><td>Positive Development Partnership \u2013 PDP, Tirana<\/td><td>\u00a0<\/td><td>Rodno bud\u017eetiranje, alati i monitoring rodno odgovornog bud\u017eetiranja;<\/td><\/tr><tr><td>5<\/td><td>Coalition for Free and Fair Elections and for Sustainable Development (CCFESD), Nationwide<\/td><td>\u00a0<\/td><td>Slobodni i fer izbori, financiranje politi\u010dkih stranaka, monitoring op\u0107inskih bud\u017eeta;<\/td><\/tr><tr><td>6<\/td><td>Act for Society<\/td><td>\u00a0<\/td><td>Omladinska politika;<\/td><\/tr><tr><td>7<\/td><td>Woman to Woman, Shkodra<\/td><td>\u00a0<\/td><td>Nasilje u porodici, lokalna samouprava;<\/td><\/tr><tr><td>8<\/td><td>Development Alternative Research Center<\/td><td>\u00a0<\/td><td>Statisti\u010dka istra\u017eivanja, javne usluge, lokalna samouprava;<\/td><\/tr><tr><td>9<\/td><td>New Impact<\/td><td>\u00a0<\/td><td>Tehnologija i inovacije, za\u0161tita ljudskih prava i rodne ravnopravnosti, za\u0161tita okoli\u0161a, razvoj turizma, kulturno naslije\u0111e, javni i privatni sektor, higijena i zdravlje;<\/td><\/tr><tr><td>10<\/td><td>Woman, Community, Environment<\/td><td>\u00a0<\/td><td>Efikasno i aktivno u\u010de\u0161\u0107e \u017eena i djevoj\u010dica u dru\u0161tveno-ekonomskom i politi\u010dkom razvoju Albanije i regije;<\/td><\/tr><tr><td>11<\/td><td>Youth for Integration, Activation, Awareness<\/td><td>\u00a0<\/td><td>Rodna ravnopravnost;<\/td><\/tr><tr><td>12<\/td><td>New Bridges, Fier<\/td><td>\u00a0<\/td><td>Za\u0161tita od nasilja u porodici;<\/td><\/tr><tr><td>13<\/td><td>Citizen\u2019s Voice<\/td><td>\u00a0<\/td><td>Rodno i participatorno bud\u017eetiranje;<\/td><\/tr><\/tbody><\/table>\t\t\t\t\t\t\t\t<\/div>\n\t\t\t\t<\/div>\n\t\t\t\t<\/div>\n\t\t<div class=\"elementor-element elementor-element-e4a11ff e-con-full e-flex e-con e-child\" data-id=\"e4a11ff\" data-element_type=\"container\" data-e-type=\"container\">\n\t\t\t\t<div class=\"elementor-element elementor-element-14306ea elementor-widget elementor-widget-heading\" data-id=\"14306ea\" data-element_type=\"widget\" data-e-type=\"widget\" data-widget_type=\"heading.default\">\n\t\t\t\t<div class=\"elementor-widget-container\">\n\t\t\t\t\t<h2 class=\"elementor-heading-title elementor-size-default\">Moldavija<\/h2>\t\t\t\t<\/div>\n\t\t\t\t<\/div>\n\t\t\t\t<div class=\"elementor-element elementor-element-544b234 elementor-widget elementor-widget-text-editor\" data-id=\"544b234\" data-element_type=\"widget\" data-e-type=\"widget\" data-widget_type=\"text-editor.default\">\n\t\t\t\t<div class=\"elementor-widget-container\">\n\t\t\t\t\t\t\t\t\t<table class=\"mainTable\">\n<tbody>\n<tr>\n<th>#<\/th>\n<th><strong>Naziv organizacije\u00a0\u00a0\u00a0\u00a0\u00a0\u00a0\u00a0\u00a0\u00a0\u00a0\u00a0\u00a0\u00a0 <\/strong><\/th>\n<th><strong>Odgovorna osoba<\/strong><\/th>\n<th><strong>Polje djelovanja<\/strong><\/th>\n<\/tr>\n<tr>\n<td>1<\/td>\n<td>LEX XXI<\/td>\n<td><\/td>\n<td>Demokratija; ljudska prava;<\/td>\n<\/tr>\n<tr>\n<td>2<\/td>\n<td>Centrul Parteneriat pentru Dezvoltare<\/td>\n<td><\/td>\n<td>Rodna ravnopravnost;<\/td>\n<\/tr>\n<tr>\n<td>3<\/td>\n<td>Women Police Association<\/td>\n<td><\/td>\n<td>Rodna ravnopravnost;<\/td>\n<\/tr>\n<tr>\n<td>4<\/td>\n<td>Eco Contact<\/td>\n<td><\/td>\n<td>Okoli\u0161;<\/td>\n<\/tr>\n<tr>\n<td>5<\/td>\n<td>Alliance of Organizations for Persons with Disabilities (AOPD)<\/td>\n<td><\/td>\n<td>Ljudska prava (invaliditet);<\/td>\n<\/tr>\n<tr>\n<td>6<\/td>\n<td>Institutum Virtutes Civilis (IVC)<\/td>\n<td><\/td>\n<td>Demokratija;<\/td>\n<\/tr>\n<tr>\n<td>7<\/td>\n<td>Expert group<\/td>\n<td><\/td>\n<td>Javne politike;<\/td>\n<\/tr>\n<tr>\n<td>8<\/td>\n<td>Alliance of Organizations for Persons with Disabilities (AOPD)<\/td>\n<td><\/td>\n<td>Osobe s invaliditetom;<\/td>\n<\/tr>\n<tr>\n<td>9<\/td>\n<td>Platforma pentru egalitate de gen (PEG)<\/td>\n<td><\/td>\n<td>Rodna ravnopravnost;<\/td>\n<\/tr>\n<tr>\n<td>10<\/td>\n<td>Genesis<\/td>\n<td><\/td>\n<td>Razvoj dru\u0161tva;<\/td>\n<\/tr>\n<tr>\n<td>11<\/td>\n<td>Asocia\u0163ia inginerilor de instala\u0163ii din Republica Moldova (AIIRM)<\/td>\n<td><\/td>\n<td>In\u017eenjering; okoli\u0161;<\/td>\n<\/tr>\n<\/tbody>\n<\/table>\t\t\t\t\t\t\t\t<\/div>\n\t\t\t\t<\/div>\n\t\t\t\t<\/div>\n\t\t<div class=\"elementor-element elementor-element-81a6633 e-con-full e-flex e-con e-child\" data-id=\"81a6633\" data-element_type=\"container\" data-e-type=\"container\">\n\t\t\t\t<div class=\"elementor-element elementor-element-dbe8354 elementor-widget elementor-widget-heading\" data-id=\"dbe8354\" data-element_type=\"widget\" data-e-type=\"widget\" data-widget_type=\"heading.default\">\n\t\t\t\t<div class=\"elementor-widget-container\">\n\t\t\t\t\t<h2 class=\"elementor-heading-title elementor-size-default\">Srbija<\/h2>\t\t\t\t<\/div>\n\t\t\t\t<\/div>\n\t\t\t\t<div class=\"elementor-element elementor-element-d21ec11 elementor-widget elementor-widget-text-editor\" data-id=\"d21ec11\" data-element_type=\"widget\" data-e-type=\"widget\" data-widget_type=\"text-editor.default\">\n\t\t\t\t<div class=\"elementor-widget-container\">\n\t\t\t\t\t\t\t\t\t<table class=\"mainTable\">\n<tbody>\n<tr>\n<th>#<\/th>\n<th><strong>Naziv organizacije\u00a0\u00a0\u00a0\u00a0\u00a0\u00a0\u00a0\u00a0\u00a0\u00a0\u00a0\u00a0\u00a0 <\/strong><\/th>\n<th><strong>Odgovorna osoba \u00a0 \u00a0 \u00a0 \u00a0\u00a0<\/strong><\/th>\n<th><strong>Polje djelovanja<\/strong><\/th>\n<\/tr>\n<tr>\n<td width=\"49\">1<\/td>\n<td width=\"172\">Fenomena<\/td>\n<td width=\"145\"><\/td>\n<td width=\"276\">Osna\u017eivanje \u017eena, rodno odgovorno bud\u017eetiranje, osna\u017eivanje \u017eena iz ruralnih podru\u010dja;<\/td>\n<\/tr>\n<tr>\n<td width=\"49\">2<\/td>\n<td width=\"172\">CEP<\/td>\n<td width=\"145\"><\/td>\n<td width=\"276\">EU integracije, javna politika, reforma javne uprave;<\/td>\n<\/tr>\n<tr>\n<td width=\"49\">3<\/td>\n<td width=\"172\">Partneri Srbija<\/td>\n<td width=\"145\"><\/td>\n<td width=\"276\">Vladavina prava, transparentnost, medijacija, rje\u0161avanje sukoba;<\/td>\n<\/tr>\n<tr>\n<td width=\"49\">4<\/td>\n<td width=\"172\">Femplatz<\/td>\n<td width=\"145\"><\/td>\n<td width=\"276\">\u017denska prava, borba protiv nasilja nad \u017eenama;<\/td>\n<\/tr>\n<tr>\n<td width=\"49\">5<\/td>\n<td width=\"172\">BCBP<\/td>\n<td width=\"145\"><\/td>\n<td width=\"276\">Sigurnost;<\/td>\n<\/tr>\n<tr>\n<td width=\"49\">6<\/td>\n<td width=\"172\">WWF Serbia<\/td>\n<td width=\"145\"><\/td>\n<td width=\"276\">Priroda i za\u0161tita okoli\u0161a;<\/td>\n<\/tr>\n<tr>\n<td width=\"49\">7<\/td>\n<td width=\"172\">Women\u2019s Association<\/td>\n<td width=\"145\"><\/td>\n<td width=\"276\">\u017dene i \u017eene \u017ertve nasilja u porodici; rodna ravnopravnost;<\/td>\n<\/tr>\n<tr>\n<td width=\"49\">8<\/td>\n<td width=\"172\">EUNI, Ni\u0161<\/td>\n<td width=\"145\"><\/td>\n<td width=\"276\">Mladi, neformalno obrazovanje, zagovaranje za rodnu ravnopravnost; ,<\/td>\n<\/tr>\n<tr>\n<td width=\"49\">9<\/td>\n<td width=\"172\">Protecta, Ni\u0161<\/td>\n<td width=\"145\"><\/td>\n<td width=\"276\">Osna\u017eivanje mladih;<\/td>\n<\/tr>\n<tr>\n<td width=\"49\">10<\/td>\n<td width=\"172\">Sa\u010duvajmo selo, Priboj<\/td>\n<td width=\"145\"><\/td>\n<td width=\"276\">Osna\u017eivanje \u017eena iz ruralnih podru\u010dja;<\/td>\n<\/tr>\n<\/tbody>\n<\/table>\t\t\t\t\t\t\t\t<\/div>\n\t\t\t\t<\/div>\n\t\t\t\t<\/div>\n\t\t<div class=\"elementor-element elementor-element-9c95843 e-con-full e-flex e-con e-child\" data-id=\"9c95843\" data-element_type=\"container\" data-e-type=\"container\">\n\t\t\t\t<div class=\"elementor-element elementor-element-e373918 elementor-widget elementor-widget-heading\" data-id=\"e373918\" data-element_type=\"widget\" data-e-type=\"widget\" data-widget_type=\"heading.default\">\n\t\t\t\t<div class=\"elementor-widget-container\">\n\t\t\t\t\t<h2 class=\"elementor-heading-title elementor-size-default\">Crna Gora<\/h2>\t\t\t\t<\/div>\n\t\t\t\t<\/div>\n\t\t\t\t<div class=\"elementor-element elementor-element-94d2f9d elementor-widget elementor-widget-text-editor\" data-id=\"94d2f9d\" data-element_type=\"widget\" data-e-type=\"widget\" data-widget_type=\"text-editor.default\">\n\t\t\t\t<div class=\"elementor-widget-container\">\n\t\t\t\t\t\t\t\t\t<table class=\"mainTable\">\n<tbody>\n<tr>\n<th>#<\/th>\n<th><strong>Naziv organizacije\u00a0\u00a0\u00a0\u00a0\u00a0\u00a0\u00a0\u00a0\u00a0\u00a0\u00a0\u00a0\u00a0 <\/strong><\/th>\n<th><strong>Odgovorna osoba \u00a0 \u00a0 \u00a0 \u00a0\u00a0<\/strong><\/th>\n<th><strong>Polje djelovanja<\/strong><\/th>\n<\/tr>\n<tr>\n<td>1<\/td>\n<td>Active Zone, Cetinje<\/td>\n<td><\/td>\n<td>Za\u0161tita okoli\u0161a, ljudska i manjinska prava, prava \u017eivotinja, podsticanje volontiranja;<\/td>\n<\/tr>\n<tr>\n<td>2<\/td>\n<td>Women Alliance for Development, Nik\u0161i\u0107<\/td>\n<td><\/td>\n<td>Rodna ravnopravnost, socijalna inkluzija, odr\u017eivi razvoj;<\/td>\n<\/tr>\n<tr>\n<td>3<\/td>\n<td>SPES, Podgorica<\/td>\n<td><\/td>\n<td>Demokratija, solidarnost, ljudska prava, kulturni razvoj i socijalna pravda;<\/td>\n<\/tr>\n<tr>\n<td>4<\/td>\n<td>League of women voters, Nik\u0161i\u0107<\/td>\n<td><\/td>\n<td>Pozicija mladih, aktivizam u lokalnim zajednicama, ekonomsko osna\u017eivanje;<\/td>\n<\/tr>\n<tr>\n<td>5<\/td>\n<td>Open dialogue Network (MOD), Podgorica<\/td>\n<td><\/td>\n<td>Demokratizacija, razvoj i monitoring javnih politika;<\/td>\n<\/tr>\n<tr>\n<td>6<\/td>\n<td>NGO Nada, Herceg Novi<\/td>\n<td><\/td>\n<td>Europske integracije Crne Gore;<\/td>\n<\/tr>\n<tr>\n<td>7<\/td>\n<td>Trade Union of Doctors of medicine SDMCG<\/td>\n<td><\/td>\n<td>Prava lije\u010dnika i lije\u010dnica;<\/td>\n<\/tr>\n<tr>\n<td>8<\/td>\n<td>Urban Nova, Herceg Novi<\/td>\n<td><\/td>\n<td>Predstavljanje kulture nenasilja, socijalne inkluzije, pobolj\u0161anja polo\u017eaja \u017eena;<\/td>\n<\/tr>\n<tr>\n<td>9<\/td>\n<td>Initiative for youth with disabilities, IMI Boke<\/td>\n<td><\/td>\n<td>Ljuska prava, socijalna inkluzija;<\/td>\n<\/tr>\n<tr>\n<td>10<\/td>\n<td>Association of Youth with Disabilities of Montenegro- UMHCG<\/td>\n<td><\/td>\n<td>Ljuska prava, socijalna inkluzija;<\/td>\n<\/tr>\n<tr>\n<td>11<\/td>\n<td>Dragulj, Podgorica<\/td>\n<td><\/td>\n<td>Ljudska prava, socijalna inkluzija;<\/td>\n<\/tr>\n<\/tbody>\n<\/table>\t\t\t\t\t\t\t\t<\/div>\n\t\t\t\t<\/div>\n\t\t\t\t<\/div>\n\t\t<div class=\"elementor-element elementor-element-ae40f0c e-con-full e-flex e-con e-child\" data-id=\"ae40f0c\" data-element_type=\"container\" data-e-type=\"container\">\n\t\t\t\t<div class=\"elementor-element elementor-element-aae1456 elementor-widget elementor-widget-heading\" data-id=\"aae1456\" data-element_type=\"widget\" data-e-type=\"widget\" data-widget_type=\"heading.default\">\n\t\t\t\t<div class=\"elementor-widget-container\">\n\t\t\t\t\t<h2 class=\"elementor-heading-title elementor-size-default\">Kosovo<\/h2>\t\t\t\t<\/div>\n\t\t\t\t<\/div>\n\t\t\t\t<div class=\"elementor-element elementor-element-e02775c elementor-widget elementor-widget-text-editor\" data-id=\"e02775c\" data-element_type=\"widget\" data-e-type=\"widget\" data-widget_type=\"text-editor.default\">\n\t\t\t\t<div class=\"elementor-widget-container\">\n\t\t\t\t\t\t\t\t\t<table class=\"mainTable\"><tbody><tr><th>#<\/th><th><strong>Naziv organizacije\u00a0\u00a0\u00a0\u00a0\u00a0\u00a0\u00a0\u00a0\u00a0\u00a0\u00a0\u00a0\u00a0 <\/strong><\/th><th><strong>Odgovorna osoba<\/strong><\/th><th><strong>Polje djelovanja<\/strong><\/th><\/tr><tr><td>1<\/td><td>Organization for Local Reform \u2013 EULOC<\/td><td><p>Melihate Osmani<\/p><p>Florim Brahimi<\/p><\/td><td>Ljudska prava (bez obzira na rod, rasu, jezik, politi\u010dku ili etni\u010dku pozadinu), promocija prava zajednica i integracija u dru\u0161tvo, problemi mladih, dobre prakse upravljanja;<\/td><\/tr><tr><td>2<\/td><td>Women Business Association (WBA)<\/td><td>Olivera Milosevic<\/td><td>Rodna ravnopravnost, lokalna samouprava;<\/td><\/tr><tr><td>3<\/td><td>Mitrovica Women Association for Human Rights (MWAHR)<\/td><td><p>Vetone Veliu<\/p><p>Ylberina Sadiku<\/p><\/td><td>Ekonomsko osna\u017eivanje, ljudska prava, prava \u017eena, prava djece, politi\u010dko osna\u017eivanje, \u017eene u procesima dono\u0161enja odluka;<\/td><\/tr><tr><td>4<\/td><td>Women&#8217;s Association Aureola<\/td><td>Sanije Graj\u00e7evci<\/td><td>Ekonomsko osna\u017eivanje, obrazovanje, rodna ravnopravnost, ljudska prava, prava \u017eena, prava djece;<\/td><\/tr><tr><td>5<\/td><td>GAP Institute<\/td><td><p>Aulona Selishta<\/p><p>Albana Rukolli<\/p><p>Nora Latifi Jashari<\/p><\/td><td>Dobre prakse upravljanja, monitoring rada javnih institucija;<\/td><\/tr><tr><td>6<\/td><td>Democracy for Development (D4D)<\/td><td><p>Blerin\u00eb Ukshini<\/p><p>Rrezarta Krasniqi<\/p><\/td><td>Politike i istra\u017eiva\u010dke analize, dobre prakse upravljanja i javni interes, izbori i politi\u010dke stranke, regionalni dijalog i suradnja;<\/td><\/tr><tr><td>7<\/td><td>Youth Association for Human Rights (YAHR)<\/td><td><p>Ferdian Shala<\/p><p>Bekim Krasniqi<\/p><\/td><td>Demokratija, tolerancija, rodna ravnopravnost;<\/td><\/tr><tr><td>8<\/td><td>Ruka Ruci<\/td><td>Nevenka Rikalo<\/td><td>Ekonomsko osna\u017eivanje, psihosocijalna pomo\u0107, rehabilitacija i reintegracija;<\/td><\/tr><tr><td>9<\/td><td>Association of women returnees \u201cNa\u0161 dom\u201d<\/td><td>Vesna Stajic<\/td><td>Ljudska prava, rodna ravnopravnost, prevencija nasilja u porodici;<\/td><\/tr><tr><td>10<\/td><td>Kosovo Women Initiative<\/td><td><p>Eranda Ba\u00e7i<\/p><p>Ermira Ferizi<\/p><\/td><td>Dobre prakse upravljanja;<\/td><\/tr><tr><td>11<\/td><td>EcoKos Women (EKW)<\/td><td><p>Magbule Hyseni<\/p><p>Flutra Bektashi<\/p><\/td><td>Okoli\u0161, prava \u017eena, rodna ravnopravnost, odr\u017eivo obrazovanje;<\/td><\/tr><\/tbody><\/table>\t\t\t\t\t\t\t\t<\/div>\n\t\t\t\t<\/div>\n\t\t\t\t<\/div>\n\t\t<div class=\"elementor-element elementor-element-80fd1cf e-con-full e-flex e-con e-child\" data-id=\"80fd1cf\" data-element_type=\"container\" data-e-type=\"container\">\n\t\t\t\t<div class=\"elementor-element elementor-element-62a83a0 elementor-widget elementor-widget-heading\" data-id=\"62a83a0\" data-element_type=\"widget\" data-e-type=\"widget\" data-widget_type=\"heading.default\">\n\t\t\t\t<div class=\"elementor-widget-container\">\n\t\t\t\t\t<h2 class=\"elementor-heading-title elementor-size-default\">Bosna i Hercegovina<\/h2>\t\t\t\t<\/div>\n\t\t\t\t<\/div>\n\t\t\t\t<div class=\"elementor-element elementor-element-30eb59a elementor-widget elementor-widget-text-editor\" data-id=\"30eb59a\" data-element_type=\"widget\" data-e-type=\"widget\" data-widget_type=\"text-editor.default\">\n\t\t\t\t<div class=\"elementor-widget-container\">\n\t\t\t\t\t\t\t\t\t<table class=\"mainTable\"><tbody><tr><th>#<\/th><th><strong>Naziv organizacije<\/strong><\/th><th><strong>Odgovorna osoba<\/strong><\/th><th><strong>Polje djelovanja<\/strong><\/th><\/tr><tr><td>1<\/td><td>Women\u2019s organization \u201cNature\u201d<\/td><td>\u017deljana Pjevalica<\/td><td>Rodna ravnopravnost, borba protiv nasilja;<\/td><\/tr><tr><td>2<\/td><td>Association of Business Women of BiH<\/td><td>Lejla Tinji\u0107-Zaimovi\u0107<\/td><td>Osna\u017eivanje \u017eena, ekonomsko osna\u017eivanje;<\/td><\/tr><tr><td>3<\/td><td>Sarajevo Open Center<\/td><td>Dalila Hasanbegovi\u0107<\/td><td>Ljudska prava i socijalna inkluzija, javna politika; LGBTI prava;<\/td><\/tr><tr><td>4<\/td><td>Women\u2019s Association Maja Kravica<\/td><td>Nada Markovi\u0107<\/td><td>Ja\u010danje \u017eena, ekonomsko osna\u017eivanje \u017eena iz ruralnih krajeva;<\/td><\/tr><tr><td>5<\/td><td>Association \u201cDonna\u201d<\/td><td>Fatima Mid\u017ei\u0107<\/td><td>\u017denska prava, rodna ravnopravnost, osna\u017eivanje \u017eena;<\/td><\/tr><tr><td>6<\/td><td>United Women Banja Luka<\/td><td>\u00a0<\/td><td>Spre\u010davanje nasilja nad \u017eenama, ja\u010danje uloge \u017eena u procesu dono\u0161enja odluka;<\/td><\/tr><tr><td>7<\/td><td>Ceterum censeo<\/td><td>Nada Golubovi\u0107<\/td><td>Socijalna za\u0161tita, obrazovanje;<\/td><\/tr><tr><td>8<\/td><td>Women\u2019s organization \u201cMosaic of Culture and Tradition\u201d<\/td><td>\u00a0<\/td><td>Prava \u017eena, spre\u010davanje nasilja nad \u017eenama;<\/td><\/tr><tr><td>9<\/td><td>Association \u201cWomen&#8217;s Vision\u201d<\/td><td>Amela Hajvaz Pozderovi\u0107<\/td><td>Prava \u017eena, rodna ravnopravnost, osna\u017eivanje \u017eena;<\/td><\/tr><tr><td>10<\/td><td>Association \u201cNew Women\u201d<\/td><td>Daliborka Nikoli\u0107<\/td><td>Prava \u017eena, rodna ravnopravnost, osna\u017eivanje \u017eena;<\/td><\/tr><\/tbody><\/table>\t\t\t\t\t\t\t\t<\/div>\n\t\t\t\t<\/div>\n\t\t\t\t<\/div>\n\t\t\t\t\t<\/div>\n\t\t\t\t<\/div>\n\t\t\t\t\t<\/div>\n\t\t\t\t<\/div>\n\t\t\t\t<\/div>\n\t\t","protected":false},"excerpt":{"rendered":"<p>Organizacije \u010dlanice mre\u017ee Sjeverna Makedonija # Naziv organizacije Odgovorna osoba Polje djelovanja 1 Journalists for human rights Natasha Dokovska Novinari i novinarke; ljudska prava;; 2 Roma Women&#8217;s and Youth Association &#8222;Luludi&#8220; Ines Amet Romska prava; 3 Regional Environmental Center Tamara Radovanovic Za\u0161tita okoli\u0161a; 4 IMPETUS &#8211; Center for Internet, Development and Good Management \u201d Liljana [&hellip;]<\/p>\n","protected":false},"author":5,"featured_media":0,"parent":0,"menu_order":0,"comment_status":"closed","ping_status":"closed","template":"elementor_header_footer","meta":{"_monsterinsights_skip_tracking":false,"_monsterinsights_sitenote_active":false,"_monsterinsights_sitenote_note":"","_monsterinsights_sitenote_category":0,"footnotes":""},"class_list":["post-1922","page","type-page","status-publish","hentry"],"_links":{"self":[{"href":"https:\/\/gbwn.net\/sr\/wp-json\/wp\/v2\/pages\/1922","targetHints":{"allow":["GET"]}}],"collection":[{"href":"https:\/\/gbwn.net\/sr\/wp-json\/wp\/v2\/pages"}],"about":[{"href":"https:\/\/gbwn.net\/sr\/wp-json\/wp\/v2\/types\/page"}],"author":[{"embeddable":true,"href":"https:\/\/gbwn.net\/sr\/wp-json\/wp\/v2\/users\/5"}],"replies":[{"embeddable":true,"href":"https:\/\/gbwn.net\/sr\/wp-json\/wp\/v2\/comments?post=1922"}],"version-history":[{"count":9,"href":"https:\/\/gbwn.net\/sr\/wp-json\/wp\/v2\/pages\/1922\/revisions"}],"predecessor-version":[{"id":12979,"href":"https:\/\/gbwn.net\/sr\/wp-json\/wp\/v2\/pages\/1922\/revisions\/12979"}],"wp:attachment":[{"href":"https:\/\/gbwn.net\/sr\/wp-json\/wp\/v2\/media?parent=1922"}],"curies":[{"name":"wp","href":"https:\/\/api.w.org\/{rel}","templated":true}]}}