{"id":2997,"date":"2021-02-22T14:57:15","date_gmt":"2021-02-22T12:57:15","guid":{"rendered":"https:\/\/gbwn.net\/?page_id=2997"},"modified":"2023-06-15T13:50:05","modified_gmt":"2023-06-15T11:50:05","slug":"modulet-e-avancuara-te-bpgj","status":"publish","type":"page","link":"https:\/\/gbwn.net\/sq\/modulet-e-avancuara-te-bpgj\/","title":{"rendered":"Modulet e avancuara t\u00eb BPGJ"},"content":{"rendered":"\t\t<div data-elementor-type=\"wp-post\" data-elementor-id=\"2997\" class=\"elementor elementor-2997\" data-elementor-post-type=\"page\">\n\t\t\t\t\t\t<section class=\"elementor-section elementor-top-section elementor-element elementor-element-3d3bb37 elementor-section-boxed elementor-section-height-default elementor-section-height-default\" data-id=\"3d3bb37\" data-element_type=\"section\" data-e-type=\"section\">\n\t\t\t\t\t\t<div class=\"elementor-container elementor-column-gap-default\">\n\t\t\t\t\t<div class=\"elementor-column elementor-col-100 elementor-top-column elementor-element elementor-element-70d5506\" data-id=\"70d5506\" data-element_type=\"column\" data-e-type=\"column\">\n\t\t\t<div class=\"elementor-widget-wrap elementor-element-populated\">\n\t\t\t\t\t\t<div class=\"elementor-element elementor-element-6b530a4 elementor-widget elementor-widget-text-editor\" data-id=\"6b530a4\" data-element_type=\"widget\" data-e-type=\"widget\" data-widget_type=\"text-editor.default\">\n\t\t\t\t<div class=\"elementor-widget-container\">\n\t\t\t\t\t\t\t\t\t<p>P\u00ebr t&#8217;u regjistruar n\u00eb Modulin e Avancuar t\u00eb BPGJ, gjith\u00e7ka q\u00eb duhet t\u00eb b\u00ebni \u00ebsht\u00eb:<\/p>\n<p>(1) D\u00ebrgoni nj\u00eb e-mail n\u00eb acevska@crpm.org.mk ose n\u00eb&nbsp;<a href=\"mailto:visnjabacanovic@gmail.com\">visnjabacanovic@gmail.com<\/a>&nbsp;n\u00eb t\u00eb cilin do t\u00eb listoni detajet e m\u00ebposhtme:<\/p>\n<ul>\n<li>Emrin dhe mbiemrin;<\/li>\n<li>Shtetin nga jeni;<\/li>\n<li>Motivim t\u00eb shkurt\u00ebr se p\u00ebrse d\u00ebshironi t\u00eb ndiqni Modulin e Avancuar BPGJ;<\/li>\n<\/ul>\n<p>(2) Aplikimi juaj do t\u00eb shqyrtohet, dhe n\u00ebse i plot\u00ebson t\u00eb gjitha kushtet, do t\u2019ju vij\u00eb nj\u00eb email me nj\u00eb em\u00ebr p\u00ebrdoruesi dhe fjal\u00ebkalimin.<\/p>\n<p>(3) Me emrin e p\u00ebrdoruesit dhe fjal\u00ebkalimin ju do t\u00eb hyni n\u00eb platform\u00ebn&nbsp;<a href=\"https:\/\/gbwnacademy.net\/\">https:\/\/gbwnacademy.net\/<\/a><\/p>\n<p>(4) N\u00eb faqen kryesore, klikoni n\u00eb seksionin Buxhetimi i P\u00ebrgjigjsh\u00ebm Gjinor (BPGJ) [shiko foton]<\/p>\n<p><img fetchpriority=\"high\" decoding=\"async\" class=\"size-full wp-image-4471 aligncenter\" src=\"https:\/\/gbwn.net\/wp-content\/uploads\/2022\/01\/click_here_GRB.png\" alt=\"\" width=\"1909\" height=\"744\" srcset=\"https:\/\/gbwn.net\/wp-content\/uploads\/2022\/01\/click_here_GRB.png 1909w, https:\/\/gbwn.net\/wp-content\/uploads\/2022\/01\/click_here_GRB-300x117.png 300w, https:\/\/gbwn.net\/wp-content\/uploads\/2022\/01\/click_here_GRB-1024x399.png 1024w, https:\/\/gbwn.net\/wp-content\/uploads\/2022\/01\/click_here_GRB-768x299.png 768w, https:\/\/gbwn.net\/wp-content\/uploads\/2022\/01\/click_here_GRB-1536x599.png 1536w, https:\/\/gbwn.net\/wp-content\/uploads\/2022\/01\/click_here_GRB-825x322.png 825w, https:\/\/gbwn.net\/wp-content\/uploads\/2022\/01\/click_here_GRB-600x234.png 600w, https:\/\/gbwn.net\/wp-content\/uploads\/2022\/01\/click_here_GRB-400x156.png 400w\" sizes=\"(max-width: 1909px) 100vw, 1909px\" \/><\/p>\n<p>(5) Pasi t\u00eb klikoni, do t\u2019ju hapet nj\u00eb dritare ku duhet t\u00eb vendosni emrin e p\u00ebrdoruesit dhe fjal\u00ebkalimin e marr\u00eb [shiko foton]<\/p>\n<p><img decoding=\"async\" class=\"size-full wp-image-4477 aligncenter\" src=\"https:\/\/gbwn.net\/wp-content\/uploads\/2022\/01\/pass_koris.png\" alt=\"\" width=\"1578\" height=\"469\" srcset=\"https:\/\/gbwn.net\/wp-content\/uploads\/2022\/01\/pass_koris.png 1578w, https:\/\/gbwn.net\/wp-content\/uploads\/2022\/01\/pass_koris-300x89.png 300w, https:\/\/gbwn.net\/wp-content\/uploads\/2022\/01\/pass_koris-1024x304.png 1024w, https:\/\/gbwn.net\/wp-content\/uploads\/2022\/01\/pass_koris-768x228.png 768w, https:\/\/gbwn.net\/wp-content\/uploads\/2022\/01\/pass_koris-1536x457.png 1536w, https:\/\/gbwn.net\/wp-content\/uploads\/2022\/01\/pass_koris-825x245.png 825w, https:\/\/gbwn.net\/wp-content\/uploads\/2022\/01\/pass_koris-600x178.png 600w, https:\/\/gbwn.net\/wp-content\/uploads\/2022\/01\/pass_koris-400x119.png 400w\" sizes=\"(max-width: 1578px) 100vw, 1578px\" \/><\/p>\n<p>(6) Urime! Ju keni hyr\u00eb me sukses. Zgjidhni Modulin 2 &#8211; GRB advanced [shiko foton] dhe filloni t\u00eb lexoni p\u00ebrmbajtjen dhe t\u00eb plot\u00ebsoni vler\u00ebsimet e k\u00ebrkuara.<\/p>\n<p><img decoding=\"async\" class=\"size-full wp-image-4489 aligncenter\" src=\"https:\/\/gbwn.net\/wp-content\/uploads\/2022\/01\/modlu_2-print-skrin.png\" alt=\"\" width=\"1861\" height=\"957\" srcset=\"https:\/\/gbwn.net\/wp-content\/uploads\/2022\/01\/modlu_2-print-skrin.png 1861w, https:\/\/gbwn.net\/wp-content\/uploads\/2022\/01\/modlu_2-print-skrin-300x154.png 300w, https:\/\/gbwn.net\/wp-content\/uploads\/2022\/01\/modlu_2-print-skrin-1024x527.png 1024w, https:\/\/gbwn.net\/wp-content\/uploads\/2022\/01\/modlu_2-print-skrin-768x395.png 768w, https:\/\/gbwn.net\/wp-content\/uploads\/2022\/01\/modlu_2-print-skrin-1536x790.png 1536w, https:\/\/gbwn.net\/wp-content\/uploads\/2022\/01\/modlu_2-print-skrin-825x424.png 825w, https:\/\/gbwn.net\/wp-content\/uploads\/2022\/01\/modlu_2-print-skrin-1750x900.png 1750w, https:\/\/gbwn.net\/wp-content\/uploads\/2022\/01\/modlu_2-print-skrin-600x309.png 600w, https:\/\/gbwn.net\/wp-content\/uploads\/2022\/01\/modlu_2-print-skrin-400x206.png 400w\" sizes=\"(max-width: 1861px) 100vw, 1861px\" \/>acevska<\/p>\t\t\t\t\t\t\t\t<\/div>\n\t\t\t\t<\/div>\n\t\t\t\t\t<\/div>\n\t\t<\/div>\n\t\t\t\t\t<\/div>\n\t\t<\/section>\n\t\t\t\t<\/div>\n\t\t","protected":false},"excerpt":{"rendered":"<p>P\u00ebr t&#8217;u regjistruar n\u00eb Modulin e Avancuar t\u00eb BPGJ, gjith\u00e7ka q\u00eb duhet t\u00eb b\u00ebni \u00ebsht\u00eb: (1) D\u00ebrgoni nj\u00eb e-mail n\u00eb acevska@crpm.org.mk ose n\u00eb&nbsp;visnjabacanovic@gmail.com&nbsp;n\u00eb t\u00eb cilin do t\u00eb listoni detajet e m\u00ebposhtme: Emrin dhe mbiemrin; Shtetin nga jeni; Motivim t\u00eb shkurt\u00ebr se p\u00ebrse d\u00ebshironi t\u00eb ndiqni Modulin e Avancuar BPGJ; (2) Aplikimi juaj do t\u00eb shqyrtohet, [&hellip;]<\/p>\n","protected":false},"author":5,"featured_media":0,"parent":0,"menu_order":0,"comment_status":"closed","ping_status":"closed","template":"elementor_header_footer","meta":{"_monsterinsights_skip_tracking":false,"_monsterinsights_sitenote_active":false,"_monsterinsights_sitenote_note":"","_monsterinsights_sitenote_category":0,"footnotes":""},"class_list":["post-2997","page","type-page","status-publish","hentry"],"_links":{"self":[{"href":"https:\/\/gbwn.net\/sq\/wp-json\/wp\/v2\/pages\/2997","targetHints":{"allow":["GET"]}}],"collection":[{"href":"https:\/\/gbwn.net\/sq\/wp-json\/wp\/v2\/pages"}],"about":[{"href":"https:\/\/gbwn.net\/sq\/wp-json\/wp\/v2\/types\/page"}],"author":[{"embeddable":true,"href":"https:\/\/gbwn.net\/sq\/wp-json\/wp\/v2\/users\/5"}],"replies":[{"embeddable":true,"href":"https:\/\/gbwn.net\/sq\/wp-json\/wp\/v2\/comments?post=2997"}],"version-history":[{"count":6,"href":"https:\/\/gbwn.net\/sq\/wp-json\/wp\/v2\/pages\/2997\/revisions"}],"predecessor-version":[{"id":6532,"href":"https:\/\/gbwn.net\/sq\/wp-json\/wp\/v2\/pages\/2997\/revisions\/6532"}],"wp:attachment":[{"href":"https:\/\/gbwn.net\/sq\/wp-json\/wp\/v2\/media?parent=2997"}],"curies":[{"name":"wp","href":"https:\/\/api.w.org\/{rel}","templated":true}]}}