{"id":2972,"date":"2021-02-22T14:26:44","date_gmt":"2021-02-22T12:26:44","guid":{"rendered":"https:\/\/gbwn.net\/?page_id=2972"},"modified":"2024-10-10T10:00:17","modified_gmt":"2024-10-10T08:00:17","slug":"permbledhje-studimesh","status":"publish","type":"page","link":"https:\/\/gbwn.net\/sq\/permbledhje-studimesh\/","title":{"rendered":"P\u00ebrmbledhje studimesh"},"content":{"rendered":"\t\t<div data-elementor-type=\"wp-page\" data-elementor-id=\"2972\" class=\"elementor elementor-2972\" data-elementor-post-type=\"page\">\n\t\t\t\t<div class=\"elementor-element elementor-element-4542cb6 e-flex e-con-boxed e-con e-parent\" data-id=\"4542cb6\" data-element_type=\"container\" data-e-type=\"container\">\n\t\t\t\t\t<div class=\"e-con-inner\">\n\t\t<div class=\"elementor-element elementor-element-86166c2 e-con-full e-flex e-con e-child\" data-id=\"86166c2\" data-element_type=\"container\" data-e-type=\"container\">\n\t\t\t\t<div class=\"elementor-element elementor-element-55bedb2 elementor-headline--style-highlight elementor-widget elementor-widget-animated-headline\" data-id=\"55bedb2\" data-element_type=\"widget\" data-e-type=\"widget\" data-settings=\"{&quot;marker&quot;:&quot;curly&quot;,&quot;highlighted_text&quot;:&quot;P\\u00ebrmbledhje &quot;,&quot;headline_style&quot;:&quot;highlight&quot;,&quot;highlight_animation_duration&quot;:1200}\" data-widget_type=\"animated-headline.default\">\n\t\t\t\t<div class=\"elementor-widget-container\">\n\t\t\t\t\t\t\t<h3 class=\"elementor-headline\">\n\t\t\t\t<span class=\"elementor-headline-dynamic-wrapper elementor-headline-text-wrapper\">\n\t\t\t\t\t<span class=\"elementor-headline-dynamic-text elementor-headline-text-active\">P\u00ebrmbledhje <\/span>\n\t\t\t\t<\/span>\n\t\t\t\t\t<span class=\"elementor-headline-plain-text elementor-headline-text-wrapper\">studimesh<\/span>\n\t\t\t\t\t<\/h3>\n\t\t\t\t\t\t<\/div>\n\t\t\t\t<\/div>\n\t\t\t\t<\/div>\n\t\t<div class=\"elementor-element elementor-element-b9e14ed e-flex e-con-boxed e-con e-child\" data-id=\"b9e14ed\" data-element_type=\"container\" data-e-type=\"container\">\n\t\t\t\t\t<div class=\"e-con-inner\">\n\t\t<div class=\"elementor-element elementor-element-1d7ff9e e-con-full e-flex e-con e-child\" data-id=\"1d7ff9e\" data-element_type=\"container\" data-e-type=\"container\">\n\t\t<div class=\"elementor-element elementor-element-5a1c4ff e-con-full e-flex e-con e-child\" data-id=\"5a1c4ff\" data-element_type=\"container\" data-e-type=\"container\">\n\t\t\t\t<div class=\"elementor-element elementor-element-291882d elementor-widget elementor-widget-heading\" data-id=\"291882d\" data-element_type=\"widget\" data-e-type=\"widget\" data-widget_type=\"heading.default\">\n\t\t\t\t<div class=\"elementor-widget-container\">\n\t\t\t\t\t<h2 class=\"elementor-heading-title elementor-size-default\">Monitorimi i  ndikimit fiskal t\u00eb kriz\u00ebs s\u00eb Covid-19 mbi grat\u00eb n\u00eb Ballkanin Per\u00ebndimor dhe Republik\u00ebn e Moldavis\u00eb<\/h2>\t\t\t\t<\/div>\n\t\t\t\t<\/div>\n\t\t\t\t<\/div>\n\t\t<div class=\"elementor-element elementor-element-c04f336 e-con-full e-flex e-con e-child\" data-id=\"c04f336\" data-element_type=\"container\" data-e-type=\"container\">\n\t\t\t\t<div class=\"elementor-element elementor-element-6328211 elementor-widget elementor-widget-price-list\" data-id=\"6328211\" data-element_type=\"widget\" data-e-type=\"widget\" data-widget_type=\"price-list.default\">\n\t\t\t\t<div class=\"elementor-widget-container\">\n\t\t\t\t\t\n\t\t<ul class=\"elementor-price-list\">\n\n\t\t\t\t\t\t\t\t\t<li><a class=\"elementor-price-list-item\" href=\"#\">\t\t\t\t\t\t\t\t\t<div class=\"elementor-price-list-image\">\n\t\t\t\t\t<img decoding=\"async\" src=\"https:\/\/gbwn.net\/wp-content\/uploads\/2021\/09\/moni_nas-150x150.png\" alt=\"\" loading=\"lazy\" \/>\t\t\t\t<\/div>\n\t\t\t\t\n\t\t\t\t<div class=\"elementor-price-list-text\">\n\t\t\t\t\t\t\t\t\t\t\t\t\t\t\t<p class=\"elementor-price-list-description\">\n\t\t\t\t\t\t\tLorem ipsum dolor sit amet consectetur adipiscing elit dolor\t\t\t\t\t\t<\/p>\n\t\t\t\t\t\t\t\t<\/div>\n\t\t\t\t<\/a><\/li>\t\t\t\t\t\n\t\t<\/ul>\n\n\t\t\t\t\t\t<\/div>\n\t\t\t\t<\/div>\n\t\t\t\t<\/div>\n\t\t\t\t<\/div>\n\t\t<div class=\"elementor-element elementor-element-17bffff e-con-full e-flex e-con e-child\" data-id=\"17bffff\" data-element_type=\"container\" data-e-type=\"container\">\n\t\t<div class=\"elementor-element elementor-element-94d0b75 e-con-full e-flex e-con e-child\" data-id=\"94d0b75\" data-element_type=\"container\" data-e-type=\"container\">\n\t\t\t\t<div class=\"elementor-element elementor-element-f9e87ef elementor-widget elementor-widget-heading\" data-id=\"f9e87ef\" data-element_type=\"widget\" data-e-type=\"widget\" data-widget_type=\"heading.default\">\n\t\t\t\t<div class=\"elementor-widget-container\">\n\t\t\t\t\t<h2 class=\"elementor-heading-title elementor-size-default\">Watch dog repors from Albania <\/h2>\t\t\t\t<\/div>\n\t\t\t\t<\/div>\n\t\t\t\t<\/div>\n\t\t<div class=\"elementor-element elementor-element-a7be2b9 e-con-full e-flex e-con e-child\" data-id=\"a7be2b9\" data-element_type=\"container\" data-e-type=\"container\">\n\t\t\t\t<div class=\"elementor-element elementor-element-5ef4ac0 elementor-widget elementor-widget-price-list\" data-id=\"5ef4ac0\" data-element_type=\"widget\" data-e-type=\"widget\" data-widget_type=\"price-list.default\">\n\t\t\t\t<div class=\"elementor-widget-container\">\n\t\t\t\t\t\n\t\t<ul class=\"elementor-price-list\">\n\n\t\t\t\t\t\t\t\t\t<li><a class=\"elementor-price-list-item\" href=\"https:\/\/gbwn.net\/wp-content\/uploads\/2022\/04\/Watchdog-report-_CSDC.pdf\">\t\t\t\t\t\t\t\t\t<div class=\"elementor-price-list-image\">\n\t\t\t\t\t<img decoding=\"async\" src=\"https:\/\/gbwn.net\/wp-content\/uploads\/2022\/04\/Dures_nasl-150x150.png\" alt=\"GRB in Durres \" loading=\"lazy\" \/>\t\t\t\t<\/div>\n\t\t\t\t\n\t\t\t\t<div class=\"elementor-price-list-text\">\n\t\t\t\t\t\t\t\t\t<div class=\"elementor-price-list-header\">\n\t\t\t\t\t\t\t\t\t\t\t<span class=\"elementor-price-list-title\">\n\t\t\t\t\t\t\tGRB in Durres \t\t\t\t\t\t<\/span>\n\t\t\t\t\t\t\t\t\t\t\t\t\t\t\t\t\t\t\t\t\t<\/div>\n\t\t\t\t\t\t\t\t\t\t\t\t\t\t\t<p class=\"elementor-price-list-description\">\n\t\t\t\t\t\t\tDespite the strategic documents Durres municipality is oriented from, there is still work to be done and space for improvement. The budget should: Reflect Gender Responsive Budget in more budget lines; Make data of fund allocation understandable and transparent. Provide funds for training in order to raise the capacities of the Gender Equality officers and gender-responsible staff in administrative units. Support CSOs that already implement or plan to implement GRB-related projects. Raise the fund for service provision in the Community center in Nishtulla (Roma community beneficiaries) and the Multifunctional center for support of Family and Children (recently opened). Support for programs that encourage women\u2019s entrepreneurship.\t\t\t\t\t\t<\/p>\n\t\t\t\t\t\t\t\t<\/div>\n\t\t\t\t<\/a><\/li>\t\t\t\t\t\t\t\t\t\t\t\t<li><a class=\"elementor-price-list-item\" href=\"https:\/\/gbwn.net\/wp-content\/uploads\/2022\/04\/Watchdog-report_KZLN.pdf\">\t\t\t\t\t\t\t\t\t<div class=\"elementor-price-list-image\">\n\t\t\t\t\t<img decoding=\"async\" src=\"https:\/\/gbwn.net\/wp-content\/uploads\/2022\/04\/tirana_nas-150x150.png\" alt=\"GRB in Tirana \" loading=\"lazy\" \/>\t\t\t\t<\/div>\n\t\t\t\t\n\t\t\t\t<div class=\"elementor-price-list-text\">\n\t\t\t\t\t\t\t\t\t<div class=\"elementor-price-list-header\">\n\t\t\t\t\t\t\t\t\t\t\t<span class=\"elementor-price-list-title\">\n\t\t\t\t\t\t\tGRB in Tirana \t\t\t\t\t\t<\/span>\n\t\t\t\t\t\t\t\t\t\t\t\t\t\t\t\t\t\t\t\t\t<\/div>\n\t\t\t\t\t\t\t\t\t\t\t\t\t\t\t<p class=\"elementor-price-list-description\">\n\t\t\t\t\t\t\tCitizens lack the knowledge of GRB meaning, the widespread opinion that it is addressed only to women and girls, and lack of training related to gender budgeting, especially in Baldushk and Fark\u00eb. Women in rural areas did not understand their role as advocates and beneficiaries of municipal services but only as beneficiaries of these services. Through the implementation of the project and focus groups, these wrong and misguided perceptions have now changed and this is positive not only for the citizens but also for the Municipality which will have a more accurate orientation regarding the needs of the community.\t\t\t\t\t\t<\/p>\n\t\t\t\t\t\t\t\t<\/div>\n\t\t\t\t<\/a><\/li>\t\t\t\t\t\t\t\t\t\t\t\t<li><a class=\"elementor-price-list-item\" href=\"https:\/\/gbwn.net\/wp-content\/uploads\/2022\/04\/Watchdog-report_WFE.pdf\">\t\t\t\t\t\t\t\t\t<div class=\"elementor-price-list-image\">\n\t\t\t\t\t<img decoding=\"async\" src=\"https:\/\/gbwn.net\/wp-content\/uploads\/2022\/04\/elbasan-150x150.png\" alt=\"GRB in Elbasan \" loading=\"lazy\" \/>\t\t\t\t<\/div>\n\t\t\t\t\n\t\t\t\t<div class=\"elementor-price-list-text\">\n\t\t\t\t\t\t\t\t\t<div class=\"elementor-price-list-header\">\n\t\t\t\t\t\t\t\t\t\t\t<span class=\"elementor-price-list-title\">\n\t\t\t\t\t\t\tGRB in Elbasan \t\t\t\t\t\t<\/span>\n\t\t\t\t\t\t\t\t\t\t\t\t\t\t\t\t\t\t\t\t\t<\/div>\n\t\t\t\t\t\t\t\t\t\t\t\t\t\t\t<p class=\"elementor-price-list-description\">\n\t\t\t\t\t\t\tElbasan municipality should: Increase the active role of the Gender Equality Officer as part of working groups in drafting strategies, and programs and when participatory budgeting meetings are organized and community needs are discussed. The establishment and operation of a rehabilitation center for victims of domestic violence with long-term residence are one of the priorities set by this municipality, for which it is recommended to continue working in order to budget this important service. Development of technical systems that enable the collection of an accurate database for local policy making. From a gender perspective, the most important systems to set up at the local government level are data systems that enable the collection, processing, and analysis of gender-disaggregated data. Gender-disaggregated data - collected to include both men and women, and analyzed by gender experts - are essential for the development of relevant public policies and services that respond to women's needs and priorities. and men, girls, and boys.\t\t\t\t\t\t<\/p>\n\t\t\t\t\t\t\t\t<\/div>\n\t\t\t\t<\/a><\/li>\t\t\t\t\t\t\t\t\t\t\t\t<li><a class=\"elementor-price-list-item\" href=\"https:\/\/gbwn.net\/wp-content\/uploads\/2022\/04\/VYC-_Watchdog-report.pdf\">\t\t\t\t\t\t\t\t\t<div class=\"elementor-price-list-image\">\n\t\t\t\t\t<img decoding=\"async\" src=\"https:\/\/gbwn.net\/wp-content\/uploads\/2022\/04\/vlora-150x150.png\" alt=\"GRB in Vlora \" loading=\"lazy\" \/>\t\t\t\t<\/div>\n\t\t\t\t\n\t\t\t\t<div class=\"elementor-price-list-text\">\n\t\t\t\t\t\t\t\t\t<div class=\"elementor-price-list-header\">\n\t\t\t\t\t\t\t\t\t\t\t<span class=\"elementor-price-list-title\">\n\t\t\t\t\t\t\tGRB in Vlora \t\t\t\t\t\t<\/span>\n\t\t\t\t\t\t\t\t\t\t\t\t\t\t\t\t\t\t\t\t\t<\/div>\n\t\t\t\t\t\t\t\t\t\t\t\t\t\t\t<p class=\"elementor-price-list-description\">\n\t\t\t\t\t\t\tThrough the implementation of the project are used the following GRB tools used are: Gender-based policy analysis; Gender budget beneficiary assessment; Gender budget effectiveness analysis. Some of the challenges that need to be addressed in the future: Lack of funds that can be used to identify problems of gender-based violence in villages or suburbs where the Roma and Egyptian community is focused; Lack of infrastructure for PwD, both on the streets and in institutions, which complicates their daily life and the chance to receive services; Housing problems for individuals and members who have applied for social housing but have not yet benefited; The need for budgeting for social services for young people; Need to open a day care center for people with disabilities\n\n\n\n\t\t\t\t\t\t<\/p>\n\t\t\t\t\t\t\t\t<\/div>\n\t\t\t\t<\/a><\/li>\t\t\t\t\t\t\t\t\t\t\t\t<li><a class=\"elementor-price-list-item\" href=\"https:\/\/gbwn.net\/wp-content\/uploads\/2022\/04\/Watchdog-Report-_Zeri-Qytetar.pdf\">\t\t\t\t\t\t\t\t\t<div class=\"elementor-price-list-image\">\n\t\t\t\t\t<img decoding=\"async\" src=\"https:\/\/gbwn.net\/wp-content\/uploads\/2022\/04\/lushja-150x150.png\" alt=\"GRB in Lushnja \" loading=\"lazy\" \/>\t\t\t\t<\/div>\n\t\t\t\t\n\t\t\t\t<div class=\"elementor-price-list-text\">\n\t\t\t\t\t\t\t\t\t<div class=\"elementor-price-list-header\">\n\t\t\t\t\t\t\t\t\t\t\t<span class=\"elementor-price-list-title\">\n\t\t\t\t\t\t\tGRB in Lushnja \t\t\t\t\t\t<\/span>\n\t\t\t\t\t\t\t\t\t\t\t\t\t\t\t\t\t\t\t\t\t<\/div>\n\t\t\t\t\t\t\t\t\t\t\t\t\t\t\t<p class=\"elementor-price-list-description\">\n\t\t\t\t\t\t\tThe participation of women in public hearings in urban areas is low, while in rural areas it is almost non-existent. Women living in these areas did not know what GRB was, how they should be involved in the process, their role in the process, the benefits they should have from the local budget, etc. In these circumstances, their voice has never been heard and they have never exercised the right given by the law related to GRB. After the training and activities carried out within the project implementation, they became more aware and understood their role and importance in being included in the public budget hearings organized each year by the municipality, and also how to present their proposals to the Municipality.\t\t\t\t\t\t<\/p>\n\t\t\t\t\t\t\t\t<\/div>\n\t\t\t\t<\/a><\/li>\t\t\t\t\t\t\t\t\t\t\t\t<li><a class=\"elementor-price-list-item\" href=\"https:\/\/gbwn.net\/wp-content\/uploads\/2022\/04\/Watchdog_Report_-EpokaeRe_Final.pdf\">\t\t\t\t\t\t\t\t\t<div class=\"elementor-price-list-image\">\n\t\t\t\t\t<img decoding=\"async\" src=\"https:\/\/gbwn.net\/wp-content\/uploads\/2022\/04\/np_nasl-150x150.png\" alt=\"GRB in Fier\" loading=\"lazy\" \/>\t\t\t\t<\/div>\n\t\t\t\t\n\t\t\t\t<div class=\"elementor-price-list-text\">\n\t\t\t\t\t\t\t\t\t<div class=\"elementor-price-list-header\">\n\t\t\t\t\t\t\t\t\t\t\t<span class=\"elementor-price-list-title\">\n\t\t\t\t\t\t\tGRB in Fier\t\t\t\t\t\t<\/span>\n\t\t\t\t\t\t\t\t\t\t\t\t\t\t\t\t\t\t\t\t\t<\/div>\n\t\t\t\t\t\t\t\t\t\t\t\t\t\t\t<p class=\"elementor-price-list-description\">\n\t\t\t\t\t\t\tThere are several problems that need to be addressed: Social service information campaign for women and girls that reduces poverty and provides better access to social services; Information campaign, near rural areas, regarding the functioning of the local and central government, services, various opportunities related to their quality of life and any other information relevant to the well-being of life and activity of residents; Gender data should be prepared for the provision of social services, in order to monitor equal access to services, with the specific aim of responding to the needs of excluded, marginalized and vulnerable groups and in particular, women and girls; Providing quality and well-targeted health services requires a good knowledge of the situation and specific gender needs.\t\t\t\t\t\t<\/p>\n\t\t\t\t\t\t\t\t<\/div>\n\t\t\t\t<\/a><\/li>\t\t\t\t\t\n\t\t<\/ul>\n\n\t\t\t\t\t\t<\/div>\n\t\t\t\t<\/div>\n\t\t\t\t<\/div>\n\t\t\t\t<\/div>\n\t\t<div class=\"elementor-element elementor-element-3fc1e97 e-con-full e-flex e-con e-child\" data-id=\"3fc1e97\" data-element_type=\"container\" data-e-type=\"container\">\n\t\t<div class=\"elementor-element elementor-element-0f30542 e-con-full e-flex e-con e-child\" data-id=\"0f30542\" data-element_type=\"container\" data-e-type=\"container\">\n\t\t\t\t<div class=\"elementor-element elementor-element-609996a elementor-widget elementor-widget-heading\" data-id=\"609996a\" data-element_type=\"widget\" data-e-type=\"widget\" data-widget_type=\"heading.default\">\n\t\t\t\t<div class=\"elementor-widget-container\">\n\t\t\t\t\t<h2 class=\"elementor-heading-title elementor-size-default\">Watch dog reports from Kosovo<\/h2>\t\t\t\t<\/div>\n\t\t\t\t<\/div>\n\t\t\t\t<\/div>\n\t\t<div class=\"elementor-element elementor-element-fa9b912 e-con-full e-flex e-con e-child\" data-id=\"fa9b912\" data-element_type=\"container\" data-e-type=\"container\">\n\t\t\t\t<div class=\"elementor-element elementor-element-1a59ef2 elementor-widget elementor-widget-price-list\" data-id=\"1a59ef2\" data-element_type=\"widget\" data-e-type=\"widget\" data-widget_type=\"price-list.default\">\n\t\t\t\t<div class=\"elementor-widget-container\">\n\t\t\t\t\t\n\t\t<ul class=\"elementor-price-list\">\n\n\t\t\t\t\t\t\t\t\t<li><a class=\"elementor-price-list-item\" href=\"https:\/\/gbwn.net\/wp-content\/uploads\/2022\/06\/Rekomandime-EULOC-Komentet.pdf\">\t\t\t\t\t\t\t\t\t<div class=\"elementor-price-list-image\">\n\t\t\t\t\t<img decoding=\"async\" src=\"https:\/\/gbwn.net\/wp-content\/uploads\/2022\/04\/naslovna_ks-150x150.png\" alt=\"Rekomandime p\u00ebr hapat e ardhsh\u00ebm n\u00eb procesin e zbatimit sa m\u00eb t\u00eb mire t\u00eb buxhetimit gjinor\u00eb n\u00eb Komun\u00ebn e Vitis\u00eb\" loading=\"lazy\" \/>\t\t\t\t<\/div>\n\t\t\t\t\n\t\t\t\t<div class=\"elementor-price-list-text\">\n\t\t\t\t\t\t\t\t\t<div class=\"elementor-price-list-header\">\n\t\t\t\t\t\t\t\t\t\t\t<span class=\"elementor-price-list-title\">\n\t\t\t\t\t\t\tRekomandime p\u00ebr hapat e ardhsh\u00ebm n\u00eb procesin e zbatimit sa m\u00eb t\u00eb mire t\u00eb buxhetimit gjinor\u00eb n\u00eb Komun\u00ebn e Vitis\u00eb\t\t\t\t\t\t<\/span>\n\t\t\t\t\t\t\t\t\t\t\t\t\t\t\t\t\t\t\t\t\t<\/div>\n\t\t\t\t\t\t\t\t\t\t\t\t<\/div>\n\t\t\t\t<\/a><\/li>\t\t\t\t\t\t\t\t\t\t\t\t<li><a class=\"elementor-price-list-item\" href=\"https:\/\/gbwn.net\/wp-content\/uploads\/2022\/06\/Annex-6.-EKW-Policy-Brief-1-1-1.pdf\">\t\t\t\t\t\t\t\t\t<div class=\"elementor-price-list-image\">\n\t\t\t\t\t<img decoding=\"async\" src=\"https:\/\/gbwn.net\/wp-content\/uploads\/2022\/04\/ecokos-150x150.png\" alt=\"Tax Cuts for Essential Menstrual Hygiene Products\" loading=\"lazy\" \/>\t\t\t\t<\/div>\n\t\t\t\t\n\t\t\t\t<div class=\"elementor-price-list-text\">\n\t\t\t\t\t\t\t\t\t<div class=\"elementor-price-list-header\">\n\t\t\t\t\t\t\t\t\t\t\t<span class=\"elementor-price-list-title\">\n\t\t\t\t\t\t\tTax Cuts for Essential Menstrual Hygiene Products\t\t\t\t\t\t<\/span>\n\t\t\t\t\t\t\t\t\t\t\t\t\t\t\t\t\t\t\t\t\t<\/div>\n\t\t\t\t\t\t\t\t\t\t\t\t\t\t\t<p class=\"elementor-price-list-description\">\n\t\t\t\t\t\t\t \t\t\t\t\t\t<\/p>\n\t\t\t\t\t\t\t\t<\/div>\n\t\t\t\t<\/a><\/li>\t\t\t\t\t\t\t\t\t\t\t\t<li><a class=\"elementor-price-list-item\" href=\"https:\/\/gbwn.net\/wp-content\/uploads\/2022\/06\/YAHR_P%C3%ABrfshirja-e-grave-n%C3%AB-institucionet-lokale-n%C3%AB-Lipjan_NF-1.pdf\">\t\t\t\t\t\t\t\t\t<div class=\"elementor-price-list-image\">\n\t\t\t\t\t<img decoding=\"async\" src=\"https:\/\/gbwn.net\/wp-content\/uploads\/2022\/04\/lip-150x150.png\" alt=\"P\u00ebrfshirja gjinore n\u00eb institucionet lokale n\u00eb Lipjan\" loading=\"lazy\" \/>\t\t\t\t<\/div>\n\t\t\t\t\n\t\t\t\t<div class=\"elementor-price-list-text\">\n\t\t\t\t\t\t\t\t\t<div class=\"elementor-price-list-header\">\n\t\t\t\t\t\t\t\t\t\t\t<span class=\"elementor-price-list-title\">\n\t\t\t\t\t\t\tP\u00ebrfshirja gjinore n\u00eb institucionet lokale n\u00eb Lipjan\t\t\t\t\t\t<\/span>\n\t\t\t\t\t\t\t\t\t\t\t\t\t\t\t\t\t\t\t\t\t<\/div>\n\t\t\t\t\t\t\t\t\t\t\t\t\t\t\t<p class=\"elementor-price-list-description\">\n\t\t\t\t\t\t\t \t\t\t\t\t\t<\/p>\n\t\t\t\t\t\t\t\t<\/div>\n\t\t\t\t<\/a><\/li>\t\t\t\t\t\t\t\t\t\t\t\t<li><a class=\"elementor-price-list-item\" href=\"https:\/\/gbwn.net\/wp-content\/uploads\/2022\/06\/Jete-e-paster-per-gra-dhe-vajza.pdf\">\t\t\t\t\t\t\t\t\t<div class=\"elementor-price-list-image\">\n\t\t\t\t\t<img decoding=\"async\" src=\"https:\/\/gbwn.net\/wp-content\/uploads\/2022\/04\/kos_men-150x150.png\" alt=\"Jet\u00eb e past\u00ebr p\u00ebr gra dhe vajza: Menaxhimi i higjien\u00ebs menstruale\" loading=\"lazy\" \/>\t\t\t\t<\/div>\n\t\t\t\t\n\t\t\t\t<div class=\"elementor-price-list-text\">\n\t\t\t\t\t\t\t\t\t<div class=\"elementor-price-list-header\">\n\t\t\t\t\t\t\t\t\t\t\t<span class=\"elementor-price-list-title\">\n\t\t\t\t\t\t\tJet\u00eb e past\u00ebr p\u00ebr gra dhe vajza: Menaxhimi i higjien\u00ebs menstruale\t\t\t\t\t\t<\/span>\n\t\t\t\t\t\t\t\t\t\t\t\t\t\t\t\t\t\t\t\t\t<\/div>\n\t\t\t\t\t\t\t\t\t\t\t\t<\/div>\n\t\t\t\t<\/a><\/li>\t\t\t\t\t\t\t\t\t\t\t\t<li><a class=\"elementor-price-list-item\" href=\"https:\/\/gbwn.net\/wp-content\/uploads\/2022\/04\/MWAHR_Raporti_compressed.pdf\">\t\t\t\t\t\t\t\t\t<div class=\"elementor-price-list-image\">\n\t\t\t\t\t<img decoding=\"async\" src=\"https:\/\/gbwn.net\/wp-content\/uploads\/2022\/04\/kos_mit-150x150.png\" alt=\"Perspektiva gjinore baz\u00eb p\u00ebr planifikim ekonomik t\u00eb q\u00ebndruesh\u00ebm \" loading=\"lazy\" \/>\t\t\t\t<\/div>\n\t\t\t\t\n\t\t\t\t<div class=\"elementor-price-list-text\">\n\t\t\t\t\t\t\t\t\t<div class=\"elementor-price-list-header\">\n\t\t\t\t\t\t\t\t\t\t\t<span class=\"elementor-price-list-title\">\n\t\t\t\t\t\t\tPerspektiva gjinore baz\u00eb p\u00ebr planifikim ekonomik t\u00eb q\u00ebndruesh\u00ebm \t\t\t\t\t\t<\/span>\n\t\t\t\t\t\t\t\t\t\t\t\t\t\t\t\t\t\t\t\t\t<\/div>\n\t\t\t\t\t\t\t\t\t\t\t\t<\/div>\n\t\t\t\t<\/a><\/li>\t\t\t\t\t\n\t\t<\/ul>\n\n\t\t\t\t\t\t<\/div>\n\t\t\t\t<\/div>\n\t\t\t\t<\/div>\n\t\t\t\t<\/div>\n\t\t\t\t\t<\/div>\n\t\t\t\t<\/div>\n\t\t\t\t\t<\/div>\n\t\t\t\t<\/div>\n\t\t\t\t<\/div>\n\t\t","protected":false},"excerpt":{"rendered":"<p>P\u00ebrmbledhje studimesh Monitorimi i ndikimit fiskal t\u00eb kriz\u00ebs s\u00eb Covid-19 mbi grat\u00eb n\u00eb Ballkanin Per\u00ebndimor dhe Republik\u00ebn e Moldavis\u00eb Lorem ipsum dolor sit amet consectetur adipiscing elit dolor Watch dog repors from Albania GRB in Durres Despite the strategic documents Durres municipality is oriented from, there is still work to be done and space for [&hellip;]<\/p>\n","protected":false},"author":5,"featured_media":0,"parent":0,"menu_order":0,"comment_status":"closed","ping_status":"closed","template":"elementor_header_footer","meta":{"_monsterinsights_skip_tracking":false,"_monsterinsights_sitenote_active":false,"_monsterinsights_sitenote_note":"","_monsterinsights_sitenote_category":0,"footnotes":""},"class_list":["post-2972","page","type-page","status-publish","hentry"],"_links":{"self":[{"href":"https:\/\/gbwn.net\/sq\/wp-json\/wp\/v2\/pages\/2972","targetHints":{"allow":["GET"]}}],"collection":[{"href":"https:\/\/gbwn.net\/sq\/wp-json\/wp\/v2\/pages"}],"about":[{"href":"https:\/\/gbwn.net\/sq\/wp-json\/wp\/v2\/types\/page"}],"author":[{"embeddable":true,"href":"https:\/\/gbwn.net\/sq\/wp-json\/wp\/v2\/users\/5"}],"replies":[{"embeddable":true,"href":"https:\/\/gbwn.net\/sq\/wp-json\/wp\/v2\/comments?post=2972"}],"version-history":[{"count":20,"href":"https:\/\/gbwn.net\/sq\/wp-json\/wp\/v2\/pages\/2972\/revisions"}],"predecessor-version":[{"id":13724,"href":"https:\/\/gbwn.net\/sq\/wp-json\/wp\/v2\/pages\/2972\/revisions\/13724"}],"wp:attachment":[{"href":"https:\/\/gbwn.net\/sq\/wp-json\/wp\/v2\/media?parent=2972"}],"curies":[{"name":"wp","href":"https:\/\/api.w.org\/{rel}","templated":true}]}}