{"id":2878,"date":"2021-02-18T16:29:44","date_gmt":"2021-02-18T14:29:44","guid":{"rendered":"https:\/\/gbwn.net\/?page_id=2878"},"modified":"2024-11-06T08:53:52","modified_gmt":"2024-11-06T07:53:52","slug":"pershkrim-i-shkurter","status":"publish","type":"page","link":"https:\/\/gbwn.net\/sq\/pershkrim-i-shkurter\/","title":{"rendered":"P\u00ebrshkrim i shkurt\u00ebr"},"content":{"rendered":"\t\t<div data-elementor-type=\"wp-post\" data-elementor-id=\"2878\" class=\"elementor elementor-2878\" data-elementor-post-type=\"page\">\n\t\t\t\t<div class=\"elementor-element elementor-element-bf41574 e-flex e-con-boxed e-con e-parent\" data-id=\"bf41574\" data-element_type=\"container\" data-e-type=\"container\">\n\t\t\t\t\t<div class=\"e-con-inner\">\n\t\t<div class=\"elementor-element elementor-element-b4c9e95 e-con-full e-flex e-con e-child\" data-id=\"b4c9e95\" data-element_type=\"container\" data-e-type=\"container\" data-settings=\"{&quot;background_background&quot;:&quot;classic&quot;}\">\n\t\t\t\t<div class=\"elementor-element elementor-element-3ceb0a6 elementor-headline--style-highlight elementor-widget elementor-widget-animated-headline\" data-id=\"3ceb0a6\" data-element_type=\"widget\" data-e-type=\"widget\" data-settings=\"{&quot;marker&quot;:&quot;curly&quot;,&quot;highlighted_text&quot;:&quot;P\\u00ebrshkrim &quot;,&quot;headline_style&quot;:&quot;highlight&quot;,&quot;highlight_animation_duration&quot;:1200}\" data-widget_type=\"animated-headline.default\">\n\t\t\t\t<div class=\"elementor-widget-container\">\n\t\t\t\t\t\t\t<h3 class=\"elementor-headline\">\n\t\t\t\t<span class=\"elementor-headline-dynamic-wrapper elementor-headline-text-wrapper\">\n\t\t\t\t\t<span class=\"elementor-headline-dynamic-text elementor-headline-text-active\">P\u00ebrshkrim <\/span>\n\t\t\t\t<\/span>\n\t\t\t\t\t<span class=\"elementor-headline-plain-text elementor-headline-text-wrapper\">i shkurt\u00ebr<\/span>\n\t\t\t\t\t<\/h3>\n\t\t\t\t\t\t<\/div>\n\t\t\t\t<\/div>\n\t\t\t\t<\/div>\n\t\t<div class=\"elementor-element elementor-element-7680fbf e-flex e-con-boxed e-con e-child\" data-id=\"7680fbf\" data-element_type=\"container\" data-e-type=\"container\">\n\t\t\t\t\t<div class=\"e-con-inner\">\n\t\t\t\t<div class=\"elementor-element elementor-element-27c8382 elementor-widget elementor-widget-text-editor\" data-id=\"27c8382\" data-element_type=\"widget\" data-e-type=\"widget\" data-widget_type=\"text-editor.default\">\n\t\t\t\t<div class=\"elementor-widget-container\">\n\t\t\t\t\t\t\t\t\t<p>Proceset e hartimit t\u00eb politikave dhe buxhetimit n\u00eb Evrop\u00ebn Juglindore dhe Republik\u00ebn e Moldavis\u00eb jan\u00eb t\u00eb mbyllura, jotransparente dhe rezultojn\u00eb n\u00eb politika q\u00eb nuk u p\u00ebrgjigjen n\u00eb m\u00ebnyr\u00eb t\u00eb barabart\u00eb nevojave t\u00eb grave dhe burrave. P\u00ebr m\u00eb tep\u00ebr, burimet publike nuk shp\u00ebrndahen n\u00eb m\u00ebnyr\u00eb t\u00eb drejt\u00eb dhe t\u00eb barabart\u00eb midis burrave dhe grave. OShC-t\u00eb kan\u00eb kapacitete t\u00eb kufizuara p\u00ebr t\u00eb kontribuar n\u00eb vler\u00ebsimin gjinor t\u00eb buxhetit si nj\u00eb dokument politikash dhe rrall\u00eb jan\u00eb p\u00ebrqendruar n\u00eb mbledhjen e t\u00eb ardhurave dhe shp\u00ebrndarjen e shpenzimeve duke i vler\u00ebsuar ato nga perspektiva e barazis\u00eb, drejt\u00ebsis\u00eb dhe efikasitetit.<\/p>\t\t\t\t\t\t\t\t<\/div>\n\t\t\t\t<\/div>\n\t\t\t\t<div class=\"elementor-element elementor-element-4187268 elementor-widget elementor-widget-image\" data-id=\"4187268\" data-element_type=\"widget\" data-e-type=\"widget\" data-widget_type=\"image.default\">\n\t\t\t\t<div class=\"elementor-widget-container\">\n\t\t\t\t\t\t\t\t\t\t\t\t\t\t\t<img fetchpriority=\"high\" decoding=\"async\" width=\"768\" height=\"402\" src=\"https:\/\/gbwn.net\/wp-content\/uploads\/2023\/06\/woman-is-strong-768x402.jpg\" class=\"attachment-medium_large size-medium_large wp-image-6628\" alt=\"\" srcset=\"https:\/\/gbwn.net\/wp-content\/uploads\/2023\/06\/woman-is-strong-768x402.jpg 768w, https:\/\/gbwn.net\/wp-content\/uploads\/2023\/06\/woman-is-strong-300x157.jpg 300w, https:\/\/gbwn.net\/wp-content\/uploads\/2023\/06\/woman-is-strong-600x314.jpg 600w, https:\/\/gbwn.net\/wp-content\/uploads\/2023\/06\/woman-is-strong-400x209.jpg 400w, https:\/\/gbwn.net\/wp-content\/uploads\/2023\/06\/woman-is-strong.jpg 784w\" sizes=\"(max-width: 768px) 100vw, 768px\" \/>\t\t\t\t\t\t\t\t\t\t\t\t\t\t\t<\/div>\n\t\t\t\t<\/div>\n\t\t\t\t<div class=\"elementor-element elementor-element-7350487 elementor-widget elementor-widget-text-editor\" data-id=\"7350487\" data-element_type=\"widget\" data-e-type=\"widget\" data-widget_type=\"text-editor.default\">\n\t\t\t\t<div class=\"elementor-widget-container\">\n\t\t\t\t\t\t\t\t\t<p>Programi Rrjeti i Mbikqyr\u00ebs s\u00eb Buxhetimit Gjinor (RrMBGj) synon forcimin e rolit t\u00eb OShC-ve si aktor\u00eb t\u00eb interesuar q\u00eb kontribuojn\u00eb n\u00eb rritjen e p\u00ebrgjegjshm\u00ebris\u00eb dhe transparenc\u00ebs dhe p\u00ebrmir\u00ebsimin e menaxhimit t\u00eb parave publike duke monitoruar dhe vler\u00ebsuar ndikimin e politikave dhe buxheteve gjinore n\u00eb barazin\u00eb gjinore. RrMBGj ka nj\u00eb q\u00ebllim t\u00eb p\u00ebrgjithsh\u00ebm dhe tre q\u00ebllime t\u00eb ve\u00e7anta:<\/p><p>Q\u00ebllimi i P\u00ebrgjithsh\u00ebm: P\u00ebr t\u00eb p\u00ebrmir\u00ebsuar pjes\u00ebmarrjen e OShC-ve n\u00eb proceset e politikave dhe buxhetimit n\u00eb Evrop\u00ebn Juglindore dhe Republik\u00ebn e Moldavis\u00eb duke p\u00ebrdorur raportimin dhe rrjet\u00ebzimin e mbik\u00ebqyr\u00ebsve t\u00eb buxhetimit gjinor.<\/p><p><em><span style=\"font-weight: bolder;\">Objektivat specifik:<\/span><\/em><\/p><p><span style=\"font-weight: bolder;\">OS 1:\u00a0<\/span>P\u00ebr t\u00eb forcuar kapacitetin e OShC-ve p\u00ebr t\u00eb p\u00ebrdorur mjetet BPGJ p\u00ebr t\u00eb vler\u00ebsuar [pokm.,;l\u2019[pkorrespondenc\u00ebn e politikave dhe buxheteve me nevojat e burrave dhe grave<\/p><p><span style=\"font-weight: bolder;\">OS 2<\/span>: T\u00eb zhvilloj\u00eb nj\u00eb rrjet p\u00ebr avokim efektiv t\u00eb politikave, shk\u00ebmbim njohurish, informacionesh si dhe p\u00ebr t\u00eb forcuar k\u00ebrkes\u00ebn e llogaris\u00eb nga ana e qeveris\u00eb.<\/p><p><span style=\"font-weight: bolder;\">OS 3<\/span>: P\u00ebr t\u00eb angazhuar qytetar\u00ebt dhe p\u00ebr t\u00eb kontribuar n\u00eb ndryshimin e politikave q\u00eb do t\u00eb \u00e7oj\u00eb n\u00eb reformimin e financave publike nga k\u00ebndv\u00ebshtrimi gjinor.<\/p><p>Shkurtimisht, p\u00ebrmes analizave gjith\u00ebp\u00ebrfshir\u00ebse, avokimit, transferimit t\u00eb njohurive tek OSHC-t\u00eb e tjera dhe rrjeteve, GB\u00cbN p\u00ebrpiqet t\u00eb plot\u00ebsoj\u00eb boshll\u00ebqet dhe t\u00eb gjeneroj\u00eb ndryshime t\u00eb q\u00ebndrueshme p\u00ebr nj\u00eb shpenzim m\u00eb t\u00eb ekuilibruar dhe me kosto efektive t\u00eb parave publike, me q\u00ebllimin p\u00ebrfundimtar t\u00eb shoq\u00ebrive t\u00eb barabarta gjinore n\u00eb t\u00eb gjitha vendet e Evrop\u00ebs Juglindore.<\/p><p>\u00a0<\/p>\t\t\t\t\t\t\t\t<\/div>\n\t\t\t\t<\/div>\n\t\t\t\t<div class=\"elementor-element elementor-element-902f11e elementor-widget elementor-widget-button\" data-id=\"902f11e\" data-element_type=\"widget\" data-e-type=\"widget\" data-widget_type=\"button.default\">\n\t\t\t\t<div class=\"elementor-widget-container\">\n\t\t\t\t\t\t\t\t\t<div class=\"elementor-button-wrapper\">\n\t\t\t\t\t<a class=\"elementor-button elementor-button-link elementor-size-sm\" href=\"https:\/\/gbwn.net\/sq\/regjistrimi-i-organizates\/\">\n\t\t\t\t\t\t<span class=\"elementor-button-content-wrapper\">\n\t\t\t\t\t\t\t\t\t<span class=\"elementor-button-text\">B\u00ebhuni pjes\u00eb e rrjetit<\/span>\n\t\t\t\t\t<\/span>\n\t\t\t\t\t<\/a>\n\t\t\t\t<\/div>\n\t\t\t\t\t\t\t\t<\/div>\n\t\t\t\t<\/div>\n\t\t\t\t\t<\/div>\n\t\t\t\t<\/div>\n\t\t\t\t\t<\/div>\n\t\t\t\t<\/div>\n\t\t\t\t<\/div>\n\t\t","protected":false},"excerpt":{"rendered":"<p>P\u00ebrshkrim i shkurt\u00ebr Proceset e hartimit t\u00eb politikave dhe buxhetimit n\u00eb Evrop\u00ebn Juglindore dhe Republik\u00ebn e Moldavis\u00eb jan\u00eb t\u00eb mbyllura, jotransparente dhe rezultojn\u00eb n\u00eb politika q\u00eb nuk u p\u00ebrgjigjen n\u00eb m\u00ebnyr\u00eb t\u00eb barabart\u00eb nevojave t\u00eb grave dhe burrave. P\u00ebr m\u00eb tep\u00ebr, burimet publike nuk shp\u00ebrndahen n\u00eb m\u00ebnyr\u00eb t\u00eb drejt\u00eb dhe t\u00eb barabart\u00eb midis burrave dhe [&hellip;]<\/p>\n","protected":false},"author":5,"featured_media":0,"parent":0,"menu_order":0,"comment_status":"closed","ping_status":"closed","template":"elementor_header_footer","meta":{"_monsterinsights_skip_tracking":false,"_monsterinsights_sitenote_active":false,"_monsterinsights_sitenote_note":"","_monsterinsights_sitenote_category":0,"footnotes":""},"class_list":["post-2878","page","type-page","status-publish","hentry"],"_links":{"self":[{"href":"https:\/\/gbwn.net\/sq\/wp-json\/wp\/v2\/pages\/2878","targetHints":{"allow":["GET"]}}],"collection":[{"href":"https:\/\/gbwn.net\/sq\/wp-json\/wp\/v2\/pages"}],"about":[{"href":"https:\/\/gbwn.net\/sq\/wp-json\/wp\/v2\/types\/page"}],"author":[{"embeddable":true,"href":"https:\/\/gbwn.net\/sq\/wp-json\/wp\/v2\/users\/5"}],"replies":[{"embeddable":true,"href":"https:\/\/gbwn.net\/sq\/wp-json\/wp\/v2\/comments?post=2878"}],"version-history":[{"count":10,"href":"https:\/\/gbwn.net\/sq\/wp-json\/wp\/v2\/pages\/2878\/revisions"}],"predecessor-version":[{"id":15471,"href":"https:\/\/gbwn.net\/sq\/wp-json\/wp\/v2\/pages\/2878\/revisions\/15471"}],"wp:attachment":[{"href":"https:\/\/gbwn.net\/sq\/wp-json\/wp\/v2\/media?parent=2878"}],"curies":[{"name":"wp","href":"https:\/\/api.w.org\/{rel}","templated":true}]}}