{"id":14869,"date":"2024-04-09T15:01:16","date_gmt":"2024-04-09T13:01:16","guid":{"rendered":"https:\/\/gbwn.net\/guidebooks\/"},"modified":"2024-10-28T10:41:35","modified_gmt":"2024-10-28T09:41:35","slug":"guidebooks","status":"publish","type":"page","link":"https:\/\/gbwn.net\/sq\/guidebooks\/","title":{"rendered":"Guidebooks"},"content":{"rendered":"\t\t<div data-elementor-type=\"wp-page\" data-elementor-id=\"14869\" class=\"elementor elementor-14869\" data-elementor-post-type=\"page\">\n\t\t\t\t<div class=\"elementor-element elementor-element-315f94e e-flex e-con-boxed e-con e-parent\" data-id=\"315f94e\" data-element_type=\"container\" data-e-type=\"container\">\n\t\t\t\t\t<div class=\"e-con-inner\">\n\t\t<div class=\"elementor-element elementor-element-a36c91d e-con-full e-flex e-con e-child\" data-id=\"a36c91d\" data-element_type=\"container\" data-e-type=\"container\">\n\t\t\t\t<div class=\"elementor-element elementor-element-ed53dcf elementor-headline--style-highlight elementor-widget elementor-widget-animated-headline\" data-id=\"ed53dcf\" data-element_type=\"widget\" data-e-type=\"widget\" data-settings=\"{&quot;marker&quot;:&quot;curly&quot;,&quot;highlighted_text&quot;:&quot;Guidebooks&quot;,&quot;headline_style&quot;:&quot;highlight&quot;,&quot;highlight_animation_duration&quot;:1200}\" data-widget_type=\"animated-headline.default\">\n\t\t\t\t<div class=\"elementor-widget-container\">\n\t\t\t\t\t\t\t<h3 class=\"elementor-headline\">\n\t\t\t\t<span class=\"elementor-headline-dynamic-wrapper elementor-headline-text-wrapper\">\n\t\t\t\t\t<span class=\"elementor-headline-dynamic-text elementor-headline-text-active\">Guidebooks<\/span>\n\t\t\t\t<\/span>\n\t\t\t\t<\/h3>\n\t\t\t\t\t\t<\/div>\n\t\t\t\t<\/div>\n\t\t\t\t<\/div>\n\t\t<div class=\"elementor-element elementor-element-4df36ab e-flex e-con-boxed e-con e-child\" data-id=\"4df36ab\" data-element_type=\"container\" data-e-type=\"container\">\n\t\t\t\t\t<div class=\"e-con-inner\">\n\t\t\t\t<div class=\"elementor-element elementor-element-de6d394 elementor-widget elementor-widget-image\" data-id=\"de6d394\" data-element_type=\"widget\" data-e-type=\"widget\" data-widget_type=\"image.default\">\n\t\t\t\t<div class=\"elementor-widget-container\">\n\t\t\t\t\t\t\t\t\t\t\t\t\t\t\t<img fetchpriority=\"high\" decoding=\"async\" width=\"585\" height=\"521\" src=\"https:\/\/gbwn.net\/wp-content\/uploads\/2024\/04\/guidebook-1.png\" class=\"attachment-large size-large wp-image-10098\" alt=\"\" srcset=\"https:\/\/gbwn.net\/wp-content\/uploads\/2024\/04\/guidebook-1.png 585w, https:\/\/gbwn.net\/wp-content\/uploads\/2024\/04\/guidebook-1-300x267.png 300w, https:\/\/gbwn.net\/wp-content\/uploads\/2024\/04\/guidebook-1-400x356.png 400w\" sizes=\"(max-width: 585px) 100vw, 585px\" \/>\t\t\t\t\t\t\t\t\t\t\t\t\t\t\t<\/div>\n\t\t\t\t<\/div>\n\t\t<div class=\"elementor-element elementor-element-f8c2b09 e-con-full e-flex e-con e-child\" data-id=\"f8c2b09\" data-element_type=\"container\" data-e-type=\"container\">\n\t\t\t\t<div class=\"elementor-element elementor-element-4c64c9f elementor-widget elementor-widget-heading\" data-id=\"4c64c9f\" data-element_type=\"widget\" data-e-type=\"widget\" data-widget_type=\"heading.default\">\n\t\t\t\t<div class=\"elementor-widget-container\">\n\t\t\t\t\t<h2 class=\"elementor-heading-title elementor-size-default\">Gender Cost benefit\/ Cost effectiveness Assessment<\/h2>\t\t\t\t<\/div>\n\t\t\t\t<\/div>\n\t\t<div class=\"elementor-element elementor-element-ceaa9cf e-con-full e-flex e-con e-child\" data-id=\"ceaa9cf\" data-element_type=\"container\" data-e-type=\"container\">\n\t\t\t\t<div class=\"elementor-element elementor-element-77a4e5e elementor-widget elementor-widget-price-list\" data-id=\"77a4e5e\" data-element_type=\"widget\" data-e-type=\"widget\" data-widget_type=\"price-list.default\">\n\t\t\t\t<div class=\"elementor-widget-container\">\n\t\t\t\t\t\n\t\t<ul class=\"elementor-price-list\">\n\n\t\t\t\t\t\t\t\t\t<li><a class=\"elementor-price-list-item\" href=\"https:\/\/gbwn.net\/wp-content\/uploads\/2024\/04\/Gender-cost-benefitcost-effectiveness-assessment-FINAL.pdf\" target=\"_blank\">\t\t\t\t\n\t\t\t\t<div class=\"elementor-price-list-text\">\n\t\t\t\t\t\t\t\t\t\t\t\t\t\t\t<p class=\"elementor-price-list-description\">\n\t\t\t\t\t\t\tDownload your guidebook here\t\t\t\t\t\t<\/p>\n\t\t\t\t\t\t\t\t<\/div>\n\t\t\t\t<\/a><\/li>\t\t\t\t\t\t\t\t\t\t\t\t<li><a class=\"elementor-price-list-item\" href=\"https:\/\/gbwn.net\/wp-content\/uploads\/2024\/06\/\u041f\u0440\u0438\u0440\u0430\u0447\u043d\u0438\u043a-\u0437\u0430-\u043f\u0440\u043e\u0446\u0435\u043d\u043a\u0430-\u043d\u0430-\u0440\u043e\u0434\u043e\u0432\u0438\u0442\u0435-\u043f\u0440\u0438\u0434\u043e\u0431\u0438\u0432\u043a\u0438-\u0442\u0440\u043e\u0448\u043e\u0446\u0438.pdf\" target=\"_blank\">\t\t\t\t\n\t\t\t\t<div class=\"elementor-price-list-text\">\n\t\t\t\t\t\t\t\t\t\t\t\t\t\t\t<p class=\"elementor-price-list-description\">\n\t\t\t\t\t\t\t\u041f\u0440\u0435\u0437\u0435\u043c\u0435\u0442\u0435 \u0433\u043e \u043f\u0440\u0438\u0440\u0430\u0447\u043d\u0438\u043a\u043e\u0442 \u0442\u0443\u043a\u0430\t\t\t\t\t\t<\/p>\n\t\t\t\t\t\t\t\t<\/div>\n\t\t\t\t<\/a><\/li>\t\t\t\t\t\t\t\t\t\t\t\t<li><a class=\"elementor-price-list-item\" href=\"https:\/\/gbwn.net\/wp-content\/uploads\/2024\/06\/GHID.pdf\" target=\"_blank\">\t\t\t\t\n\t\t\t\t<div class=\"elementor-price-list-text\">\n\t\t\t\t\t\t\t\t\t\t\t\t\t\t\t<p class=\"elementor-price-list-description\">\n\t\t\t\t\t\t\tDesc\u0103rca\u021bi ghidul dumneavoastr\u0103 aici\t\t\t\t\t\t<\/p>\n\t\t\t\t\t\t\t\t<\/div>\n\t\t\t\t<\/a><\/li>\t\t\t\t\t\t\t\t\t\t\t\t<li><a class=\"elementor-price-list-item\" href=\"https:\/\/gbwn.net\/wp-content\/uploads\/2024\/06\/MANUALI.pdf\" target=\"_blank\">\t\t\t\t\n\t\t\t\t<div class=\"elementor-price-list-text\">\n\t\t\t\t\t\t\t\t\t\t\t\t\t\t\t<p class=\"elementor-price-list-description\">\n\t\t\t\t\t\t\tShkarkoni udh\u00ebzuesin tuaj k\u00ebtu\t\t\t\t\t\t<\/p>\n\t\t\t\t\t\t\t\t<\/div>\n\t\t\t\t<\/a><\/li>\t\t\t\t\t\t\t\t\t\t\t\t<li><a class=\"elementor-price-list-item\" href=\"https:\/\/gbwn.net\/wp-content\/uploads\/2024\/06\/Guibedook-Procena-troskova-i-koristi-sa-rodnom-perspektivom.pdf\" target=\"_blank\">\t\t\t\t\n\t\t\t\t<div class=\"elementor-price-list-text\">\n\t\t\t\t\t\t\t\t\t\t\t\t\t\t\t<p class=\"elementor-price-list-description\">\n\t\t\t\t\t\t\tPreuzmite va\u0161 vodi\u010d ovde\t\t\t\t\t\t<\/p>\n\t\t\t\t\t\t\t\t<\/div>\n\t\t\t\t<\/a><\/li>\t\t\t\t\t\n\t\t<\/ul>\n\n\t\t\t\t\t\t<\/div>\n\t\t\t\t<\/div>\n\t\t\t\t<\/div>\n\t\t\t\t<\/div>\n\t\t<div class=\"elementor-element elementor-element-b78f69c e-con-full e-flex e-con e-child\" data-id=\"b78f69c\" data-element_type=\"container\" data-e-type=\"container\">\n\t\t\t\t<div class=\"elementor-element elementor-element-30aaa80 elementor-widget elementor-widget-heading\" data-id=\"30aaa80\" data-element_type=\"widget\" data-e-type=\"widget\" data-widget_type=\"heading.default\">\n\t\t\t\t<div class=\"elementor-widget-container\">\n\t\t\t\t\t<h2 class=\"elementor-heading-title elementor-size-default\">Guidebook on Gender Impact Assessments for Budgets<\/h2>\t\t\t\t<\/div>\n\t\t\t\t<\/div>\n\t\t<div class=\"elementor-element elementor-element-92d8b02 e-con-full e-flex e-con e-child\" data-id=\"92d8b02\" data-element_type=\"container\" data-e-type=\"container\">\n\t\t\t\t<div class=\"elementor-element elementor-element-b816e43 elementor-widget elementor-widget-price-list\" data-id=\"b816e43\" data-element_type=\"widget\" data-e-type=\"widget\" data-widget_type=\"price-list.default\">\n\t\t\t\t<div class=\"elementor-widget-container\">\n\t\t\t\t\t\n\t\t<ul class=\"elementor-price-list\">\n\n\t\t\t\t\t\t\t\t\t<li><a class=\"elementor-price-list-item\" href=\"https:\/\/gbwn.net\/wp-content\/uploads\/2024\/04\/Guidebook-on-Gender-Impact-Assessments-for-Budgets-FINAL.pdf\" target=\"_blank\">\t\t\t\t\n\t\t\t\t<div class=\"elementor-price-list-text\">\n\t\t\t\t\t\t\t\t\t\t\t\t\t\t\t<p class=\"elementor-price-list-description\">\n\t\t\t\t\t\t\tDownload your guidebook here\t\t\t\t\t\t<\/p>\n\t\t\t\t\t\t\t\t<\/div>\n\t\t\t\t<\/a><\/li>\t\t\t\t\t\t\t\t\t\t\t\t<li><a class=\"elementor-price-list-item\" href=\"https:\/\/gbwn.net\/wp-content\/uploads\/2024\/06\/%D0%9F%D1%80%D0%B8%D1%80%D0%B0%D1%87%D0%BD%D0%B8%D0%BA-%D0%B7%D0%B0-%D0%B0%D0%BD%D0%B0%D0%BB%D0%B8%D0%B7%D0%B0-%D0%BD%D0%B0-%D1%80%D0%BE%D0%B4%D0%BE%D0%B2-%D0%B1%D1%83%D1%9F%D0%B5%D1%82.pdf\" target=\"_blank\">\t\t\t\t\n\t\t\t\t<div class=\"elementor-price-list-text\">\n\t\t\t\t\t\t\t\t\t\t\t\t\t\t\t<p class=\"elementor-price-list-description\">\n\t\t\t\t\t\t\t\u041f\u0440\u0435\u0437\u0435\u043c\u0435\u0442\u0435 \u0433\u043e \u043f\u0440\u0438\u0440\u0430\u0447\u043d\u0438\u043a\u043e\u0442 \u0442\u0443\u043a\u0430\t\t\t\t\t\t<\/p>\n\t\t\t\t\t\t\t\t<\/div>\n\t\t\t\t<\/a><\/li>\t\t\t\t\t\t\t\t\t\t\t\t<li><a class=\"elementor-price-list-item\" href=\"https:\/\/gbwn.net\/wp-content\/uploads\/2024\/06\/GHID-2.pdf\" target=\"_blank\">\t\t\t\t\n\t\t\t\t<div class=\"elementor-price-list-text\">\n\t\t\t\t\t\t\t\t\t\t\t\t\t\t\t<p class=\"elementor-price-list-description\">\n\t\t\t\t\t\t\tDesc\u0103rca\u021bi ghidul dumneavoastr\u0103 aici\t\t\t\t\t\t<\/p>\n\t\t\t\t\t\t\t\t<\/div>\n\t\t\t\t<\/a><\/li>\t\t\t\t\t\t\t\t\t\t\t\t<li><a class=\"elementor-price-list-item\" href=\"https:\/\/gbwn.net\/wp-content\/uploads\/2024\/06\/Manuali-PER-ANALIZIMIN-E-BUXHETIT-NGA.pdf\" target=\"_blank\">\t\t\t\t\n\t\t\t\t<div class=\"elementor-price-list-text\">\n\t\t\t\t\t\t\t\t\t\t\t\t\t\t\t<p class=\"elementor-price-list-description\">\n\t\t\t\t\t\t\tShkarkoni udh\u00ebzuesin tuaj k\u00ebtu\t\t\t\t\t\t<\/p>\n\t\t\t\t\t\t\t\t<\/div>\n\t\t\t\t<\/a><\/li>\t\t\t\t\t\t\t\t\t\t\t\t<li><a class=\"elementor-price-list-item\" href=\"https:\/\/gbwn.net\/wp-content\/uploads\/2024\/06\/VODIC.pdf\" target=\"_blank\">\t\t\t\t\n\t\t\t\t<div class=\"elementor-price-list-text\">\n\t\t\t\t\t\t\t\t\t\t\t\t\t\t\t<p class=\"elementor-price-list-description\">\n\t\t\t\t\t\t\tPreuzmite va\u0161 vodi\u010d ovde\t\t\t\t\t\t<\/p>\n\t\t\t\t\t\t\t\t<\/div>\n\t\t\t\t<\/a><\/li>\t\t\t\t\t\n\t\t<\/ul>\n\n\t\t\t\t\t\t<\/div>\n\t\t\t\t<\/div>\n\t\t\t\t<\/div>\n\t\t\t\t<\/div>\n\t\t<div class=\"elementor-element elementor-element-dc1e859 e-con-full e-flex e-con e-child\" data-id=\"dc1e859\" data-element_type=\"container\" data-e-type=\"container\">\n\t\t\t\t<div class=\"elementor-element elementor-element-b5c5893 elementor-widget elementor-widget-heading\" data-id=\"b5c5893\" data-element_type=\"widget\" data-e-type=\"widget\" data-widget_type=\"heading.default\">\n\t\t\t\t<div class=\"elementor-widget-container\">\n\t\t\t\t\t<h2 class=\"elementor-heading-title elementor-size-default\">Guidebook on Gender Budget Analysis<\/h2>\t\t\t\t<\/div>\n\t\t\t\t<\/div>\n\t\t<div class=\"elementor-element elementor-element-a428879 e-con-full e-flex e-con e-child\" data-id=\"a428879\" data-element_type=\"container\" data-e-type=\"container\">\n\t\t\t\t<div class=\"elementor-element elementor-element-74b5cac elementor-widget elementor-widget-price-list\" data-id=\"74b5cac\" data-element_type=\"widget\" data-e-type=\"widget\" data-widget_type=\"price-list.default\">\n\t\t\t\t<div class=\"elementor-widget-container\">\n\t\t\t\t\t\n\t\t<ul class=\"elementor-price-list\">\n\n\t\t\t\t\t\t\t\t\t<li><a class=\"elementor-price-list-item\" href=\"https:\/\/gbwn.net\/wp-content\/uploads\/2024\/04\/Guidebook-on-Gender-Budget-Analysis-FINAL.pdf\" target=\"_blank\">\t\t\t\t\n\t\t\t\t<div class=\"elementor-price-list-text\">\n\t\t\t\t\t\t\t\t\t\t\t\t\t\t\t<p class=\"elementor-price-list-description\">\n\t\t\t\t\t\t\tDownload your guidebook here\t\t\t\t\t\t<\/p>\n\t\t\t\t\t\t\t\t<\/div>\n\t\t\t\t<\/a><\/li>\t\t\t\t\t\t\t\t\t\t\t\t<li><a class=\"elementor-price-list-item\" href=\"https:\/\/gbwn.net\/wp-content\/uploads\/2024\/06\/Guidebook-3-%D0%9C%D0%B0%D0%BA%D0%B5%D0%B4%D0%BE%D0%BD%D1%81%D0%BA%D0%B8.pdf\" target=\"_blank\">\t\t\t\t\n\t\t\t\t<div class=\"elementor-price-list-text\">\n\t\t\t\t\t\t\t\t\t\t\t\t\t\t\t<p class=\"elementor-price-list-description\">\n\t\t\t\t\t\t\t\u041f\u0440\u0435\u0437\u0435\u043c\u0435\u0442\u0435 \u0433\u043e \u043f\u0440\u0438\u0440\u0430\u0447\u043d\u0438\u043a\u043e\u0442 \u0442\u0443\u043a\u0430\t\t\t\t\t\t<\/p>\n\t\t\t\t\t\t\t\t<\/div>\n\t\t\t\t<\/a><\/li>\t\t\t\t\t\t\t\t\t\t\t\t<li><a class=\"elementor-price-list-item\" href=\"https:\/\/gbwn.net\/wp-content\/uploads\/2024\/06\/Ghid-3.pdf\" target=\"_blank\">\t\t\t\t\n\t\t\t\t<div class=\"elementor-price-list-text\">\n\t\t\t\t\t\t\t\t\t\t\t\t\t\t\t<p class=\"elementor-price-list-description\">\n\t\t\t\t\t\t\tDesc\u0103rca\u021bi ghidul dumneavoastr\u0103 aici\t\t\t\t\t\t<\/p>\n\t\t\t\t\t\t\t\t<\/div>\n\t\t\t\t<\/a><\/li>\t\t\t\t\t\t\t\t\t\t\t\t<li><a class=\"elementor-price-list-item\" href=\"https:\/\/gbwn.net\/wp-content\/uploads\/2024\/06\/Guidebook-3-Albanian.pdf\" target=\"_blank\">\t\t\t\t\n\t\t\t\t<div class=\"elementor-price-list-text\">\n\t\t\t\t\t\t\t\t\t\t\t\t\t\t\t<p class=\"elementor-price-list-description\">\n\t\t\t\t\t\t\tShkarkoni udh\u00ebzuesin tuaj k\u00ebtu\t\t\t\t\t\t<\/p>\n\t\t\t\t\t\t\t\t<\/div>\n\t\t\t\t<\/a><\/li>\t\t\t\t\t\t\t\t\t\t\t\t<li><a class=\"elementor-price-list-item\" href=\"https:\/\/gbwn.net\/wp-content\/uploads\/2024\/06\/Vodic-3.pdf\" target=\"_blank\">\t\t\t\t\n\t\t\t\t<div class=\"elementor-price-list-text\">\n\t\t\t\t\t\t\t\t\t\t\t\t\t\t\t<p class=\"elementor-price-list-description\">\n\t\t\t\t\t\t\tPreuzmite va\u0161 vodi\u010d ovde\t\t\t\t\t\t<\/p>\n\t\t\t\t\t\t\t\t<\/div>\n\t\t\t\t<\/a><\/li>\t\t\t\t\t\n\t\t<\/ul>\n\n\t\t\t\t\t\t<\/div>\n\t\t\t\t<\/div>\n\t\t\t\t<\/div>\n\t\t\t\t<\/div>\n\t\t<div class=\"elementor-element elementor-element-e057cd2 e-con-full e-flex e-con e-child\" data-id=\"e057cd2\" data-element_type=\"container\" data-e-type=\"container\">\n\t\t\t\t<div class=\"elementor-element elementor-element-9abbb0f elementor-widget elementor-widget-heading\" data-id=\"9abbb0f\" data-element_type=\"widget\" data-e-type=\"widget\" data-widget_type=\"heading.default\">\n\t\t\t\t<div class=\"elementor-widget-container\">\n\t\t\t\t\t<h2 class=\"elementor-heading-title elementor-size-default\">Guidebook for Gender Budget Watchdogging in Climate Change Financing<\/h2>\t\t\t\t<\/div>\n\t\t\t\t<\/div>\n\t\t<div class=\"elementor-element elementor-element-9ba165c e-con-full e-flex e-con e-child\" data-id=\"9ba165c\" data-element_type=\"container\" data-e-type=\"container\">\n\t\t\t\t<div class=\"elementor-element elementor-element-9b39193 elementor-widget elementor-widget-price-list\" data-id=\"9b39193\" data-element_type=\"widget\" data-e-type=\"widget\" data-widget_type=\"price-list.default\">\n\t\t\t\t<div class=\"elementor-widget-container\">\n\t\t\t\t\t\n\t\t<ul class=\"elementor-price-list\">\n\n\t\t\t\t\t\t\t\t\t<li><a class=\"elementor-price-list-item\" href=\"https:\/\/gbwn.net\/wp-content\/uploads\/2024\/04\/Guidebook-for-gender-budget-watchdogging-in-climate-change-financing-FINAL.pdf\" target=\"_blank\">\t\t\t\t\n\t\t\t\t<div class=\"elementor-price-list-text\">\n\t\t\t\t\t\t\t\t\t\t\t\t\t\t\t<p class=\"elementor-price-list-description\">\n\t\t\t\t\t\t\tDownload your guidebook here\t\t\t\t\t\t<\/p>\n\t\t\t\t\t\t\t\t<\/div>\n\t\t\t\t<\/a><\/li>\t\t\t\t\t\t\t\t\t\t\t\t<li><a class=\"elementor-price-list-item\" href=\"https:\/\/gbwn.net\/wp-content\/uploads\/2024\/06\/%D0%9F%D0%A0%D0%98%D0%A0%D0%90%D0%A7%D0%9D%D0%98%D0%9A-%D0%B7%D0%B0-%D0%BD%D0%B0%D0%B1%D1%99%D1%83%D0%B4%D1%83%D0%B2%D0%B0%D1%9A%D0%B5-%D0%BD%D0%B0-%D0%B1%D1%83%D1%9F%D0%B5%D1%82%D0%B8%D1%82%D0%B5-%D0%BE%D0%B4-%D1%80%D0%BE%D0%B4%D0%BE%D0%B2-%D0%B0%D1%81%D0%BF%D0%B5%D0%BA%D1%82.pdf\" target=\"_blank\">\t\t\t\t\n\t\t\t\t<div class=\"elementor-price-list-text\">\n\t\t\t\t\t\t\t\t\t\t\t\t\t\t\t<p class=\"elementor-price-list-description\">\n\t\t\t\t\t\t\t\u041f\u0440\u0435\u0437\u0435\u043c\u0435\u0442\u0435 \u0433\u043e \u043f\u0440\u0438\u0440\u0430\u0447\u043d\u0438\u043a\u043e\u0442 \u0442\u0443\u043a\u0430\t\t\t\t\t\t<\/p>\n\t\t\t\t\t\t\t\t<\/div>\n\t\t\t\t<\/a><\/li>\t\t\t\t\t\t\t\t\t\t\t\t<li><a class=\"elementor-price-list-item\" href=\"https:\/\/gbwn.net\/wp-content\/uploads\/2024\/06\/Ghid-PENTRU-CONTROLUL-BUGETULUI.pdf\" target=\"_blank\">\t\t\t\t\n\t\t\t\t<div class=\"elementor-price-list-text\">\n\t\t\t\t\t\t\t\t\t\t\t\t\t\t\t<p class=\"elementor-price-list-description\">\n\t\t\t\t\t\t\tDesc\u0103rca\u021bi ghidul dumneavoastr\u0103 aici\t\t\t\t\t\t<\/p>\n\t\t\t\t\t\t\t\t<\/div>\n\t\t\t\t<\/a><\/li>\t\t\t\t\t\t\t\t\t\t\t\t<li><a class=\"elementor-price-list-item\" href=\"https:\/\/gbwn.net\/wp-content\/uploads\/2024\/06\/MANUALI-PER-MBIKEQYRJEN-E-BUXHETIMIT.pdf\" target=\"_blank\">\t\t\t\t\n\t\t\t\t<div class=\"elementor-price-list-text\">\n\t\t\t\t\t\t\t\t\t\t\t\t\t\t\t<p class=\"elementor-price-list-description\">\n\t\t\t\t\t\t\tShkarkoni udh\u00ebzuesin tuaj k\u00ebtu\t\t\t\t\t\t<\/p>\n\t\t\t\t\t\t\t\t<\/div>\n\t\t\t\t<\/a><\/li>\t\t\t\t\t\t\t\t\t\t\t\t<li><a class=\"elementor-price-list-item\" href=\"https:\/\/gbwn.net\/wp-content\/uploads\/2024\/06\/Vodic-ZA-PRACENJE-RODNOG-BUDZETIRANJA.pdf\" target=\"_blank\">\t\t\t\t\n\t\t\t\t<div class=\"elementor-price-list-text\">\n\t\t\t\t\t\t\t\t\t\t\t\t\t\t\t<p class=\"elementor-price-list-description\">\n\t\t\t\t\t\t\tPreuzmite va\u0161 vodi\u010d ovde\t\t\t\t\t\t<\/p>\n\t\t\t\t\t\t\t\t<\/div>\n\t\t\t\t<\/a><\/li>\t\t\t\t\t\n\t\t<\/ul>\n\n\t\t\t\t\t\t<\/div>\n\t\t\t\t<\/div>\n\t\t\t\t<\/div>\n\t\t\t\t<\/div>\n\t\t<div class=\"elementor-element elementor-element-a917b53 e-con-full e-flex e-con e-child\" data-id=\"a917b53\" data-element_type=\"container\" data-e-type=\"container\">\n\t\t\t\t<div class=\"elementor-element elementor-element-8223a90 elementor-widget elementor-widget-heading\" data-id=\"8223a90\" data-element_type=\"widget\" data-e-type=\"widget\" data-widget_type=\"heading.default\">\n\t\t\t\t<div class=\"elementor-widget-container\">\n\t\t\t\t\t<h2 class=\"elementor-heading-title elementor-size-default\">Guidebook on Advocacy and Lobbying for Gender Responsive Budgeting and Climate Change<\/h2>\t\t\t\t<\/div>\n\t\t\t\t<\/div>\n\t\t<div class=\"elementor-element elementor-element-f8a277a e-con-full e-flex e-con e-child\" data-id=\"f8a277a\" data-element_type=\"container\" data-e-type=\"container\">\n\t\t\t\t<div class=\"elementor-element elementor-element-ea0ce92 elementor-widget elementor-widget-price-list\" data-id=\"ea0ce92\" data-element_type=\"widget\" data-e-type=\"widget\" data-widget_type=\"price-list.default\">\n\t\t\t\t<div class=\"elementor-widget-container\">\n\t\t\t\t\t\n\t\t<ul class=\"elementor-price-list\">\n\n\t\t\t\t\t\t\t\t\t<li><a class=\"elementor-price-list-item\" href=\"https:\/\/gbwn.net\/wp-content\/uploads\/2024\/04\/Guidebook-On-Advocacy-and-Lobbying-for-Gender-Responsive-Budgeting-and-Climate-Change-FINAL.pdf\" target=\"_blank\">\t\t\t\t\n\t\t\t\t<div class=\"elementor-price-list-text\">\n\t\t\t\t\t\t\t\t\t\t\t\t\t\t\t<p class=\"elementor-price-list-description\">\n\t\t\t\t\t\t\tDownload your guidebook here\t\t\t\t\t\t<\/p>\n\t\t\t\t\t\t\t\t<\/div>\n\t\t\t\t<\/a><\/li>\t\t\t\t\t\t\t\t\t\t\t\t<li><a class=\"elementor-price-list-item\" href=\"https:\/\/gbwn.net\/wp-content\/uploads\/2024\/06\/%D0%9F%D0%A0%D0%98%D0%A0%D0%90%D0%A7%D0%9D%D0%98%D0%9A-%D0%B7%D0%B0-%D0%BD%D0%B0%D0%B1%D1%99%D1%83%D0%B4%D1%83%D0%B2%D0%B0%D1%9A%D0%B5-%D0%BD%D0%B0-%D0%B1%D1%83%D1%9F%D0%B5%D1%82%D0%B8%D1%82%D0%B5-%D0%BE%D0%B4-%D1%80%D0%BE%D0%B4%D0%BE%D0%B2-%D0%B0%D1%81%D0%BF%D0%B5%D0%BA%D1%82.pdf\" target=\"_blank\">\t\t\t\t\n\t\t\t\t<div class=\"elementor-price-list-text\">\n\t\t\t\t\t\t\t\t\t\t\t\t\t\t\t<p class=\"elementor-price-list-description\">\n\t\t\t\t\t\t\t\u041f\u0440\u0435\u0437\u0435\u043c\u0435\u0442\u0435 \u0433\u043e \u043f\u0440\u0438\u0440\u0430\u0447\u043d\u0438\u043a\u043e\u0442 \u0442\u0443\u043a\u0430\t\t\t\t\t\t<\/p>\n\t\t\t\t\t\t\t\t<\/div>\n\t\t\t\t<\/a><\/li>\t\t\t\t\t\t\t\t\t\t\t\t<li><a class=\"elementor-price-list-item\" href=\"https:\/\/gbwn.net\/wp-content\/uploads\/2024\/06\/Ghid-PENTRU-CONTROLUL-BUGETULUI.pdf\" target=\"_blank\">\t\t\t\t\n\t\t\t\t<div class=\"elementor-price-list-text\">\n\t\t\t\t\t\t\t\t\t\t\t\t\t\t\t<p class=\"elementor-price-list-description\">\n\t\t\t\t\t\t\tDesc\u0103rca\u021bi ghidul dumneavoastr\u0103 aici\t\t\t\t\t\t<\/p>\n\t\t\t\t\t\t\t\t<\/div>\n\t\t\t\t<\/a><\/li>\t\t\t\t\t\t\t\t\t\t\t\t<li><a class=\"elementor-price-list-item\" href=\"https:\/\/gbwn.net\/wp-content\/uploads\/2024\/06\/MANUALI-PER-MBIKEQYRJEN-E-BUXHETIMIT.pdf\" target=\"_blank\">\t\t\t\t\n\t\t\t\t<div class=\"elementor-price-list-text\">\n\t\t\t\t\t\t\t\t\t\t\t\t\t\t\t<p class=\"elementor-price-list-description\">\n\t\t\t\t\t\t\tShkarkoni udh\u00ebzuesin tuaj k\u00ebtu\t\t\t\t\t\t<\/p>\n\t\t\t\t\t\t\t\t<\/div>\n\t\t\t\t<\/a><\/li>\t\t\t\t\t\t\t\t\t\t\t\t<li><a class=\"elementor-price-list-item\" href=\"https:\/\/gbwn.net\/wp-content\/uploads\/2024\/06\/Vodic-ZA-PRACENJE-RODNOG-BUDZETIRANJA.pdf\" target=\"_blank\">\t\t\t\t\n\t\t\t\t<div class=\"elementor-price-list-text\">\n\t\t\t\t\t\t\t\t\t\t\t\t\t\t\t<p class=\"elementor-price-list-description\">\n\t\t\t\t\t\t\tPreuzmite va\u0161 vodi\u010d ovde\t\t\t\t\t\t<\/p>\n\t\t\t\t\t\t\t\t<\/div>\n\t\t\t\t<\/a><\/li>\t\t\t\t\t\n\t\t<\/ul>\n\n\t\t\t\t\t\t<\/div>\n\t\t\t\t<\/div>\n\t\t\t\t<\/div>\n\t\t\t\t<\/div>\n\t\t\t\t\t<\/div>\n\t\t\t\t<\/div>\n\t\t\t\t\t<\/div>\n\t\t\t\t<\/div>\n\t\t\t\t<\/div>\n\t\t","protected":false},"excerpt":{"rendered":"<p>Guidebooks Gender Cost benefit\/ Cost effectiveness Assessment Download your guidebook here &nbsp; \u041f\u0440\u0435\u0437\u0435\u043c\u0435\u0442\u0435 \u0433\u043e \u043f\u0440\u0438\u0440\u0430\u0447\u043d\u0438\u043a\u043e\u0442 \u0442\u0443\u043a\u0430 &nbsp; Desc\u0103rca\u021bi ghidul dumneavoastr\u0103 aici &nbsp; Shkarkoni udh\u00ebzuesin tuaj k\u00ebtu &nbsp; Preuzmite va\u0161 vodi\u010d ovde &nbsp; Guidebook on Gender Impact Assessments for Budgets Download your guidebook here &nbsp; \u041f\u0440\u0435\u0437\u0435\u043c\u0435\u0442\u0435 \u0433\u043e \u043f\u0440\u0438\u0440\u0430\u0447\u043d\u0438\u043a\u043e\u0442 \u0442\u0443\u043a\u0430 &nbsp; Desc\u0103rca\u021bi ghidul dumneavoastr\u0103 aici &nbsp; Shkarkoni [&hellip;]<\/p>\n","protected":false},"author":69,"featured_media":0,"parent":0,"menu_order":0,"comment_status":"closed","ping_status":"closed","template":"elementor_header_footer","meta":{"_monsterinsights_skip_tracking":false,"_monsterinsights_sitenote_active":false,"_monsterinsights_sitenote_note":"","_monsterinsights_sitenote_category":0,"footnotes":""},"class_list":["post-14869","page","type-page","status-publish","hentry"],"_links":{"self":[{"href":"https:\/\/gbwn.net\/sq\/wp-json\/wp\/v2\/pages\/14869","targetHints":{"allow":["GET"]}}],"collection":[{"href":"https:\/\/gbwn.net\/sq\/wp-json\/wp\/v2\/pages"}],"about":[{"href":"https:\/\/gbwn.net\/sq\/wp-json\/wp\/v2\/types\/page"}],"author":[{"embeddable":true,"href":"https:\/\/gbwn.net\/sq\/wp-json\/wp\/v2\/users\/69"}],"replies":[{"embeddable":true,"href":"https:\/\/gbwn.net\/sq\/wp-json\/wp\/v2\/comments?post=14869"}],"version-history":[{"count":1,"href":"https:\/\/gbwn.net\/sq\/wp-json\/wp\/v2\/pages\/14869\/revisions"}],"predecessor-version":[{"id":14870,"href":"https:\/\/gbwn.net\/sq\/wp-json\/wp\/v2\/pages\/14869\/revisions\/14870"}],"wp:attachment":[{"href":"https:\/\/gbwn.net\/sq\/wp-json\/wp\/v2\/media?parent=14869"}],"curies":[{"name":"wp","href":"https:\/\/api.w.org\/{rel}","templated":true}]}}