{"id":2735,"date":"2021-01-22T14:41:46","date_gmt":"2021-01-22T12:41:46","guid":{"rendered":"https:\/\/gbwn.net\/?page_id=2735"},"modified":"2023-06-15T13:50:10","modified_gmt":"2023-06-15T11:50:10","slug":"reteaua-regionala","status":"publish","type":"page","link":"https:\/\/gbwn.net\/ro\/reteaua-regionala\/","title":{"rendered":"Re\u021beaua regional\u0103"},"content":{"rendered":"\t\t<div data-elementor-type=\"wp-page\" data-elementor-id=\"2735\" class=\"elementor elementor-2735\" data-elementor-post-type=\"page\">\n\t\t\t\t\t\t<section class=\"elementor-section elementor-top-section elementor-element elementor-element-91eccb5 elementor-section-boxed elementor-section-height-default elementor-section-height-default\" data-id=\"91eccb5\" data-element_type=\"section\" data-e-type=\"section\">\n\t\t\t\t\t\t<div class=\"elementor-container elementor-column-gap-default\">\n\t\t\t\t\t<div class=\"elementor-column elementor-col-100 elementor-top-column elementor-element elementor-element-f0e0aa7\" data-id=\"f0e0aa7\" data-element_type=\"column\" data-e-type=\"column\">\n\t\t\t<div class=\"elementor-widget-wrap elementor-element-populated\">\n\t\t\t\t\t\t<div class=\"elementor-element elementor-element-25a3755 elementor-widget elementor-widget-text-editor\" data-id=\"25a3755\" data-element_type=\"widget\" data-e-type=\"widget\" data-widget_type=\"text-editor.default\">\n\t\t\t\t<div class=\"elementor-widget-container\">\n\t\t\t\t\t\t\t\t\t<p>Ne propunem ca re\u021beaua GBWN s\u0103 devin\u0103 o platform\u0103 lider pentru schimbarea politicilor \u0219i un spa\u021biu de dialog care reune\u0219te activi\u0219ti civici, exper\u021bi \u0219i persoane afiliate diferitor proiecte, care lucreaz\u0103 \u0219i pledeaz\u0103 pentru egalitatea de gen \u0219i pentru bugete sensibile la gen. Platforma se dore\u0219te a fi un spa\u021biu comun, care ofer\u0103 date \u0219i recomand\u0103ri relevante \u0219i bazate pe dovezi factorilor de decizie din Balcanii de Vest \u0219i Republica Moldova pentru a implementa reglement\u0103rile politicii bugetare \u00eentr-un mod mai sensibil \u0219i mai responsabil din perspectiva de gen.<\/p><p>Exist\u0103 trei op\u021biuni prin care putem dezvolta \u0219i extinde re\u021beaua GBWN: prin \u00eenregistrarea pe platform\u0103 a unui anumit proiect \u00een domeniul buget\u0103rii sensibile la gen (BSG), a unei organiza\u021bii care activeaz\u0103 \u00een domeniul egalit\u0103\u021bii de gen \/ BSG sau a exper\u021bilor individuali specializa\u021bi \u00een BSG.<\/p><p><strong>Tutorial de \u00eenregistrare<\/strong><\/p><p><em>\u00cenregistrarea organiza\u021biei<\/em><\/p><p>Pozi\u021biona\u021bi indicatorul mouse-ului pe bara meniului principal pe Re\u021beaua regional\u0103 \u0219i apoi selecta\u021bi \u021bara \u00een care se afl\u0103 organiza\u021bia Dvs. &#8211; de exemplu Macedonia de Nord. La st\u00e2nga, \u00een submeniu, vor ap\u0103rea trei op\u021biuni (ca \u00een fotografie). Selecta\u021bi \u00cenregistrare organiza\u021bie. Trebuie s\u0103 completa\u021bi toate c\u00e2mpurile obligatorii, oferind informa\u021bii scurte, dar explicative despre organiza\u021bia dvs. Dup\u0103 finalizarea \u00eenregistr\u0103rii, confirma\u021bi datele introduse f\u0103c\u00e2nd clic pe link-ul de confirmare pe care \u00eel ve\u021bi primi pe adresa de e-mail, pe care a\u021bi utilizat-o pentru \u00eenregistrare. Ulterior, administratorul GBWN va aproba \u00eenregistrarea dvs., iar portofoliul organiza\u021biei dvs. va fi afi\u0219at pe platforma electronic\u0103.<\/p>\t\t\t\t\t\t\t\t<\/div>\n\t\t\t\t<\/div>\n\t\t\t\t<div class=\"elementor-element elementor-element-c8d8053 elementor-widget elementor-widget-image\" data-id=\"c8d8053\" data-element_type=\"widget\" data-e-type=\"widget\" data-widget_type=\"image.default\">\n\t\t\t\t<div class=\"elementor-widget-container\">\n\t\t\t\t\t\t\t\t\t\t\t\t\t\t\t<img fetchpriority=\"high\" decoding=\"async\" width=\"768\" height=\"256\" src=\"https:\/\/gbwn.net\/wp-content\/uploads\/2020\/12\/step3-768x256.png\" class=\"attachment-medium_large size-medium_large wp-image-2433\" alt=\"\" srcset=\"https:\/\/gbwn.net\/wp-content\/uploads\/2020\/12\/step3-768x256.png 768w, https:\/\/gbwn.net\/wp-content\/uploads\/2020\/12\/step3-300x100.png 300w, https:\/\/gbwn.net\/wp-content\/uploads\/2020\/12\/step3-1024x341.png 1024w, https:\/\/gbwn.net\/wp-content\/uploads\/2020\/12\/step3-1536x511.png 1536w, https:\/\/gbwn.net\/wp-content\/uploads\/2020\/12\/step3-825x275.png 825w, https:\/\/gbwn.net\/wp-content\/uploads\/2020\/12\/step3-600x200.png 600w, https:\/\/gbwn.net\/wp-content\/uploads\/2020\/12\/step3-400x133.png 400w, https:\/\/gbwn.net\/wp-content\/uploads\/2020\/12\/step3.png 1890w\" sizes=\"(max-width: 768px) 100vw, 768px\" \/>\t\t\t\t\t\t\t\t\t\t\t\t\t\t\t<\/div>\n\t\t\t\t<\/div>\n\t\t\t\t\t<\/div>\n\t\t<\/div>\n\t\t\t\t\t<\/div>\n\t\t<\/section>\n\t\t\t\t<section class=\"elementor-section elementor-top-section elementor-element elementor-element-54ed6f3 elementor-section-boxed elementor-section-height-default elementor-section-height-default\" data-id=\"54ed6f3\" data-element_type=\"section\" data-e-type=\"section\">\n\t\t\t\t\t\t<div class=\"elementor-container elementor-column-gap-default\">\n\t\t\t\t\t<div class=\"elementor-column elementor-col-100 elementor-top-column elementor-element elementor-element-a4e04af\" data-id=\"a4e04af\" data-element_type=\"column\" data-e-type=\"column\">\n\t\t\t<div class=\"elementor-widget-wrap elementor-element-populated\">\n\t\t\t\t\t\t<div class=\"elementor-element elementor-element-59b38b5 elementor-widget elementor-widget-image\" data-id=\"59b38b5\" data-element_type=\"widget\" data-e-type=\"widget\" data-widget_type=\"image.default\">\n\t\t\t\t<div class=\"elementor-widget-container\">\n\t\t\t\t\t\t\t\t\t\t\t\t\t\t\t<img decoding=\"async\" width=\"768\" height=\"392\" src=\"https:\/\/gbwn.net\/wp-content\/uploads\/2020\/12\/step-4-768x392.png\" class=\"attachment-medium_large size-medium_large wp-image-2428\" alt=\"\" srcset=\"https:\/\/gbwn.net\/wp-content\/uploads\/2020\/12\/step-4-768x392.png 768w, https:\/\/gbwn.net\/wp-content\/uploads\/2020\/12\/step-4-300x153.png 300w, https:\/\/gbwn.net\/wp-content\/uploads\/2020\/12\/step-4-1024x522.png 1024w, https:\/\/gbwn.net\/wp-content\/uploads\/2020\/12\/step-4-1536x783.png 1536w, https:\/\/gbwn.net\/wp-content\/uploads\/2020\/12\/step-4-825x421.png 825w, https:\/\/gbwn.net\/wp-content\/uploads\/2020\/12\/step-4-1764x900.png 1764w, https:\/\/gbwn.net\/wp-content\/uploads\/2020\/12\/step-4-600x306.png 600w, https:\/\/gbwn.net\/wp-content\/uploads\/2020\/12\/step-4-400x204.png 400w, https:\/\/gbwn.net\/wp-content\/uploads\/2020\/12\/step-4.png 1884w\" sizes=\"(max-width: 768px) 100vw, 768px\" \/>\t\t\t\t\t\t\t\t\t\t\t\t\t\t\t<\/div>\n\t\t\t\t<\/div>\n\t\t\t\t\t<\/div>\n\t\t<\/div>\n\t\t\t\t\t<\/div>\n\t\t<\/section>\n\t\t\t\t<section class=\"elementor-section elementor-top-section elementor-element elementor-element-5e2701c elementor-section-boxed elementor-section-height-default elementor-section-height-default\" data-id=\"5e2701c\" data-element_type=\"section\" data-e-type=\"section\">\n\t\t\t\t\t\t<div class=\"elementor-container elementor-column-gap-default\">\n\t\t\t\t\t<div class=\"elementor-column elementor-col-100 elementor-top-column elementor-element elementor-element-7fc8de3\" data-id=\"7fc8de3\" data-element_type=\"column\" data-e-type=\"column\">\n\t\t\t<div class=\"elementor-widget-wrap elementor-element-populated\">\n\t\t\t\t\t\t<div class=\"elementor-element elementor-element-2a97441 elementor-widget elementor-widget-text-editor\" data-id=\"2a97441\" data-element_type=\"widget\" data-e-type=\"widget\" data-widget_type=\"text-editor.default\">\n\t\t\t\t<div class=\"elementor-widget-container\">\n\t\t\t\t\t\t\t\t\t<p><em>\u00cenregistrarea proiectului<\/em><\/p><p>Pozi\u021biona\u021bi indicatorul mouse-ului pe bara meniului principal pe Re\u021beaua regional\u0103 \u0219i apoi selecta\u021bi \u021bara \u00een care se desf\u0103\u0219oar\u0103 \u00een prezent proiectul &#8211; de exemplu Republica Moldova. La st\u00e2nga, \u00een submeniu, vor ap\u0103rea trei op\u021biuni (ca \u00een fotografie). Selecta\u021bi \u00cenregistrare proiect. Trebuie s\u0103 completa\u021bi toate c\u00e2mpurile obligatorii oferind informa\u021bii scurte, dar explicative, despre proiectul dvs. care vizeaz\u0103 bugetarea sensibil\u0103 la gen (BSG) \/ egalitate de gen. Dup\u0103 finalizarea \u00eenregistr\u0103rii, confirma\u021bi datele introduse f\u0103c\u00e2nd clic pe link-ul de confirmare pe care \u00eel ve\u021bi primi pe adresa de e-mail, pe care a\u021bi utilizat-o pentru \u00eenregistrare. Ulterior, administratorul GBWN va aproba \u00eenregistrarea dvs., iar informa\u021biile despre proiect vor fi afi\u0219ate pe platforma electronic\u0103.<\/p>\t\t\t\t\t\t\t\t<\/div>\n\t\t\t\t<\/div>\n\t\t\t\t\t<\/div>\n\t\t<\/div>\n\t\t\t\t\t<\/div>\n\t\t<\/section>\n\t\t\t\t<section class=\"elementor-section elementor-top-section elementor-element elementor-element-e8e2c77 elementor-section-boxed elementor-section-height-default elementor-section-height-default\" data-id=\"e8e2c77\" data-element_type=\"section\" data-e-type=\"section\">\n\t\t\t\t\t\t<div class=\"elementor-container elementor-column-gap-default\">\n\t\t\t\t\t<div class=\"elementor-column elementor-col-100 elementor-top-column elementor-element elementor-element-52511d2\" data-id=\"52511d2\" data-element_type=\"column\" data-e-type=\"column\">\n\t\t\t<div class=\"elementor-widget-wrap elementor-element-populated\">\n\t\t\t\t\t\t<div class=\"elementor-element elementor-element-7355e99 elementor-widget elementor-widget-image\" data-id=\"7355e99\" data-element_type=\"widget\" data-e-type=\"widget\" data-widget_type=\"image.default\">\n\t\t\t\t<div class=\"elementor-widget-container\">\n\t\t\t\t\t\t\t\t\t\t\t\t\t\t\t<img fetchpriority=\"high\" decoding=\"async\" width=\"768\" height=\"256\" src=\"https:\/\/gbwn.net\/wp-content\/uploads\/2020\/12\/step3-768x256.png\" class=\"attachment-medium_large size-medium_large wp-image-2433\" alt=\"\" srcset=\"https:\/\/gbwn.net\/wp-content\/uploads\/2020\/12\/step3-768x256.png 768w, https:\/\/gbwn.net\/wp-content\/uploads\/2020\/12\/step3-300x100.png 300w, https:\/\/gbwn.net\/wp-content\/uploads\/2020\/12\/step3-1024x341.png 1024w, https:\/\/gbwn.net\/wp-content\/uploads\/2020\/12\/step3-1536x511.png 1536w, https:\/\/gbwn.net\/wp-content\/uploads\/2020\/12\/step3-825x275.png 825w, https:\/\/gbwn.net\/wp-content\/uploads\/2020\/12\/step3-600x200.png 600w, https:\/\/gbwn.net\/wp-content\/uploads\/2020\/12\/step3-400x133.png 400w, https:\/\/gbwn.net\/wp-content\/uploads\/2020\/12\/step3.png 1890w\" sizes=\"(max-width: 768px) 100vw, 768px\" \/>\t\t\t\t\t\t\t\t\t\t\t\t\t\t\t<\/div>\n\t\t\t\t<\/div>\n\t\t\t\t\t<\/div>\n\t\t<\/div>\n\t\t\t\t\t<\/div>\n\t\t<\/section>\n\t\t\t\t<section class=\"elementor-section elementor-top-section elementor-element elementor-element-523d8cb elementor-section-boxed elementor-section-height-default elementor-section-height-default\" data-id=\"523d8cb\" data-element_type=\"section\" data-e-type=\"section\">\n\t\t\t\t\t\t<div class=\"elementor-container elementor-column-gap-default\">\n\t\t\t\t\t<div class=\"elementor-column elementor-col-100 elementor-top-column elementor-element elementor-element-cbcd23c\" data-id=\"cbcd23c\" data-element_type=\"column\" data-e-type=\"column\">\n\t\t\t<div class=\"elementor-widget-wrap elementor-element-populated\">\n\t\t\t\t\t\t<div class=\"elementor-element elementor-element-1020ab1 elementor-widget elementor-widget-image\" data-id=\"1020ab1\" data-element_type=\"widget\" data-e-type=\"widget\" data-widget_type=\"image.default\">\n\t\t\t\t<div class=\"elementor-widget-container\">\n\t\t\t\t\t\t\t\t\t\t\t\t\t\t\t<img decoding=\"async\" width=\"624\" height=\"340\" src=\"https:\/\/gbwn.net\/wp-content\/uploads\/2020\/12\/download-4.png\" class=\"attachment-large size-large wp-image-2440\" alt=\"\" srcset=\"https:\/\/gbwn.net\/wp-content\/uploads\/2020\/12\/download-4.png 624w, https:\/\/gbwn.net\/wp-content\/uploads\/2020\/12\/download-4-300x163.png 300w, https:\/\/gbwn.net\/wp-content\/uploads\/2020\/12\/download-4-600x327.png 600w, https:\/\/gbwn.net\/wp-content\/uploads\/2020\/12\/download-4-400x218.png 400w\" sizes=\"(max-width: 624px) 100vw, 624px\" \/>\t\t\t\t\t\t\t\t\t\t\t\t\t\t\t<\/div>\n\t\t\t\t<\/div>\n\t\t\t\t\t<\/div>\n\t\t<\/div>\n\t\t\t\t\t<\/div>\n\t\t<\/section>\n\t\t\t\t<section class=\"elementor-section elementor-top-section elementor-element elementor-element-d45dac5 elementor-section-boxed elementor-section-height-default elementor-section-height-default\" data-id=\"d45dac5\" data-element_type=\"section\" data-e-type=\"section\">\n\t\t\t\t\t\t<div class=\"elementor-container elementor-column-gap-default\">\n\t\t\t\t\t<div class=\"elementor-column elementor-col-100 elementor-top-column elementor-element elementor-element-60e18a9\" data-id=\"60e18a9\" data-element_type=\"column\" data-e-type=\"column\">\n\t\t\t<div class=\"elementor-widget-wrap elementor-element-populated\">\n\t\t\t\t\t\t<div class=\"elementor-element elementor-element-0c3dfb7 elementor-widget elementor-widget-text-editor\" data-id=\"0c3dfb7\" data-element_type=\"widget\" data-e-type=\"widget\" data-widget_type=\"text-editor.default\">\n\t\t\t\t<div class=\"elementor-widget-container\">\n\t\t\t\t\t\t\t\t\t<p><em>\u00cenregistrarea expertului<\/em><\/p><p>Pozi\u021biona\u021bi indicatorul mouse-ului pe bara meniului principal pe Re\u021beaua regional\u0103 \u0219i apoi selecta\u021bi \u021bara \u00een care lucra\u021bi ca expert. \u00cen cazul \u00een care lucra\u021bi \u00een diferite \u021b\u0103ri, selecta\u021bi \u021bara \u00een func\u021bie de na\u021bionalitate, dar furniza\u021bi \u00een descriere informa\u021bii despre expertiza oferit\u0103 la nivel regional. Selecta\u021bi \u00cenregistrare expert. Trebuie s\u0103 completa\u021bi toate c\u00e2mpurile obligatorii, oferind informa\u021bii scurte, dar explicative, despre experien\u021ba, cuno\u0219tin\u021bele \u0219i know-how-ul dvs. \u00een domeniul buget\u0103rii sensibile la gen (BSG) \/ egalit\u0103\u021bii de gen. Dup\u0103 finalizarea \u00eenregistr\u0103rii, confirma\u021bi datele introduse f\u0103c\u00e2nd clic pe link-ul de confirmare pe care \u00eel ve\u021bi primi pe adresa de e-mail, pe care a\u021bi utilizat-o pentru \u00eenregistrare.\u00a0 Ulterior, administratorul GBWN va aproba \u00eenregistrarea dvs., iar portofoliul dvs. de expertiz\u0103 va fi afi\u0219at pe platforma electronic\u0103.<\/p>\t\t\t\t\t\t\t\t<\/div>\n\t\t\t\t<\/div>\n\t\t\t\t\t<\/div>\n\t\t<\/div>\n\t\t\t\t\t<\/div>\n\t\t<\/section>\n\t\t\t\t<section class=\"elementor-section elementor-top-section elementor-element elementor-element-99ef210 elementor-section-boxed elementor-section-height-default elementor-section-height-default\" data-id=\"99ef210\" data-element_type=\"section\" data-e-type=\"section\">\n\t\t\t\t\t\t<div class=\"elementor-container elementor-column-gap-default\">\n\t\t\t\t\t<div class=\"elementor-column elementor-col-100 elementor-top-column elementor-element elementor-element-a9101d1\" data-id=\"a9101d1\" data-element_type=\"column\" data-e-type=\"column\">\n\t\t\t<div class=\"elementor-widget-wrap elementor-element-populated\">\n\t\t\t\t\t\t<div class=\"elementor-element elementor-element-061f6a6 elementor-widget elementor-widget-image\" data-id=\"061f6a6\" data-element_type=\"widget\" data-e-type=\"widget\" data-widget_type=\"image.default\">\n\t\t\t\t<div class=\"elementor-widget-container\">\n\t\t\t\t\t\t\t\t\t\t\t\t\t\t\t<img loading=\"lazy\" decoding=\"async\" width=\"768\" height=\"390\" src=\"https:\/\/gbwn.net\/wp-content\/uploads\/2020\/12\/step-5-768x390.png\" class=\"attachment-medium_large size-medium_large wp-image-2445\" alt=\"\" srcset=\"https:\/\/gbwn.net\/wp-content\/uploads\/2020\/12\/step-5-768x390.png 768w, https:\/\/gbwn.net\/wp-content\/uploads\/2020\/12\/step-5-300x152.png 300w, https:\/\/gbwn.net\/wp-content\/uploads\/2020\/12\/step-5-1024x520.png 1024w, https:\/\/gbwn.net\/wp-content\/uploads\/2020\/12\/step-5-1536x780.png 1536w, https:\/\/gbwn.net\/wp-content\/uploads\/2020\/12\/step-5-825x419.png 825w, https:\/\/gbwn.net\/wp-content\/uploads\/2020\/12\/step-5-600x305.png 600w, https:\/\/gbwn.net\/wp-content\/uploads\/2020\/12\/step-5-400x203.png 400w, https:\/\/gbwn.net\/wp-content\/uploads\/2020\/12\/step-5.png 1714w\" sizes=\"(max-width: 768px) 100vw, 768px\" \/>\t\t\t\t\t\t\t\t\t\t\t\t\t\t\t<\/div>\n\t\t\t\t<\/div>\n\t\t\t\t\t<\/div>\n\t\t<\/div>\n\t\t\t\t\t<\/div>\n\t\t<\/section>\n\t\t\t\t<section class=\"elementor-section elementor-top-section elementor-element elementor-element-a0b9ed2 elementor-section-boxed elementor-section-height-default elementor-section-height-default\" data-id=\"a0b9ed2\" data-element_type=\"section\" data-e-type=\"section\">\n\t\t\t\t\t\t<div class=\"elementor-container elementor-column-gap-default\">\n\t\t\t\t\t<div class=\"elementor-column elementor-col-100 elementor-top-column elementor-element elementor-element-d9c34f7\" data-id=\"d9c34f7\" data-element_type=\"column\" data-e-type=\"column\">\n\t\t\t<div class=\"elementor-widget-wrap elementor-element-populated\">\n\t\t\t\t\t\t<div class=\"elementor-element elementor-element-2cc806a elementor-widget elementor-widget-text-editor\" data-id=\"2cc806a\" data-element_type=\"widget\" data-e-type=\"widget\" data-widget_type=\"text-editor.default\">\n\t\t\t\t<div class=\"elementor-widget-container\">\n\t\t\t\t\t\t\t\t\t<p><strong>\u00a0(!) IMPORTANT: VOR FI CAZURI C\u00c2ND O PERSOAN\u0102 VA DORI S\u0102-\u0218I \u00ceNREGISTREZE PE PLATFORM\u0102 AT\u00c2T ORGANIZA\u021aIA, C\u00c2T \u0218I PROIECTUL, SAU S\u0102-\u0218I \u00ceNREGISTREZE PROIECTUL \u0218I S\u0102 SE \u00ceNREGISTREZE\u00a0 CA EXPERT. \u00ceN ACEST CAZ, VA TREBUI S\u0102 UTILIZA\u021aI DOU\u0102 ADRESE DE E-MAIL DIFERITE. ACESTA SE SOLICIT\u0102 DIN MOTIVE DE SECURITATE.<\/strong><\/p>\t\t\t\t\t\t\t\t<\/div>\n\t\t\t\t<\/div>\n\t\t\t\t\t<\/div>\n\t\t<\/div>\n\t\t\t\t\t<\/div>\n\t\t<\/section>\n\t\t\t\t<\/div>\n\t\t","protected":false},"excerpt":{"rendered":"<p>Ne propunem ca re\u021beaua GBWN s\u0103 devin\u0103 o platform\u0103 lider pentru schimbarea politicilor \u0219i un spa\u021biu de dialog care reune\u0219te activi\u0219ti civici, exper\u021bi \u0219i persoane afiliate diferitor proiecte, care lucreaz\u0103 \u0219i pledeaz\u0103 pentru egalitatea de gen \u0219i pentru bugete sensibile la gen. Platforma se dore\u0219te a fi un spa\u021biu comun, care ofer\u0103 date \u0219i recomand\u0103ri [&hellip;]<\/p>\n","protected":false},"author":5,"featured_media":0,"parent":0,"menu_order":0,"comment_status":"closed","ping_status":"closed","template":"elementor_header_footer","meta":{"_monsterinsights_skip_tracking":false,"_monsterinsights_sitenote_active":false,"_monsterinsights_sitenote_note":"","_monsterinsights_sitenote_category":0,"footnotes":""},"class_list":["post-2735","page","type-page","status-publish","hentry"],"_links":{"self":[{"href":"https:\/\/gbwn.net\/ro\/wp-json\/wp\/v2\/pages\/2735","targetHints":{"allow":["GET"]}}],"collection":[{"href":"https:\/\/gbwn.net\/ro\/wp-json\/wp\/v2\/pages"}],"about":[{"href":"https:\/\/gbwn.net\/ro\/wp-json\/wp\/v2\/types\/page"}],"author":[{"embeddable":true,"href":"https:\/\/gbwn.net\/ro\/wp-json\/wp\/v2\/users\/5"}],"replies":[{"embeddable":true,"href":"https:\/\/gbwn.net\/ro\/wp-json\/wp\/v2\/comments?post=2735"}],"version-history":[{"count":3,"href":"https:\/\/gbwn.net\/ro\/wp-json\/wp\/v2\/pages\/2735\/revisions"}],"predecessor-version":[{"id":3141,"href":"https:\/\/gbwn.net\/ro\/wp-json\/wp\/v2\/pages\/2735\/revisions\/3141"}],"wp:attachment":[{"href":"https:\/\/gbwn.net\/ro\/wp-json\/wp\/v2\/media?parent=2735"}],"curies":[{"name":"wp","href":"https:\/\/api.w.org\/{rel}","templated":true}]}}