{"id":2631,"date":"2021-01-22T12:42:19","date_gmt":"2021-01-22T10:42:19","guid":{"rendered":"https:\/\/gbwn.net\/?page_id=2631"},"modified":"2024-10-04T10:00:33","modified_gmt":"2024-10-04T08:00:33","slug":"contributii","status":"publish","type":"page","link":"https:\/\/gbwn.net\/ro\/contributii\/","title":{"rendered":"Contribu\u021bii"},"content":{"rendered":"\t\t<div data-elementor-type=\"wp-post\" data-elementor-id=\"2631\" class=\"elementor elementor-2631\" data-elementor-post-type=\"page\">\n\t\t\t\t<div class=\"elementor-element elementor-element-4bbab6e e-flex e-con-boxed e-con e-parent\" data-id=\"4bbab6e\" data-element_type=\"container\" data-e-type=\"container\">\n\t\t\t\t\t<div class=\"e-con-inner\">\n\t\t<div class=\"elementor-element elementor-element-c349b6d e-con-full e-flex e-con e-child\" data-id=\"c349b6d\" data-element_type=\"container\" data-e-type=\"container\">\n\t\t\t\t<div class=\"elementor-element elementor-element-e040f6d elementor-headline--style-highlight elementor-widget elementor-widget-animated-headline\" data-id=\"e040f6d\" data-element_type=\"widget\" data-e-type=\"widget\" data-settings=\"{&quot;marker&quot;:&quot;curly&quot;,&quot;highlighted_text&quot;:&quot;Contribu\\u021bii&quot;,&quot;headline_style&quot;:&quot;highlight&quot;,&quot;highlight_animation_duration&quot;:1200}\" data-widget_type=\"animated-headline.default\">\n\t\t\t\t<div class=\"elementor-widget-container\">\n\t\t\t\t\t\t\t<h3 class=\"elementor-headline\">\n\t\t\t\t<span class=\"elementor-headline-dynamic-wrapper elementor-headline-text-wrapper\">\n\t\t\t\t\t<span class=\"elementor-headline-dynamic-text elementor-headline-text-active\">Contribu\u021bii<\/span>\n\t\t\t\t<\/span>\n\t\t\t\t<\/h3>\n\t\t\t\t\t\t<\/div>\n\t\t\t\t<\/div>\n\t\t\t\t<\/div>\n\t\t<div class=\"elementor-element elementor-element-737cf4a e-flex e-con-boxed e-con e-child\" data-id=\"737cf4a\" data-element_type=\"container\" data-e-type=\"container\">\n\t\t\t\t\t<div class=\"e-con-inner\">\n\t\t<div class=\"elementor-element elementor-element-918c7e0 e-con-full e-flex e-con e-child\" data-id=\"918c7e0\" data-element_type=\"container\" data-e-type=\"container\">\n\t\t\t\t<div class=\"elementor-element elementor-element-ba051ab elementor-widget elementor-widget-heading\" data-id=\"ba051ab\" data-element_type=\"widget\" data-e-type=\"widget\" data-widget_type=\"heading.default\">\n\t\t\t\t<div class=\"elementor-widget-container\">\n\t\t\t\t\t<h2 class=\"elementor-heading-title elementor-size-default\">CRPM a prezentat comentarii  la proiectul legii organice a bugetului<\/h2>\t\t\t\t<\/div>\n\t\t\t\t<\/div>\n\t\t\t\t<\/div>\n\t\t<div class=\"elementor-element elementor-element-a6b2911 e-con-full e-flex e-con e-child\" data-id=\"a6b2911\" data-element_type=\"container\" data-e-type=\"container\">\n\t\t\t\t<div class=\"elementor-element elementor-element-59fd608 elementor-widget elementor-widget-text-editor\" data-id=\"59fd608\" data-element_type=\"widget\" data-e-type=\"widget\" data-widget_type=\"text-editor.default\">\n\t\t\t\t<div class=\"elementor-widget-container\">\n\t\t\t\t\t\t\t\t\t<p><strong>(04\/12\/2020) <\/strong><\/p><p>Ministerul Finan\u021belor din Macedinia a prezentat proiectul legii organice a bugetului, CRPM contribuind la dezbaterea public\u0103 asupra acestui subiect. \u201eLegea bugetului propus\u0103 men\u021bioneaz\u0103 bugetarea sensibil\u0103 la dimensiunea de gen doar \u00een Articolul 3, unde, unul dintre cele 11 principii bugetare se refer\u0103 la egalitatea de gen.<\/p>\t\t\t\t\t\t\t\t<\/div>\n\t\t\t\t<\/div>\n\t\t\t\t<div class=\"elementor-element elementor-element-47d2af7 elementor-widget elementor-widget-image\" data-id=\"47d2af7\" data-element_type=\"widget\" data-e-type=\"widget\" data-widget_type=\"image.default\">\n\t\t\t\t<div class=\"elementor-widget-container\">\n\t\t\t\t\t\t\t\t\t\t\t\t\t\t\t<img fetchpriority=\"high\" decoding=\"async\" width=\"768\" height=\"768\" src=\"https:\/\/gbwn.net\/wp-content\/uploads\/2020\/12\/BeFunky-collage-768x768.jpg\" class=\"attachment-medium_large size-medium_large wp-image-2198\" alt=\"\" srcset=\"https:\/\/gbwn.net\/wp-content\/uploads\/2020\/12\/BeFunky-collage-768x768.jpg 768w, https:\/\/gbwn.net\/wp-content\/uploads\/2020\/12\/BeFunky-collage-300x300.jpg 300w, https:\/\/gbwn.net\/wp-content\/uploads\/2020\/12\/BeFunky-collage-1024x1024.jpg 1024w, https:\/\/gbwn.net\/wp-content\/uploads\/2020\/12\/BeFunky-collage-150x150.jpg 150w, https:\/\/gbwn.net\/wp-content\/uploads\/2020\/12\/BeFunky-collage-1536x1536.jpg 1536w, https:\/\/gbwn.net\/wp-content\/uploads\/2020\/12\/BeFunky-collage-2048x2048.jpg 2048w, https:\/\/gbwn.net\/wp-content\/uploads\/2020\/12\/BeFunky-collage-620x620.jpg 620w, https:\/\/gbwn.net\/wp-content\/uploads\/2020\/12\/BeFunky-collage-900x900.jpg 900w, https:\/\/gbwn.net\/wp-content\/uploads\/2020\/12\/BeFunky-collage-600x600.jpg 600w, https:\/\/gbwn.net\/wp-content\/uploads\/2020\/12\/BeFunky-collage-400x400.jpg 400w\" sizes=\"(max-width: 768px) 100vw, 768px\" \/>\t\t\t\t\t\t\t\t\t\t\t\t\t\t\t<\/div>\n\t\t\t\t<\/div>\n\t\t\t\t<div class=\"elementor-element elementor-element-2109ae7 elementor-widget elementor-widget-text-editor\" data-id=\"2109ae7\" data-element_type=\"widget\" data-e-type=\"widget\" data-widget_type=\"text-editor.default\">\n\t\t\t\t<div class=\"elementor-widget-container\">\n\t\t\t\t\t\t\t\t\t<p style=\"text-align: left;\">Principiul buget\u0103rii sensibile la gen se refer\u0103 la luarea \u00een considerare a egalit\u0103\u021bii de gen \u00een faza de planificare \u0219i executare a veniturilor \u0219i cheltuielilor bugetare. Re\u021beaua de monitorizare a bugetelor sensibile la gen consider\u0103 c\u0103 nu este suficient \u0219i a prezentat urm\u0103toarele\u00a0<a href=\"https:\/\/gbwn.net\/wp-content\/uploads\/2020\/12\/Comments-from-CRPM-on-Budget-law-1.docx\">comentarii<\/a>\u00a0la Legea Bugetului\u201d.<\/p>\t\t\t\t\t\t\t\t<\/div>\n\t\t\t\t<\/div>\n\t\t\t\t<\/div>\n\t\t\t\t\t<\/div>\n\t\t\t\t<\/div>\n\t\t\t\t\t<\/div>\n\t\t\t\t<\/div>\n\t\t\t\t<\/div>\n\t\t","protected":false},"excerpt":{"rendered":"<p>Contribu\u021bii CRPM a prezentat comentarii la proiectul legii organice a bugetului (04\/12\/2020) Ministerul Finan\u021belor din Macedinia a prezentat proiectul legii organice a bugetului, CRPM contribuind la dezbaterea public\u0103 asupra acestui subiect. \u201eLegea bugetului propus\u0103 men\u021bioneaz\u0103 bugetarea sensibil\u0103 la dimensiunea de gen doar \u00een Articolul 3, unde, unul dintre cele 11 principii bugetare se refer\u0103 la [&hellip;]<\/p>\n","protected":false},"author":5,"featured_media":0,"parent":0,"menu_order":0,"comment_status":"closed","ping_status":"closed","template":"elementor_header_footer","meta":{"_monsterinsights_skip_tracking":false,"_monsterinsights_sitenote_active":false,"_monsterinsights_sitenote_note":"","_monsterinsights_sitenote_category":0,"footnotes":""},"class_list":["post-2631","page","type-page","status-publish","hentry"],"_links":{"self":[{"href":"https:\/\/gbwn.net\/ro\/wp-json\/wp\/v2\/pages\/2631","targetHints":{"allow":["GET"]}}],"collection":[{"href":"https:\/\/gbwn.net\/ro\/wp-json\/wp\/v2\/pages"}],"about":[{"href":"https:\/\/gbwn.net\/ro\/wp-json\/wp\/v2\/types\/page"}],"author":[{"embeddable":true,"href":"https:\/\/gbwn.net\/ro\/wp-json\/wp\/v2\/users\/5"}],"replies":[{"embeddable":true,"href":"https:\/\/gbwn.net\/ro\/wp-json\/wp\/v2\/comments?post=2631"}],"version-history":[{"count":5,"href":"https:\/\/gbwn.net\/ro\/wp-json\/wp\/v2\/pages\/2631\/revisions"}],"predecessor-version":[{"id":13121,"href":"https:\/\/gbwn.net\/ro\/wp-json\/wp\/v2\/pages\/2631\/revisions\/13121"}],"wp:attachment":[{"href":"https:\/\/gbwn.net\/ro\/wp-json\/wp\/v2\/media?parent=2631"}],"curies":[{"name":"wp","href":"https:\/\/api.w.org\/{rel}","templated":true}]}}