{"id":14756,"date":"2023-11-22T12:31:12","date_gmt":"2023-11-22T10:31:12","guid":{"rendered":"https:\/\/gbwn.net\/grant-recipients\/"},"modified":"2025-02-14T13:55:13","modified_gmt":"2025-02-14T12:55:13","slug":"grant-recipients","status":"publish","type":"page","link":"https:\/\/gbwn.net\/mk\/grant-recipients\/","title":{"rendered":"Grant Recipients"},"content":{"rendered":"\t\t<div data-elementor-type=\"wp-page\" data-elementor-id=\"14756\" class=\"elementor elementor-14756\" data-elementor-post-type=\"page\">\n\t\t\t\t<div class=\"elementor-element elementor-element-60696e7 e-flex e-con-boxed e-con e-parent\" data-id=\"60696e7\" data-element_type=\"container\" data-e-type=\"container\">\n\t\t\t\t\t<div class=\"e-con-inner\">\n\t\t<div class=\"elementor-element elementor-element-d07c78c e-con-full e-flex e-con e-child\" data-id=\"d07c78c\" data-element_type=\"container\" data-e-type=\"container\">\n\t\t\t\t<div class=\"elementor-element elementor-element-6d2319b elementor-headline--style-highlight elementor-widget elementor-widget-animated-headline\" data-id=\"6d2319b\" data-element_type=\"widget\" data-e-type=\"widget\" data-settings=\"{&quot;marker&quot;:&quot;curly&quot;,&quot;highlighted_text&quot;:&quot;\\u0413\\u0440\\u0430\\u043d\\u0442 \\u0434\\u043e\\u0431\\u0438\\u0442\\u043d\\u0438\\u0446\\u0438&quot;,&quot;headline_style&quot;:&quot;highlight&quot;,&quot;highlight_animation_duration&quot;:1200}\" data-widget_type=\"animated-headline.default\">\n\t\t\t\t<div class=\"elementor-widget-container\">\n\t\t\t\t\t\t\t<h3 class=\"elementor-headline\">\n\t\t\t\t<span class=\"elementor-headline-dynamic-wrapper elementor-headline-text-wrapper\">\n\t\t\t\t\t<span class=\"elementor-headline-dynamic-text elementor-headline-text-active\">\u0413\u0440\u0430\u043d\u0442 \u0434\u043e\u0431\u0438\u0442\u043d\u0438\u0446\u0438<\/span>\n\t\t\t\t<\/span>\n\t\t\t\t\t<span class=\"elementor-headline-plain-text elementor-headline-text-wrapper\"> :  \u0432\u0442\u043e\u0440 \u043f\u043e\u0432\u0438\u043a \u0420\u041e\u0411 \u041a\u043b\u0438\u043c\u0430\u0442\u0441\u043a\u043e \u0444\u0438\u043d\u0430\u043d\u0441\u0438\u0440\u0430\u045a\u0435<\/span>\n\t\t\t\t\t<\/h3>\n\t\t\t\t\t\t<\/div>\n\t\t\t\t<\/div>\n\t\t\t\t<\/div>\n\t\t<div class=\"elementor-element elementor-element-1facd08 e-con-full e-flex e-con e-child\" data-id=\"1facd08\" data-element_type=\"container\" data-e-type=\"container\">\n\t\t<div class=\"elementor-element elementor-element-eb8c04f e-con-full e-flex e-con e-child\" data-id=\"eb8c04f\" data-element_type=\"container\" data-e-type=\"container\">\n\t\t\t\t<div class=\"elementor-element elementor-element-4b154b7 elementor-widget elementor-widget-heading\" data-id=\"4b154b7\" data-element_type=\"widget\" data-e-type=\"widget\" data-widget_type=\"heading.default\">\n\t\t\t\t<div class=\"elementor-widget-container\">\n\t\t\t\t\t<h2 class=\"elementor-heading-title elementor-size-small\">\u0420\u0435\u0433\u0438\u043e\u043d\u0430\u043b\u043d\u0438 \u0433\u0440\u0430\u043d\u0442\u043e\u0432\u0438<\/h2>\t\t\t\t<\/div>\n\t\t\t\t<\/div>\n\t\t\t\t<div class=\"elementor-element elementor-element-4f0793d elementor-widget elementor-widget-text-editor\" data-id=\"4f0793d\" data-element_type=\"widget\" data-e-type=\"widget\" data-widget_type=\"text-editor.default\">\n\t\t\t\t<div class=\"elementor-widget-container\">\n\t\t\t\t\t\t\t\t\t<ul><li>NGO Mosaic ( Montenegro)<\/li><li>Humanitarno udru\u017eenje \u201c\u0110ina\u201d(Serbia)<\/li><\/ul>\t\t\t\t\t\t\t\t<\/div>\n\t\t\t\t<\/div>\n\t\t\t\t<\/div>\n\t\t<div class=\"elementor-element elementor-element-89146f1 e-con-full e-flex e-con e-child\" data-id=\"89146f1\" data-element_type=\"container\" data-e-type=\"container\">\n\t\t\t\t<div class=\"elementor-element elementor-element-c38a100 elementor-widget elementor-widget-heading\" data-id=\"c38a100\" data-element_type=\"widget\" data-e-type=\"widget\" data-widget_type=\"heading.default\">\n\t\t\t\t<div class=\"elementor-widget-container\">\n\t\t\t\t\t<h2 class=\"elementor-heading-title elementor-size-small\">\u041d\u0430\u0446\u0438\u043e\u043d\u0430\u043b\u043d\u0438 \u0413\u0440\u0430\u043d\u0442\u043e\u0432\u0438 \n<\/h2>\t\t\t\t<\/div>\n\t\t\t\t<\/div>\n\t\t\t\t<div class=\"elementor-element elementor-element-88f09d5 elementor-widget elementor-widget-heading\" data-id=\"88f09d5\" data-element_type=\"widget\" data-e-type=\"widget\" data-widget_type=\"heading.default\">\n\t\t\t\t<div class=\"elementor-widget-container\">\n\t\t\t\t\t<h2 class=\"elementor-heading-title elementor-size-small\">\u0410\u043b\u0431\u0430\u043d\u0438\u0458\u0430:<\/h2>\t\t\t\t<\/div>\n\t\t\t\t<\/div>\n\t\t\t\t<div class=\"elementor-element elementor-element-8152399 elementor-widget elementor-widget-text-editor\" data-id=\"8152399\" data-element_type=\"widget\" data-e-type=\"widget\" data-widget_type=\"text-editor.default\">\n\t\t\t\t<div class=\"elementor-widget-container\">\n\t\t\t\t\t\t\t\t\t<ul><li>Albanian Center for Population and Development (ACPD)<\/li><li>CELIM Albania<\/li><\/ul>\t\t\t\t\t\t\t\t<\/div>\n\t\t\t\t<\/div>\n\t\t\t\t<\/div>\n\t\t<div class=\"elementor-element elementor-element-a2cb97c e-con-full e-flex e-con e-child\" data-id=\"a2cb97c\" data-element_type=\"container\" data-e-type=\"container\">\n\t\t\t\t<div class=\"elementor-element elementor-element-059385d elementor-widget elementor-widget-heading\" data-id=\"059385d\" data-element_type=\"widget\" data-e-type=\"widget\" data-widget_type=\"heading.default\">\n\t\t\t\t<div class=\"elementor-widget-container\">\n\t\t\t\t\t<h2 class=\"elementor-heading-title elementor-size-small\">\u0411\u043e\u0441\u043d\u0430 \u0438 \u0425\u0435\u0440\u0446\u0435\u0433\u043e\u0432\u0438\u043d\u0430:<\/h2>\t\t\t\t<\/div>\n\t\t\t\t<\/div>\n\t\t\t\t<div class=\"elementor-element elementor-element-30968eb elementor-widget elementor-widget-text-editor\" data-id=\"30968eb\" data-element_type=\"widget\" data-e-type=\"widget\" data-widget_type=\"text-editor.default\">\n\t\t\t\t<div class=\"elementor-widget-container\">\n\t\t\t\t\t\t\t\t\t<ul><li>Udruzenje zena Priroda<\/li><li>Organizacije Glas zene<\/li><\/ul>\t\t\t\t\t\t\t\t<\/div>\n\t\t\t\t<\/div>\n\t\t\t\t<\/div>\n\t\t<div class=\"elementor-element elementor-element-d4240f4 e-con-full e-flex e-con e-child\" data-id=\"d4240f4\" data-element_type=\"container\" data-e-type=\"container\">\n\t\t\t\t<div class=\"elementor-element elementor-element-bf0bbd2 elementor-widget elementor-widget-heading\" data-id=\"bf0bbd2\" data-element_type=\"widget\" data-e-type=\"widget\" data-widget_type=\"heading.default\">\n\t\t\t\t<div class=\"elementor-widget-container\">\n\t\t\t\t\t<h2 class=\"elementor-heading-title elementor-size-small\">\u041a\u043e\u0441\u043e\u0432\u043e<\/h2>\t\t\t\t<\/div>\n\t\t\t\t<\/div>\n\t\t\t\t<div class=\"elementor-element elementor-element-a575cb9 elementor-widget elementor-widget-text-editor\" data-id=\"a575cb9\" data-element_type=\"widget\" data-e-type=\"widget\" data-widget_type=\"text-editor.default\">\n\t\t\t\t<div class=\"elementor-widget-container\">\n\t\t\t\t\t\t\t\t\t<ul><li>\u00a0Mitrovica Women Association for Human Rights<\/li><li>Democracy Plus<\/li><\/ul>\t\t\t\t\t\t\t\t<\/div>\n\t\t\t\t<\/div>\n\t\t\t\t<\/div>\n\t\t<div class=\"elementor-element elementor-element-377d1a5 e-con-full e-flex e-con e-child\" data-id=\"377d1a5\" data-element_type=\"container\" data-e-type=\"container\">\n\t\t\t\t<div class=\"elementor-element elementor-element-6b3a25f elementor-widget elementor-widget-heading\" data-id=\"6b3a25f\" data-element_type=\"widget\" data-e-type=\"widget\" data-widget_type=\"heading.default\">\n\t\t\t\t<div class=\"elementor-widget-container\">\n\t\t\t\t\t<h2 class=\"elementor-heading-title elementor-size-small\">\u041c\u043e\u043b\u0434\u043e\u0432\u0438\u0458\u0430<\/h2>\t\t\t\t<\/div>\n\t\t\t\t<\/div>\n\t\t\t\t<div class=\"elementor-element elementor-element-8b626da elementor-widget elementor-widget-text-editor\" data-id=\"8b626da\" data-element_type=\"widget\" data-e-type=\"widget\" data-widget_type=\"text-editor.default\">\n\t\t\t\t<div class=\"elementor-widget-container\">\n\t\t\t\t\t\t\t\t\t<ul><li>Association for Human Rights Lex XXI<\/li><li>Clubul Politic al Femelior 50\/50<\/li><\/ul>\t\t\t\t\t\t\t\t<\/div>\n\t\t\t\t<\/div>\n\t\t\t\t<\/div>\n\t\t<div class=\"elementor-element elementor-element-cfbaa05 e-con-full e-flex e-con e-child\" data-id=\"cfbaa05\" data-element_type=\"container\" data-e-type=\"container\">\n\t\t\t\t<div class=\"elementor-element elementor-element-4dd9b41 elementor-widget elementor-widget-heading\" data-id=\"4dd9b41\" data-element_type=\"widget\" data-e-type=\"widget\" data-widget_type=\"heading.default\">\n\t\t\t\t<div class=\"elementor-widget-container\">\n\t\t\t\t\t<h2 class=\"elementor-heading-title elementor-size-small\">\u0426\u0440\u043d\u0430 \u0413\u043e\u0440\u0430<\/h2>\t\t\t\t<\/div>\n\t\t\t\t<\/div>\n\t\t\t\t<div class=\"elementor-element elementor-element-4f387b9 elementor-widget elementor-widget-text-editor\" data-id=\"4f387b9\" data-element_type=\"widget\" data-e-type=\"widget\" data-widget_type=\"text-editor.default\">\n\t\t\t\t<div class=\"elementor-widget-container\">\n\t\t\t\t\t\t\t\t\t<ul><li>CEES<\/li><li>CEDEM<\/li><\/ul>\t\t\t\t\t\t\t\t<\/div>\n\t\t\t\t<\/div>\n\t\t\t\t<\/div>\n\t\t<div class=\"elementor-element elementor-element-19e8ce3 e-con-full e-flex e-con e-child\" data-id=\"19e8ce3\" data-element_type=\"container\" data-e-type=\"container\">\n\t\t\t\t<div class=\"elementor-element elementor-element-92c9998 elementor-widget elementor-widget-heading\" data-id=\"92c9998\" data-element_type=\"widget\" data-e-type=\"widget\" data-widget_type=\"heading.default\">\n\t\t\t\t<div class=\"elementor-widget-container\">\n\t\t\t\t\t<h2 class=\"elementor-heading-title elementor-size-small\">\u0421.\u041c\u0430\u043a\u0435\u0434\u043e\u043d\u0438\u0458\u0430<\/h2>\t\t\t\t<\/div>\n\t\t\t\t<\/div>\n\t\t\t\t<div class=\"elementor-element elementor-element-9e54642 elementor-widget elementor-widget-text-editor\" data-id=\"9e54642\" data-element_type=\"widget\" data-e-type=\"widget\" data-widget_type=\"text-editor.default\">\n\t\t\t\t<div class=\"elementor-widget-container\">\n\t\t\t\t\t\t\t\t\t<ul><li>Ruralna Koalicija<\/li><li>Polimat 13<\/li><\/ul>\t\t\t\t\t\t\t\t<\/div>\n\t\t\t\t<\/div>\n\t\t\t\t<\/div>\n\t\t<div class=\"elementor-element elementor-element-68c1f4c e-con-full e-flex e-con e-child\" data-id=\"68c1f4c\" data-element_type=\"container\" data-e-type=\"container\">\n\t\t\t\t<div class=\"elementor-element elementor-element-a043c0a elementor-widget elementor-widget-heading\" data-id=\"a043c0a\" data-element_type=\"widget\" data-e-type=\"widget\" data-widget_type=\"heading.default\">\n\t\t\t\t<div class=\"elementor-widget-container\">\n\t\t\t\t\t<h2 class=\"elementor-heading-title elementor-size-small\">\u0421\u0440\u0431\u0438\u0458\u0430<\/h2>\t\t\t\t<\/div>\n\t\t\t\t<\/div>\n\t\t\t\t<div class=\"elementor-element elementor-element-4fc08f0 elementor-widget elementor-widget-text-editor\" data-id=\"4fc08f0\" data-element_type=\"widget\" data-e-type=\"widget\" data-widget_type=\"text-editor.default\">\n\t\t\t\t<div class=\"elementor-widget-container\">\n\t\t\t\t\t\t\t\t\t<ul><li>BUM<\/li><li>UCLJPD-Udru\u017eenjke U\u017ei\u010dki centar za ljudska prava i demokratiju<\/li><\/ul>\t\t\t\t\t\t\t\t<\/div>\n\t\t\t\t<\/div>\n\t\t\t\t<\/div>\n\t\t\t\t<\/div>\n\t\t\t\t<div class=\"elementor-element elementor-element-339f669 elementor-headline--style-highlight elementor-widget elementor-widget-animated-headline\" data-id=\"339f669\" data-element_type=\"widget\" data-e-type=\"widget\" data-settings=\"{&quot;marker&quot;:&quot;curly&quot;,&quot;highlighted_text&quot;:&quot;\\u0413\\u0440\\u0430\\u043d\\u0442 \\u0434\\u043e\\u0431\\u0438\\u0442\\u043d\\u0438\\u0446\\u0438&quot;,&quot;headline_style&quot;:&quot;highlight&quot;,&quot;highlight_animation_duration&quot;:1200}\" data-widget_type=\"animated-headline.default\">\n\t\t\t\t<div class=\"elementor-widget-container\">\n\t\t\t\t\t\t\t<h3 class=\"elementor-headline\">\n\t\t\t\t<span class=\"elementor-headline-dynamic-wrapper elementor-headline-text-wrapper\">\n\t\t\t\t\t<span class=\"elementor-headline-dynamic-text elementor-headline-text-active\">\u0413\u0440\u0430\u043d\u0442 \u0434\u043e\u0431\u0438\u0442\u043d\u0438\u0446\u0438<\/span>\n\t\t\t\t<\/span>\n\t\t\t\t\t<span class=\"elementor-headline-plain-text elementor-headline-text-wrapper\">: \u043f\u0440\u0432 \u043f\u043e\u0432\u0438\u043a \u0420\u041e\u0411 \u0432\u043e \u043e\u0442\u043f\u043e\u0440\u043d\u043e\u0441\u0442\u0430 \u043d\u0430 \u043a\u0440\u0438\u0437\u0438<\/span>\n\t\t\t\t\t<\/h3>\n\t\t\t\t\t\t<\/div>\n\t\t\t\t<\/div>\n\t\t<div class=\"elementor-element elementor-element-c5e7c39 e-con-full e-flex e-con e-child\" data-id=\"c5e7c39\" data-element_type=\"container\" data-e-type=\"container\">\n\t\t<div class=\"elementor-element elementor-element-7f35136 e-con-full e-flex e-con e-child\" data-id=\"7f35136\" data-element_type=\"container\" data-e-type=\"container\">\n\t\t\t\t<div class=\"elementor-element elementor-element-bce2ca0 elementor-widget elementor-widget-heading\" data-id=\"bce2ca0\" data-element_type=\"widget\" data-e-type=\"widget\" data-widget_type=\"heading.default\">\n\t\t\t\t<div class=\"elementor-widget-container\">\n\t\t\t\t\t<h2 class=\"elementor-heading-title elementor-size-small\">\u0420\u0435\u0433\u0438\u043e\u043d\u0430\u043b\u043d\u0438 \u0433\u0440\u0430\u043d\u0442\u043e\u0432\u0438<\/h2>\t\t\t\t<\/div>\n\t\t\t\t<\/div>\n\t\t\t\t<div class=\"elementor-element elementor-element-e3de924 elementor-widget elementor-widget-text-editor\" data-id=\"e3de924\" data-element_type=\"widget\" data-e-type=\"widget\" data-widget_type=\"text-editor.default\">\n\t\t\t\t<div class=\"elementor-widget-container\">\n\t\t\t\t\t\t\t\t\t<ul>\n<li>Udru\u017eenje \u017eena Priroda Bratunac (Bosnia and Herzegovina), Be\u010dejsko Udru\u017eenje Mladih (Serbia), and Journalists for human rights \u2013 JHR (N. Macedonia)<\/li>\n<li>National Council for Gender Equality Macedonia (N. Macedonia), PROTECTA (Serbia), and Centar za ljudska prava ImpAct \/ Center for Human Rights ImpAct (Bosnia and Herzegovina)<\/li>\n<\/ul>\t\t\t\t\t\t\t\t<\/div>\n\t\t\t\t<\/div>\n\t\t\t\t<\/div>\n\t\t<div class=\"elementor-element elementor-element-683a726 e-con-full e-flex e-con e-child\" data-id=\"683a726\" data-element_type=\"container\" data-e-type=\"container\">\n\t\t\t\t<div class=\"elementor-element elementor-element-373df57 elementor-widget elementor-widget-heading\" data-id=\"373df57\" data-element_type=\"widget\" data-e-type=\"widget\" data-widget_type=\"heading.default\">\n\t\t\t\t<div class=\"elementor-widget-container\">\n\t\t\t\t\t<h2 class=\"elementor-heading-title elementor-size-small\">\u041d\u0430\u0446\u0438\u043e\u043d\u0430\u043b\u043d\u0438 \u0433\u0440\u0430\u043d\u0442\u043e\u0432\u0438:<\/h2>\t\t\t\t<\/div>\n\t\t\t\t<\/div>\n\t\t\t\t<div class=\"elementor-element elementor-element-cbcb54a elementor-widget elementor-widget-heading\" data-id=\"cbcb54a\" data-element_type=\"widget\" data-e-type=\"widget\" data-widget_type=\"heading.default\">\n\t\t\t\t<div class=\"elementor-widget-container\">\n\t\t\t\t\t<h2 class=\"elementor-heading-title elementor-size-small\">\u0410\u043b\u0431\u0430\u043d\u0438\u0458\u0430:<\/h2>\t\t\t\t<\/div>\n\t\t\t\t<\/div>\n\t\t\t\t<div class=\"elementor-element elementor-element-ed5c256 elementor-widget elementor-widget-text-editor\" data-id=\"ed5c256\" data-element_type=\"widget\" data-e-type=\"widget\" data-widget_type=\"text-editor.default\">\n\t\t\t\t<div class=\"elementor-widget-container\">\n\t\t\t\t\t\t\t\t\t<ul>\n<li>Forumi i Gruas Elbasan<\/li>\n<li>Albanian Center for Population and Development<\/li>\n<\/ul>\t\t\t\t\t\t\t\t<\/div>\n\t\t\t\t<\/div>\n\t\t\t\t<\/div>\n\t\t<div class=\"elementor-element elementor-element-779ae15 e-con-full e-flex e-con e-child\" data-id=\"779ae15\" data-element_type=\"container\" data-e-type=\"container\">\n\t\t\t\t<div class=\"elementor-element elementor-element-71d2884 elementor-widget elementor-widget-heading\" data-id=\"71d2884\" data-element_type=\"widget\" data-e-type=\"widget\" data-widget_type=\"heading.default\">\n\t\t\t\t<div class=\"elementor-widget-container\">\n\t\t\t\t\t<h2 class=\"elementor-heading-title elementor-size-small\">\u0411\u043e\u0441\u043d\u0430 \u0438 \u0425\u0435\u0440\u0446\u0435\u0433\u043e\u0432\u0438\u043d\u0430:<\/h2>\t\t\t\t<\/div>\n\t\t\t\t<\/div>\n\t\t\t\t<div class=\"elementor-element elementor-element-ad80f82 elementor-widget elementor-widget-text-editor\" data-id=\"ad80f82\" data-element_type=\"widget\" data-e-type=\"widget\" data-widget_type=\"text-editor.default\">\n\t\t\t\t<div class=\"elementor-widget-container\">\n\t\t\t\t\t\t\t\t\t<ul>\n<li>TPO Foundation<\/li>\n<li>Udru\u017eenje \u017eena Maja Kravica<\/li>\n<\/ul>\t\t\t\t\t\t\t\t<\/div>\n\t\t\t\t<\/div>\n\t\t\t\t<\/div>\n\t\t<div class=\"elementor-element elementor-element-d0ee2d6 e-con-full e-flex e-con e-child\" data-id=\"d0ee2d6\" data-element_type=\"container\" data-e-type=\"container\">\n\t\t\t\t<div class=\"elementor-element elementor-element-6886bc2 elementor-widget elementor-widget-heading\" data-id=\"6886bc2\" data-element_type=\"widget\" data-e-type=\"widget\" data-widget_type=\"heading.default\">\n\t\t\t\t<div class=\"elementor-widget-container\">\n\t\t\t\t\t<h2 class=\"elementor-heading-title elementor-size-small\">K\u043e\u0441\u043e\u0432\u043e<\/h2>\t\t\t\t<\/div>\n\t\t\t\t<\/div>\n\t\t\t\t<div class=\"elementor-element elementor-element-5734e5d elementor-widget elementor-widget-text-editor\" data-id=\"5734e5d\" data-element_type=\"widget\" data-e-type=\"widget\" data-widget_type=\"text-editor.default\">\n\t\t\t\t<div class=\"elementor-widget-container\">\n\t\t\t\t\t\t\t\t\t<ul>\n<li>Ecokoswomen EKW<\/li>\n<li>MWAHR \u2013 Mitrovica Women Association for Human Rights<\/li>\n<\/ul>\t\t\t\t\t\t\t\t<\/div>\n\t\t\t\t<\/div>\n\t\t\t\t<\/div>\n\t\t<div class=\"elementor-element elementor-element-e6486bb e-con-full e-flex e-con e-child\" data-id=\"e6486bb\" data-element_type=\"container\" data-e-type=\"container\">\n\t\t\t\t<div class=\"elementor-element elementor-element-b7bea40 elementor-widget elementor-widget-heading\" data-id=\"b7bea40\" data-element_type=\"widget\" data-e-type=\"widget\" data-widget_type=\"heading.default\">\n\t\t\t\t<div class=\"elementor-widget-container\">\n\t\t\t\t\t<h2 class=\"elementor-heading-title elementor-size-small\">M\u043e\u043b\u0434\u0430\u0432\u0438\u0458\u0430<\/h2>\t\t\t\t<\/div>\n\t\t\t\t<\/div>\n\t\t\t\t<div class=\"elementor-element elementor-element-0e6d36b elementor-widget elementor-widget-text-editor\" data-id=\"0e6d36b\" data-element_type=\"widget\" data-e-type=\"widget\" data-widget_type=\"text-editor.default\">\n\t\t\t\t<div class=\"elementor-widget-container\">\n\t\t\t\t\t\t\t\t\t<ul>\n<li>Asociatia pentru Drepturile Omului Lex XXI<\/li>\n<li>EcoVisio<\/li>\n<\/ul>\t\t\t\t\t\t\t\t<\/div>\n\t\t\t\t<\/div>\n\t\t\t\t<\/div>\n\t\t<div class=\"elementor-element elementor-element-7fd69d8 e-con-full e-flex e-con e-child\" data-id=\"7fd69d8\" data-element_type=\"container\" data-e-type=\"container\">\n\t\t\t\t<div class=\"elementor-element elementor-element-705fbe0 elementor-widget elementor-widget-heading\" data-id=\"705fbe0\" data-element_type=\"widget\" data-e-type=\"widget\" data-widget_type=\"heading.default\">\n\t\t\t\t<div class=\"elementor-widget-container\">\n\t\t\t\t\t<h2 class=\"elementor-heading-title elementor-size-small\">\u0426\u0440\u043d\u0430 \u0413\u043e\u0440\u0430<\/h2>\t\t\t\t<\/div>\n\t\t\t\t<\/div>\n\t\t\t\t<div class=\"elementor-element elementor-element-3ff7786 elementor-widget elementor-widget-text-editor\" data-id=\"3ff7786\" data-element_type=\"widget\" data-e-type=\"widget\" data-widget_type=\"text-editor.default\">\n\t\t\t\t<div class=\"elementor-widget-container\">\n\t\t\t\t\t\t\t\t\t<ul>\n<li>Initiative of Youth with Disabilities of Boka \u2013 I MI Boke<\/li>\n<li>NVO Mozaik Nik\u0161i\u0107<\/li>\n<\/ul>\t\t\t\t\t\t\t\t<\/div>\n\t\t\t\t<\/div>\n\t\t\t\t<\/div>\n\t\t<div class=\"elementor-element elementor-element-d4d1e1d e-con-full e-flex e-con e-child\" data-id=\"d4d1e1d\" data-element_type=\"container\" data-e-type=\"container\">\n\t\t\t\t<div class=\"elementor-element elementor-element-1fdf73c elementor-widget elementor-widget-heading\" data-id=\"1fdf73c\" data-element_type=\"widget\" data-e-type=\"widget\" data-widget_type=\"heading.default\">\n\t\t\t\t<div class=\"elementor-widget-container\">\n\t\t\t\t\t<h2 class=\"elementor-heading-title elementor-size-small\">\u0421.\u041c\u0430\u043a\u0435\u0434\u043e\u043d\u0438\u0458\u0430<\/h2>\t\t\t\t<\/div>\n\t\t\t\t<\/div>\n\t\t\t\t<div class=\"elementor-element elementor-element-8b27c08 elementor-widget elementor-widget-text-editor\" data-id=\"8b27c08\" data-element_type=\"widget\" data-e-type=\"widget\" data-widget_type=\"text-editor.default\">\n\t\t\t\t<div class=\"elementor-widget-container\">\n\t\t\t\t\t\t\t\t\t<ul>\n<li>RADAR<\/li>\n<li>Center for research and analysis NOVUS<\/li>\n<\/ul>\t\t\t\t\t\t\t\t<\/div>\n\t\t\t\t<\/div>\n\t\t\t\t<\/div>\n\t\t<div class=\"elementor-element elementor-element-2a9ee17 e-con-full e-flex e-con e-child\" data-id=\"2a9ee17\" data-element_type=\"container\" data-e-type=\"container\">\n\t\t\t\t<div class=\"elementor-element elementor-element-cb0448d elementor-widget elementor-widget-heading\" data-id=\"cb0448d\" data-element_type=\"widget\" data-e-type=\"widget\" data-widget_type=\"heading.default\">\n\t\t\t\t<div class=\"elementor-widget-container\">\n\t\t\t\t\t<h2 class=\"elementor-heading-title elementor-size-small\">\u0421\u0440\u0431\u0438\u0458\u0430<\/h2>\t\t\t\t<\/div>\n\t\t\t\t<\/div>\n\t\t\t\t<div class=\"elementor-element elementor-element-ca08245 elementor-widget elementor-widget-text-editor\" data-id=\"ca08245\" data-element_type=\"widget\" data-e-type=\"widget\" data-widget_type=\"text-editor.default\">\n\t\t\t\t<div class=\"elementor-widget-container\">\n\t\t\t\t\t\t\t\t\t<ul>\n<li>Udru\u017eenje Roma Novi Be\u010dej<\/li>\n<li>\u017densko udru\u017eenje kolubarskog okruga<\/li>\n<\/ul>\t\t\t\t\t\t\t\t<\/div>\n\t\t\t\t<\/div>\n\t\t\t\t<\/div>\n\t\t\t\t<\/div>\n\t\t\t\t\t<\/div>\n\t\t\t\t<\/div>\n\t\t\t\t<\/div>\n\t\t","protected":false},"excerpt":{"rendered":"<p>\u0413\u0440\u0430\u043d\u0442 \u0434\u043e\u0431\u0438\u0442\u043d\u0438\u0446\u0438 : \u0432\u0442\u043e\u0440 \u043f\u043e\u0432\u0438\u043a \u0420\u041e\u0411 \u041a\u043b\u0438\u043c\u0430\u0442\u0441\u043a\u043e \u0444\u0438\u043d\u0430\u043d\u0441\u0438\u0440\u0430\u045a\u0435 \u0420\u0435\u0433\u0438\u043e\u043d\u0430\u043b\u043d\u0438 \u0433\u0440\u0430\u043d\u0442\u043e\u0432\u0438 NGO Mosaic ( Montenegro) Humanitarno udru\u017eenje \u201c\u0110ina\u201d(Serbia) \u041d\u0430\u0446\u0438\u043e\u043d\u0430\u043b\u043d\u0438 \u0413\u0440\u0430\u043d\u0442\u043e\u0432\u0438 \u0410\u043b\u0431\u0430\u043d\u0438\u0458\u0430: Albanian Center for Population and Development (ACPD) CELIM Albania \u0411\u043e\u0441\u043d\u0430 \u0438 \u0425\u0435\u0440\u0446\u0435\u0433\u043e\u0432\u0438\u043d\u0430: Udruzenje zena Priroda Organizacije Glas zene \u041a\u043e\u0441\u043e\u0432\u043e \u00a0Mitrovica Women Association for Human Rights Democracy Plus \u041c\u043e\u043b\u0434\u043e\u0432\u0438\u0458\u0430 Association for Human Rights Lex XXI Clubul [&hellip;]<\/p>\n","protected":false},"author":69,"featured_media":0,"parent":0,"menu_order":0,"comment_status":"closed","ping_status":"closed","template":"elementor_header_footer","meta":{"_monsterinsights_skip_tracking":false,"_monsterinsights_sitenote_active":false,"_monsterinsights_sitenote_note":"","_monsterinsights_sitenote_category":0,"footnotes":""},"class_list":["post-14756","page","type-page","status-publish","hentry"],"_links":{"self":[{"href":"https:\/\/gbwn.net\/mk\/wp-json\/wp\/v2\/pages\/14756","targetHints":{"allow":["GET"]}}],"collection":[{"href":"https:\/\/gbwn.net\/mk\/wp-json\/wp\/v2\/pages"}],"about":[{"href":"https:\/\/gbwn.net\/mk\/wp-json\/wp\/v2\/types\/page"}],"author":[{"embeddable":true,"href":"https:\/\/gbwn.net\/mk\/wp-json\/wp\/v2\/users\/69"}],"replies":[{"embeddable":true,"href":"https:\/\/gbwn.net\/mk\/wp-json\/wp\/v2\/comments?post=14756"}],"version-history":[{"count":16,"href":"https:\/\/gbwn.net\/mk\/wp-json\/wp\/v2\/pages\/14756\/revisions"}],"predecessor-version":[{"id":16225,"href":"https:\/\/gbwn.net\/mk\/wp-json\/wp\/v2\/pages\/14756\/revisions\/16225"}],"wp:attachment":[{"href":"https:\/\/gbwn.net\/mk\/wp-json\/wp\/v2\/media?parent=14756"}],"curies":[{"name":"wp","href":"https:\/\/api.w.org\/{rel}","templated":true}]}}